{"id":427,"date":"2023-03-08T00:33:14","date_gmt":"2023-03-07T17:33:14","guid":{"rendered":"http:\/\/school.sunshinevn.com\/?page_id=427"},"modified":"2025-10-25T11:06:40","modified_gmt":"2025-10-25T04:06:40","slug":"lien-he","status":"publish","type":"page","link":"https:\/\/ibi-global.com\/vi\/lien-he\/","title":{"rendered":"Li\u00ean h\u1ec7"},"content":{"rendered":"<h2 class=\"news-detail-title\">Li\u00ean h\u1ec7<\/h2>\n<p style=\"text-align: center;\"><strong><em>&#8212;&#8212;&#8211; We listen &amp; care &#8212;&#8212;&#8211;<\/em><\/strong><\/p>\n<table border=\"1\" cellspacing=\"1\" cellpadding=\"1\">\n<tbody>\n<tr>\n<td><span style=\"color: #efbf04;\"><strong>IBI Global | Vietnam<\/strong><\/span><\/p>\n<p><strong>\u0110C: <\/strong>356\/9 XVNT, Ph\u01b0\u1eddng 25, Qu\u1eadn B\u00ecnh Th\u1ea1nh, Tp.HCM.<br \/><strong>Email:<\/strong> info@ibi-global.com | <strong>WhatsApp:<\/strong> (+84)90.771.5835<\/p>\n<\/td>\n<\/tr>\n<tr>\n<td><a href=\"https:\/\/ibi-global.com\/contact-us\/\"><strong>V\u0103n ph\u00f2ng \u0111\u1ed1i t\u00e1c IBI Global tr\u00ean th\u1ebf gi\u1edbi\u00a0<\/strong><\/a><\/td>\n<\/tr>\n<\/tbody>\n<\/table>\n","protected":false},"excerpt":{"rendered":"<p>Li\u00ean h\u1ec7 &#8212;&#8212;&#8211; We listen &amp; care &#8212;&#8212;&#8211; IBI Global | Vietnam \u0110C: 356\/9 XVNT, Ph\u01b0\u1eddng 25, Qu\u1eadn B\u00ecnh Th\u1ea1nh, Tp.HCM.Email: info@ibi-global.com | WhatsApp: (+84)90.771.5835 V\u0103n ph\u00f2ng \u0111\u1ed1i t\u00e1c IBI Global tr\u00ean th\u1ebf gi\u1edbi\u00a0<\/p>\n","protected":false},"author":1,"featured_media":0,"parent":0,"menu_order":0,"comment_status":"closed","ping_status":"closed","template":"","meta":{"footnotes":""},"class_list":["post-427","page","type-page","status-publish","hentry"],"yoast_head":"<!-- This site is optimized with the Yoast SEO plugin v20.3 - https:\/\/yoast.com\/wordpress\/plugins\/seo\/ -->\n<title>Li\u00ean h\u1ec7<\/title>\n<meta name=\"description\" content=\"IBI Global | Vietnam\u0110C: 356\/9 XVNT, Ph\u01b0\u1eddng 25, Qu\u1eadn B\u00ecnh Th\u1ea1nh, Tp.HCM.Email: info@ibi-global.com | WhatsApp: (+84)90.771.5835\" \/>\n<meta name=\"robots\" content=\"index, follow, max-snippet:-1, max-image-preview:large, max-video-preview:-1\" \/>\n<link rel=\"canonical\" href=\"https:\/\/ibi-global.com\/vi\/lien-he\/\" \/>\n<meta property=\"og:locale\" content=\"vi_VN\" \/>\n<meta property=\"og:type\" content=\"article\" \/>\n<meta property=\"og:title\" content=\"Li\u00ean h\u1ec7\" \/>\n<meta property=\"og:description\" content=\"IBI Global | Vietnam\u0110C: 356\/9 XVNT, Ph\u01b0\u1eddng 25, Qu\u1eadn B\u00ecnh Th\u1ea1nh, Tp.HCM.Email: info@ibi-global.com | WhatsApp: (+84)90.771.5835\" \/>\n<meta property=\"og:url\" content=\"https:\/\/ibi-global.com\/vi\/lien-he\/\" \/>\n<meta property=\"og:site_name\" content=\"IBI Global - Vietnam\" \/>\n<meta property=\"article:publisher\" content=\"https:\/\/www.facebook.com\/ibischool.vietnam\" \/>\n<meta property=\"article:modified_time\" content=\"2025-10-25T04:06:40+00:00\" \/>\n<meta name=\"twitter:card\" content=\"summary_large_image\" \/>\n<meta name=\"twitter:site\" content=\"@flipped_ibi\" \/>\n<meta name=\"twitter:label1\" content=\"Est. reading time\" \/>\n\t<meta name=\"twitter:data1\" content=\"1 minute\" \/>\n<script type=\"application\/ld+json\" class=\"yoast-schema-graph\">{\"@context\":\"https:\/\/schema.org\",\"@graph\":[{\"@type\":\"WebPage\",\"@id\":\"https:\/\/ibi-global.com\/vi\/lien-he\/\",\"url\":\"https:\/\/ibi-global.com\/vi\/lien-he\/\",\"name\":\"Li\u00ean h\u1ec7\",\"isPartOf\":{\"@id\":\"https:\/\/ibi-global.com\/vi\/#website\"},\"datePublished\":\"2023-03-07T17:33:14+00:00\",\"dateModified\":\"2025-10-25T04:06:40+00:00\",\"description\":\"IBI Global | Vietnam\u0110C: 356\/9 XVNT, Ph\u01b0\u1eddng 25, Qu\u1eadn B\u00ecnh Th\u1ea1nh, Tp.HCM.Email: info@ibi-global.com | WhatsApp: (+84)90.771.5835\",\"breadcrumb\":{\"@id\":\"https:\/\/ibi-global.com\/vi\/lien-he\/#breadcrumb\"},\"inLanguage\":\"vi-VN\",\"potentialAction\":[{\"@type\":\"ReadAction\",\"target\":[\"https:\/\/ibi-global.com\/vi\/lien-he\/\"]}]},{\"@type\":\"BreadcrumbList\",\"@id\":\"https:\/\/ibi-global.com\/vi\/lien-he\/#breadcrumb\",\"itemListElement\":[{\"@type\":\"ListItem\",\"position\":1,\"name\":\"Home\",\"item\":\"https:\/\/ibi-global.com\/vi\/\"},{\"@type\":\"ListItem\",\"position\":2,\"name\":\"Li\u00ean h\u1ec7\"}]},{\"@type\":\"WebSite\",\"@id\":\"https:\/\/ibi-global.com\/vi\/#website\",\"url\":\"https:\/\/ibi-global.com\/vi\/\",\"name\":\"IBI Global - Vietnam\",\"description\":\"H\u1ecdc Ti\u1ebfng Anh Th\u01b0\u01a1ng M\u1ea1i V\u00e0 K\u1ef9 N\u0103ng Kinh Doanh Online\",\"publisher\":{\"@id\":\"https:\/\/ibi-global.com\/vi\/#organization\"},\"potentialAction\":[{\"@type\":\"SearchAction\",\"target\":{\"@type\":\"EntryPoint\",\"urlTemplate\":\"https:\/\/ibi-global.com\/vi\/?s={search_term_string}\"},\"query-input\":\"required name=search_term_string\"}],\"inLanguage\":\"vi-VN\"},{\"@type\":\"Organization\",\"@id\":\"https:\/\/ibi-global.com\/vi\/#organization\",\"name\":\"IBI Global\",\"url\":\"https:\/\/ibi-global.com\/vi\/\",\"logo\":{\"@type\":\"ImageObject\",\"inLanguage\":\"vi-VN\",\"@id\":\"https:\/\/ibi-global.com\/vi\/#\/schema\/logo\/image\/\",\"url\":\"https:\/\/school.ibi-global.com\/wp-content\/uploads\/2023\/03\/ibi-school-logo-9168.png\",\"contentUrl\":\"https:\/\/school.ibi-global.com\/wp-content\/uploads\/2023\/03\/ibi-school-logo-9168.png\",\"width\":500,\"height\":435,\"caption\":\"IBI Global\"},\"image\":{\"@id\":\"https:\/\/ibi-global.com\/vi\/#\/schema\/logo\/image\/\"},\"sameAs\":[\"https:\/\/www.facebook.com\/ibischool.vietnam\",\"https:\/\/twitter.com\/flipped_ibi\",\"https:\/\/vn.linkedin.com\/company\/ibi-school\",\"https:\/\/www.youtube.com\/channel\/UClAXxp1l9MgKTQiwyGKT8QA\"]}]}<\/script>\n<!-- \/ Yoast SEO plugin. -->","yoast_head_json":{"title":"Li\u00ean h\u1ec7","description":"IBI Global | Vietnam\u0110C: 356\/9 XVNT, Ph\u01b0\u1eddng 25, Qu\u1eadn B\u00ecnh Th\u1ea1nh, Tp.HCM.Email: info@ibi-global.com | WhatsApp: (+84)90.771.5835","robots":{"index":"index","follow":"follow","max-snippet":"max-snippet:-1","max-image-preview":"max-image-preview:large","max-video-preview":"max-video-preview:-1"},"canonical":"https:\/\/ibi-global.com\/vi\/lien-he\/","og_locale":"vi_VN","og_type":"article","og_title":"Li\u00ean h\u1ec7","og_description":"IBI Global | Vietnam\u0110C: 356\/9 XVNT, Ph\u01b0\u1eddng 25, Qu\u1eadn B\u00ecnh Th\u1ea1nh, Tp.HCM.Email: info@ibi-global.com | WhatsApp: (+84)90.771.5835","og_url":"https:\/\/ibi-global.com\/vi\/lien-he\/","og_site_name":"IBI Global - Vietnam","article_publisher":"https:\/\/www.facebook.com\/ibischool.vietnam","article_modified_time":"2025-10-25T04:06:40+00:00","twitter_card":"summary_large_image","twitter_site":"@flipped_ibi","twitter_misc":{"Est. reading time":"1 minute"},"schema":{"@context":"https:\/\/schema.org","@graph":[{"@type":"WebPage","@id":"https:\/\/ibi-global.com\/vi\/lien-he\/","url":"https:\/\/ibi-global.com\/vi\/lien-he\/","name":"Li\u00ean h\u1ec7","isPartOf":{"@id":"https:\/\/ibi-global.com\/vi\/#website"},"datePublished":"2023-03-07T17:33:14+00:00","dateModified":"2025-10-25T04:06:40+00:00","description":"IBI Global | Vietnam\u0110C: 356\/9 XVNT, Ph\u01b0\u1eddng 25, Qu\u1eadn B\u00ecnh Th\u1ea1nh, Tp.HCM.Email: info@ibi-global.com | WhatsApp: (+84)90.771.5835","breadcrumb":{"@id":"https:\/\/ibi-global.com\/vi\/lien-he\/#breadcrumb"},"inLanguage":"vi-VN","potentialAction":[{"@type":"ReadAction","target":["https:\/\/ibi-global.com\/vi\/lien-he\/"]}]},{"@type":"BreadcrumbList","@id":"https:\/\/ibi-global.com\/vi\/lien-he\/#breadcrumb","itemListElement":[{"@type":"ListItem","position":1,"name":"Home","item":"https:\/\/ibi-global.com\/vi\/"},{"@type":"ListItem","position":2,"name":"Li\u00ean h\u1ec7"}]},{"@type":"WebSite","@id":"https:\/\/ibi-global.com\/vi\/#website","url":"https:\/\/ibi-global.com\/vi\/","name":"IBI Global - Vietnam","description":"H\u1ecdc Ti\u1ebfng Anh Th\u01b0\u01a1ng M\u1ea1i V\u00e0 K\u1ef9 N\u0103ng Kinh Doanh Online","publisher":{"@id":"https:\/\/ibi-global.com\/vi\/#organization"},"potentialAction":[{"@type":"SearchAction","target":{"@type":"EntryPoint","urlTemplate":"https:\/\/ibi-global.com\/vi\/?s={search_term_string}"},"query-input":"required name=search_term_string"}],"inLanguage":"vi-VN"},{"@type":"Organization","@id":"https:\/\/ibi-global.com\/vi\/#organization","name":"IBI Global","url":"https:\/\/ibi-global.com\/vi\/","logo":{"@type":"ImageObject","inLanguage":"vi-VN","@id":"https:\/\/ibi-global.com\/vi\/#\/schema\/logo\/image\/","url":"https:\/\/school.ibi-global.com\/wp-content\/uploads\/2023\/03\/ibi-school-logo-9168.png","contentUrl":"https:\/\/school.ibi-global.com\/wp-content\/uploads\/2023\/03\/ibi-school-logo-9168.png","width":500,"height":435,"caption":"IBI Global"},"image":{"@id":"https:\/\/ibi-global.com\/vi\/#\/schema\/logo\/image\/"},"sameAs":["https:\/\/www.facebook.com\/ibischool.vietnam","https:\/\/twitter.com\/flipped_ibi","https:\/\/vn.linkedin.com\/company\/ibi-school","https:\/\/www.youtube.com\/channel\/UClAXxp1l9MgKTQiwyGKT8QA"]}]}},"_links":{"self":[{"href":"https:\/\/ibi-global.com\/vi\/wp-json\/wp\/v2\/pages\/427","targetHints":{"allow":["GET"]}}],"collection":[{"href":"https:\/\/ibi-global.com\/vi\/wp-json\/wp\/v2\/pages"}],"about":[{"href":"https:\/\/ibi-global.com\/vi\/wp-json\/wp\/v2\/types\/page"}],"author":[{"embeddable":true,"href":"https:\/\/ibi-global.com\/vi\/wp-json\/wp\/v2\/users\/1"}],"replies":[{"embeddable":true,"href":"https:\/\/ibi-global.com\/vi\/wp-json\/wp\/v2\/comments?post=427"}],"version-history":[{"count":13,"href":"https:\/\/ibi-global.com\/vi\/wp-json\/wp\/v2\/pages\/427\/revisions"}],"predecessor-version":[{"id":2685,"href":"https:\/\/ibi-global.com\/vi\/wp-json\/wp\/v2\/pages\/427\/revisions\/2685"}],"wp:attachment":[{"href":"https:\/\/ibi-global.com\/vi\/wp-json\/wp\/v2\/media?parent=427"}],"curies":[{"name":"wp","href":"https:\/\/api.w.org\/{rel}","templated":true}]}}