{"id":407,"date":"2023-03-08T00:07:33","date_gmt":"2023-03-07T17:07:33","guid":{"rendered":"http:\/\/school.sunshinevn.com\/?page_id=407"},"modified":"2026-02-02T10:50:57","modified_gmt":"2026-02-02T03:50:57","slug":"eblended","status":"publish","type":"page","link":"https:\/\/ibi-global.com\/vi\/mo-hinh-hoc\/eblended\/","title":{"rendered":"eBlended | M\u00f4 h\u00ecnh t\u00edch h\u1ee3p"},"content":{"rendered":"<h2>eBlended | M\u00f4 h\u00ecnh h\u1ecdc t\u00edch h\u1ee3p<\/h2>\n<div class=\"wysiwyg\">\n<div style=\"text-align: justify;\">Qua qu\u00e1 tr\u00ecnh gi\u1ea3ng d\u1ea1y nhi\u1ec1u n\u0103m, ch\u00fang t\u00f4i nh\u1eadn ra r\u1eb1ng m\u1ed7i ng\u01b0\u1eddi \u0111i l\u00e0m \u0111\u1ec1u c\u00f3 mong mu\u1ed1n trau d\u1ed3i ti\u1ebfng Anh\u00a0v\u00e0\u00a0c\u00e1c k\u1ef9 n\u0103ng ph\u00e1t tri\u1ec3n ngh\u1ec1 nghi\u1ec7p. Tuy nhi\u00ean, \u0111\u1ec3 t\u00ecm \u0111\u01b0\u1ee3c m\u1ed9t m\u00f4 h\u00ecnh h\u1ecdc ch\u1ea5t l\u01b0\u1ee3ng hi\u1ec7u qu\u1ea3 v\u1eeba c\u00f3 th\u1ec3\u00a0<strong>ph\u00e1t tri\u1ec3n n\u0103ng l\u1ef1c v\u00e0 t\u01b0 duy s\u00e1ng t\u1ea1o v\u00e0 c\u00e2n b\u1eb1ng \u0111\u01b0\u1ee3c c\u00f4ng vi\u1ec7c &#8211; h\u1ecdc t\u1eadp &#8211; cu\u1ed9c s\u1ed1ng v\u1edbi chi ph\u00ed ph\u00f9 h\u1ee3p<\/strong> lu\u00f4n l\u00e0 v\u1ea5n \u0111\u1ec1 \u0111\u01b0\u1ee3c quan t\u00e2m. V\u00ec v\u1eady, c\u00e1c s\u00e1ng l\u1eadp vi\u00ean IBI tr\u1ea3i qua h\u00e0ng tr\u0103m gi\u1edd nghi\u00ean c\u1ee9u v\u00e0 th\u1ea3o lu\u1eadn v\u1edbi c\u00e1c chuy\u00ean gia gi\u00e1o d\u1ee5c, c\u00e1c l\u00e3nh \u0111\u1ea1o c\u00f4ng ty, c\u00e1c chuy\u00ean gia t\u00e2m l\u00fd v\u00e0 c\u00e1c t\u1ed5 ch\u1ee9c c\u00f4ng ngh\u1ec7 h\u00e0ng \u0111\u1ea7u v\u1edbi mong mu\u1ed1n s\u00e1ng t\u1ea1o ra m\u00f4 h\u00ecnh h\u1ecdc t\u1eadp ph\u00f9 h\u1ee3p. M\u00f4 h\u00ecnh d\u1ea1y t\u00edch h\u1ee3p online IBI \u0111\u01b0\u1ee3c h\u00ecnh th\u00e0nh v\u00e0 ph\u00e1t tri\u1ec3n d\u1ef1a tr\u00ean n\u1ed5 l\u1ef1c \u0111\u00f3!<\/div>\n<div>\u00a0<\/div>\n<div style=\"text-align: justify;\">IBI ti\u00ean phong m\u00f4 h\u00ecnh d\u1ea1y ti\u1ebfng Anh v\u00e0 K\u1ef9 n\u0103ng ki\u1ebfn t\u1ea1o doanh nghi\u1ec7p d\u1ef1a tr\u00ean ph\u01b0\u01a1ng ph\u00e1p t\u00edch h\u1ee3p online ho\u00e0n to\u00e0n thay th\u1ebf l\u1edbp h\u1ecdc th\u1ef1c. Khi tham gia IBI, h\u1ecdc vi\u00ean kh\u00f4ng c\u1ea7n m\u1ea5t th\u1eddi gian v\u00e0 c\u00f4ng s\u1ee9c tham gia b\u1ea5t k\u1ef3 l\u1edbp h\u1ecdc th\u1ef1c n\u00e0o m\u00e0 v\u1eabn \u0111\u1ea1t \u0111\u01b0\u1ee3c hi\u1ec7u qu\u1ea3 mong mu\u1ed1n v\u1edbi m\u1ee9c h\u1ecdc ph\u00ed t\u1ed1t h\u01a1n.<br \/><span style=\"color: #555555;\"><br \/>Ph\u01b0\u01a1ng ph\u00e1p t\u00edch h\u1ee3p t\u1ea1i IBI (IBI blended eLearning) l\u00e0 s\u1ef1 ph\u1ed1i h\u1ee3p h\u00e0i h\u00f2a gi\u1eefa\u00a0<\/span><strong style=\"color: #555555;\"><a href=\"https:\/\/ibi-global.com\/vi\/mo-hinh-hoc\/eclasses-tu-hoc-24-7\/\">ch\u01b0\u01a1ng tr\u00ecnh t\u1ef1 h\u1ecdc 24\/7 eClasses<\/a><a href=\"https:\/\/ibi-global.com\/mo-hinh-hoc\/eclasses-tu-hoc-247\/\">\u00a0<\/a><\/strong><span style=\"color: #555555;\">v\u00e0\u00a0<\/span><a href=\"https:\/\/ibi-global.com\/vi\/mo-hinh-hoc\/econversations-lop-hoc-live\/\"><strong>h\u1ec7 th\u1ed1ng live classroom &#8211; eConversations<\/strong>\u00a0<\/a><span style=\"color: #555555;\">gi\u00fap ng\u01b0\u1eddi h\u1ecdc ph\u00e1t tri\u1ec3n h\u00e0i h\u00f2a c\u00e1c k\u1ef9 n\u0103ng ti\u1ebfng Anh v\u00e0 k\u1ef9 n\u0103ng ki\u1ebfn t\u1ea1o doanh nghi\u1ec7p m\u00e0 kh\u00f4ng c\u1ea7n tham gia b\u1ea5t k\u1ef3 l\u1edbp h\u1ecdc th\u1ef1c truy\u1ec1n th\u1ed1ng n\u00e0o.<\/span><\/div>\n<div>\u00a0<\/div>\n<div style=\"text-align: justify;\">\n<p><strong>C\u00e1c \u0111\u1eb7c t\u00ednh m\u00f4 h\u00ecnh eBlended<\/strong><\/p>\n<\/div>\n<ul>\n<li style=\"list-style-type: none;\">\n<ul style=\"text-align: justify;\">\n<li><strong>K\u1ebft h\u1ee3p h\u00e0i h\u00f2a:\u00a0<\/strong>S\u1ef1 ph\u1ed1i h\u1ee3p h\u00e0i h\u00f2a gi\u1eefa ch\u01b0\u01a1ng tr\u00ecnh t\u1ef1 h\u1ecdc &#8211; eClasses v\u00e0 h\u1ec7 th\u1ed1ng live classroom &#8211; eConversations gi\u00fap ng\u01b0\u1eddi h\u1ecdc ph\u00e1t tri\u1ec3n h\u00e0i h\u00f2a c\u00e1c k\u1ef9 n\u0103ng ti\u1ebfng Anh v\u00e0 k\u1ef9 n\u0103ng ki\u1ebfn t\u1ea1o doanh nghi\u1ec7p m\u00e0 kh\u00f4ng c\u1ea7n tham gia b\u1ea5t k\u1ef3 l\u1edbp h\u1ecdc th\u1ef1c truy\u1ec1n th\u1ed1ng n\u00e0o.<\/li>\n<li><strong>T\u1ef1 \u0111\u1ed9ng h\u00f3a:<\/strong>\u00a0H\u1ec7 th\u1ed1ng IBI \u0111\u01b0\u1ee3c t\u1ef1 \u0111\u1ed9ng h\u00f3a t\u1eeb quy tr\u00ecnh \u0111\u0103ng k\u00fd, \u0111\u00f3ng h\u1ecdc ph\u00ed, tham gia l\u1edbp h\u1ecdc v\u00e0 b\u00e1o c\u00e1o gi\u00fap ng\u01b0\u1eddi h\u1ecdc t\u1ef1 ch\u1ee7 v\u1edbi kh\u00f3a h\u1ecdc c\u1ee7a m\u00ecnh, t\u1eeb \u0111\u00f3 mang l\u1ea1i c\u1ea3m gi\u00e1c thu\u1eadn ti\u1ec7n v\u00e0 nh\u1eb9 nh\u00e0ng cho ng\u01b0\u1eddi h\u1ecdc.<\/li>\n<li><strong>Ph\u1ed1i h\u1ee3p:<\/strong>\u00a0S\u1ef1 ph\u1ed1i h\u1ee3p ch\u1eb7t ch\u1ebb gi\u1eefa ph\u01b0\u01a1ng ph\u00e1p s\u00e1ng t\u1ea1o, s\u1ef1 th\u1ea5u hi\u1ec3u ng\u01b0\u1eddi h\u1ecdc c\u00f9ng v\u1edbi vi\u1ec7c \u1ee9ng d\u1ee5ng c\u00f4ng ngh\u1ec7 hi\u1ec7n \u0111\u1ea1i gi\u00fap IBI tr\u1edf th\u00e0nh h\u1ec7 sinh th\u00e1i h\u1ecdc t\u1eadp ti\u1ebfng Anh v\u00e0 k\u1ef9 n\u0103ng kinh doanh online ho\u00e0n ch\u1ec9nh v\u00e0 b\u00e0i b\u1ea3n, ho\u00e0n to\u00e0n thay th\u1ebf l\u1edbp h\u1ecdc th\u1ef1c.<\/li>\n<\/ul>\n<\/li>\n<\/ul>\n<p style=\"text-align: justify;\"><strong><br \/>1. Ph\u01b0\u01a1ng ph\u00e1p t\u00edch h\u1ee3p \u0111\u1eb7c tr\u01b0ng c\u1ee7a m\u00f4 h\u00ecnh h\u1ecdc ti\u1ebfng Anh online t\u1ea1i IBI:<\/strong><\/p>\n<p style=\"text-align: justify;\"><img decoding=\"async\" src=\"https:\/\/ibi-global.com\/userfiles\/kcfinder\/images\/So%20do%20hoc%20tap_IBI.png\" alt=\"So do hoc tap tai IBI\" \/><\/p>\n<p style=\"text-align: justify;\"><strong>C\u00e1c nghi\u00ean c\u1ee9u cho th\u1ea5y n\u1ebfu ng\u01b0\u1eddi h\u1ecdc \u0111\u01b0\u1ee3c bi\u1ebft tr\u01b0\u1edbc nh\u1eefng g\u00ec b\u1ea1n s\u1ebd h\u1ecdc, th\u00ec s\u1ef1 hi\u1ec3u b\u00e0i c\u1ee7a h\u1ecd s\u1ebd t\u0103ng 27%.\u00a0<\/strong>V\u01b0\u1ee3t l\u00ean tr\u00ean quan \u0111i\u1ec3m tr\u00ean, h\u1ecdc vi\u00ean t\u1ea1i IBI \u0111\u01b0\u1ee3c h\u1ecdc qua vi\u1ec7c ph\u1ed1i h\u1ee3p nh\u1ecbp nh\u00e0ng h\u1ecdc eClasses tr\u01b0\u1edbc v\u00e0 eConversations sau nh\u1eb1m s\u1eef d\u1ee5ng v\u00e0 ph\u00e1t huy t\u1ed1i \u0111a\u00a0c\u00e1c ki\u1ebfn th\u1ee9c v\u00e0 k\u1ef9 n\u0103ng\u00a0\u0111\u00e3 h\u1ecdc.<\/p>\n<p style=\"text-align: justify;\"><strong><br \/>2. Ph\u01b0\u01a1ng ph\u00e1p t\u00edch h\u1ee3p \u0111\u1eb7c tr\u01b0ng m\u00f4 h\u00ecnh h\u1ecdc k\u1ef9 n\u0103ng ki\u1ebfn t\u1ea1o doanh nghi\u1ec7p t\u1ea1i IBI:<\/strong><\/p>\n<div style=\"text-align: justify;\"><img decoding=\"async\" class=\"aligncenter\" src=\"https:\/\/ibi-global.com\/userfiles\/kcfinder\/images\/innovation%20coach_training%20method_IBI%20Global(1).png\" alt=\"Innovation coach_training method_IBI Global\" \/><\/div>\n<div style=\"text-align: justify;\">\u00a0<\/div>\n<div>\u00a0<\/div>\n<div style=\"text-align: justify;\">\u00a0<\/div>\n<\/div>\n","protected":false},"excerpt":{"rendered":"<p>eBlended | M\u00f4 h\u00ecnh h\u1ecdc t\u00edch h\u1ee3p Qua qu\u00e1 tr\u00ecnh gi\u1ea3ng d\u1ea1y nhi\u1ec1u n\u0103m, ch\u00fang t\u00f4i nh\u1eadn ra r\u1eb1ng m\u1ed7i ng\u01b0\u1eddi \u0111i l\u00e0m \u0111\u1ec1u c\u00f3 mong mu\u1ed1n trau d\u1ed3i ti\u1ebfng Anh\u00a0v\u00e0\u00a0c\u00e1c k\u1ef9 n\u0103ng ph\u00e1t tri\u1ec3n ngh\u1ec1 nghi\u1ec7p. Tuy nhi\u00ean, \u0111\u1ec3 t\u00ecm \u0111\u01b0\u1ee3c m\u1ed9t m\u00f4 h\u00ecnh h\u1ecdc ch\u1ea5t l\u01b0\u1ee3ng hi\u1ec7u qu\u1ea3 v\u1eeba c\u00f3 th\u1ec3\u00a0ph\u00e1t tri\u1ec3n n\u0103ng.. [&#8230;]\n","protected":false},"author":1,"featured_media":0,"parent":399,"menu_order":0,"comment_status":"closed","ping_status":"closed","template":"","meta":{"footnotes":""},"class_list":["post-407","page","type-page","status-publish","hentry"],"yoast_head":"<!-- This site is optimized with the Yoast SEO plugin v20.3 - https:\/\/yoast.com\/wordpress\/plugins\/seo\/ -->\n<title>eBlended | M\u00f4 h\u00ecnh t\u00edch h\u1ee3p<\/title>\n<meta name=\"description\" content=\"Ph\u01b0\u01a1ng ph\u00e1p t\u00edch h\u1ee3p t\u1ea1i IBI l\u00e0 s\u1ef1 ph\u1ed1i h\u1ee3p h\u00e0i h\u00f2a gi\u1eefa\u00a0ch\u01b0\u01a1ng tr\u00ecnh t\u1ef1 h\u1ecdc eClasses\u00a0v\u00e0\u00a0l\u1edbp h\u1ecdc live - eConversations\" \/>\n<meta name=\"robots\" content=\"index, follow, max-snippet:-1, max-image-preview:large, max-video-preview:-1\" \/>\n<link rel=\"canonical\" href=\"https:\/\/ibi-global.com\/vi\/mo-hinh-hoc\/eblended\/\" \/>\n<meta property=\"og:locale\" content=\"vi_VN\" \/>\n<meta property=\"og:type\" content=\"article\" \/>\n<meta property=\"og:title\" content=\"eBlended | M\u00f4 h\u00ecnh t\u00edch h\u1ee3p\" \/>\n<meta property=\"og:description\" content=\"Ph\u01b0\u01a1ng ph\u00e1p t\u00edch h\u1ee3p t\u1ea1i IBI l\u00e0 s\u1ef1 ph\u1ed1i h\u1ee3p h\u00e0i h\u00f2a gi\u1eefa\u00a0ch\u01b0\u01a1ng tr\u00ecnh t\u1ef1 h\u1ecdc eClasses\u00a0v\u00e0\u00a0l\u1edbp h\u1ecdc live - eConversations\" \/>\n<meta property=\"og:url\" content=\"https:\/\/ibi-global.com\/vi\/mo-hinh-hoc\/eblended\/\" \/>\n<meta property=\"og:site_name\" content=\"IBI Global - Vietnam\" \/>\n<meta property=\"article:publisher\" content=\"https:\/\/www.facebook.com\/ibischool.vietnam\" \/>\n<meta property=\"article:modified_time\" content=\"2026-02-02T03:50:57+00:00\" \/>\n<meta property=\"og:image\" content=\"https:\/\/ibi-global.com\/userfiles\/kcfinder\/images\/So%20do%20hoc%20tap_IBI.png\" \/>\n<meta name=\"twitter:card\" content=\"summary_large_image\" \/>\n<meta name=\"twitter:site\" content=\"@flipped_ibi\" \/>\n<meta name=\"twitter:label1\" content=\"Est. reading time\" \/>\n\t<meta name=\"twitter:data1\" content=\"3 minutes\" \/>\n<script type=\"application\/ld+json\" class=\"yoast-schema-graph\">{\"@context\":\"https:\/\/schema.org\",\"@graph\":[{\"@type\":\"WebPage\",\"@id\":\"https:\/\/ibi-global.com\/vi\/mo-hinh-hoc\/eblended\/\",\"url\":\"https:\/\/ibi-global.com\/vi\/mo-hinh-hoc\/eblended\/\",\"name\":\"eBlended | M\u00f4 h\u00ecnh t\u00edch h\u1ee3p\",\"isPartOf\":{\"@id\":\"https:\/\/ibi-global.com\/vi\/#website\"},\"datePublished\":\"2023-03-07T17:07:33+00:00\",\"dateModified\":\"2026-02-02T03:50:57+00:00\",\"description\":\"Ph\u01b0\u01a1ng ph\u00e1p t\u00edch h\u1ee3p t\u1ea1i IBI l\u00e0 s\u1ef1 ph\u1ed1i h\u1ee3p h\u00e0i h\u00f2a gi\u1eefa\u00a0ch\u01b0\u01a1ng tr\u00ecnh t\u1ef1 h\u1ecdc eClasses\u00a0v\u00e0\u00a0l\u1edbp h\u1ecdc live - eConversations\",\"breadcrumb\":{\"@id\":\"https:\/\/ibi-global.com\/vi\/mo-hinh-hoc\/eblended\/#breadcrumb\"},\"inLanguage\":\"vi-VN\",\"potentialAction\":[{\"@type\":\"ReadAction\",\"target\":[\"https:\/\/ibi-global.com\/vi\/mo-hinh-hoc\/eblended\/\"]}]},{\"@type\":\"BreadcrumbList\",\"@id\":\"https:\/\/ibi-global.com\/vi\/mo-hinh-hoc\/eblended\/#breadcrumb\",\"itemListElement\":[{\"@type\":\"ListItem\",\"position\":1,\"name\":\"Home\",\"item\":\"https:\/\/ibi-global.com\/vi\/\"},{\"@type\":\"ListItem\",\"position\":2,\"name\":\"M\u00f4 h\u00ecnh h\u1ecdc\",\"item\":\"https:\/\/ibi-global.com\/vi\/mo-hinh-hoc\/\"},{\"@type\":\"ListItem\",\"position\":3,\"name\":\"eBlended | M\u00f4 h\u00ecnh t\u00edch h\u1ee3p\"}]},{\"@type\":\"WebSite\",\"@id\":\"https:\/\/ibi-global.com\/vi\/#website\",\"url\":\"https:\/\/ibi-global.com\/vi\/\",\"name\":\"IBI Global - Vietnam\",\"description\":\"H\u1ecdc Ti\u1ebfng Anh Th\u01b0\u01a1ng M\u1ea1i V\u00e0 K\u1ef9 N\u0103ng Kinh Doanh Online\",\"publisher\":{\"@id\":\"https:\/\/ibi-global.com\/vi\/#organization\"},\"potentialAction\":[{\"@type\":\"SearchAction\",\"target\":{\"@type\":\"EntryPoint\",\"urlTemplate\":\"https:\/\/ibi-global.com\/vi\/?s={search_term_string}\"},\"query-input\":\"required name=search_term_string\"}],\"inLanguage\":\"vi-VN\"},{\"@type\":\"Organization\",\"@id\":\"https:\/\/ibi-global.com\/vi\/#organization\",\"name\":\"IBI Global\",\"url\":\"https:\/\/ibi-global.com\/vi\/\",\"logo\":{\"@type\":\"ImageObject\",\"inLanguage\":\"vi-VN\",\"@id\":\"https:\/\/ibi-global.com\/vi\/#\/schema\/logo\/image\/\",\"url\":\"https:\/\/school.ibi-global.com\/wp-content\/uploads\/2023\/03\/ibi-school-logo-9168.png\",\"contentUrl\":\"https:\/\/school.ibi-global.com\/wp-content\/uploads\/2023\/03\/ibi-school-logo-9168.png\",\"width\":500,\"height\":435,\"caption\":\"IBI Global\"},\"image\":{\"@id\":\"https:\/\/ibi-global.com\/vi\/#\/schema\/logo\/image\/\"},\"sameAs\":[\"https:\/\/www.facebook.com\/ibischool.vietnam\",\"https:\/\/twitter.com\/flipped_ibi\",\"https:\/\/vn.linkedin.com\/company\/ibi-school\",\"https:\/\/www.youtube.com\/channel\/UClAXxp1l9MgKTQiwyGKT8QA\"]}]}<\/script>\n<!-- \/ Yoast SEO plugin. -->","yoast_head_json":{"title":"eBlended | M\u00f4 h\u00ecnh t\u00edch h\u1ee3p","description":"Ph\u01b0\u01a1ng ph\u00e1p t\u00edch h\u1ee3p t\u1ea1i IBI l\u00e0 s\u1ef1 ph\u1ed1i h\u1ee3p h\u00e0i h\u00f2a gi\u1eefa\u00a0ch\u01b0\u01a1ng tr\u00ecnh t\u1ef1 h\u1ecdc eClasses\u00a0v\u00e0\u00a0l\u1edbp h\u1ecdc live - eConversations","robots":{"index":"index","follow":"follow","max-snippet":"max-snippet:-1","max-image-preview":"max-image-preview:large","max-video-preview":"max-video-preview:-1"},"canonical":"https:\/\/ibi-global.com\/vi\/mo-hinh-hoc\/eblended\/","og_locale":"vi_VN","og_type":"article","og_title":"eBlended | M\u00f4 h\u00ecnh t\u00edch h\u1ee3p","og_description":"Ph\u01b0\u01a1ng ph\u00e1p t\u00edch h\u1ee3p t\u1ea1i IBI l\u00e0 s\u1ef1 ph\u1ed1i h\u1ee3p h\u00e0i h\u00f2a gi\u1eefa\u00a0ch\u01b0\u01a1ng tr\u00ecnh t\u1ef1 h\u1ecdc eClasses\u00a0v\u00e0\u00a0l\u1edbp h\u1ecdc live - eConversations","og_url":"https:\/\/ibi-global.com\/vi\/mo-hinh-hoc\/eblended\/","og_site_name":"IBI Global - Vietnam","article_publisher":"https:\/\/www.facebook.com\/ibischool.vietnam","article_modified_time":"2026-02-02T03:50:57+00:00","og_image":[{"url":"https:\/\/ibi-global.com\/userfiles\/kcfinder\/images\/So%20do%20hoc%20tap_IBI.png"}],"twitter_card":"summary_large_image","twitter_site":"@flipped_ibi","twitter_misc":{"Est. reading time":"3 minutes"},"schema":{"@context":"https:\/\/schema.org","@graph":[{"@type":"WebPage","@id":"https:\/\/ibi-global.com\/vi\/mo-hinh-hoc\/eblended\/","url":"https:\/\/ibi-global.com\/vi\/mo-hinh-hoc\/eblended\/","name":"eBlended | M\u00f4 h\u00ecnh t\u00edch h\u1ee3p","isPartOf":{"@id":"https:\/\/ibi-global.com\/vi\/#website"},"datePublished":"2023-03-07T17:07:33+00:00","dateModified":"2026-02-02T03:50:57+00:00","description":"Ph\u01b0\u01a1ng ph\u00e1p t\u00edch h\u1ee3p t\u1ea1i IBI l\u00e0 s\u1ef1 ph\u1ed1i h\u1ee3p h\u00e0i h\u00f2a gi\u1eefa\u00a0ch\u01b0\u01a1ng tr\u00ecnh t\u1ef1 h\u1ecdc eClasses\u00a0v\u00e0\u00a0l\u1edbp h\u1ecdc live - eConversations","breadcrumb":{"@id":"https:\/\/ibi-global.com\/vi\/mo-hinh-hoc\/eblended\/#breadcrumb"},"inLanguage":"vi-VN","potentialAction":[{"@type":"ReadAction","target":["https:\/\/ibi-global.com\/vi\/mo-hinh-hoc\/eblended\/"]}]},{"@type":"BreadcrumbList","@id":"https:\/\/ibi-global.com\/vi\/mo-hinh-hoc\/eblended\/#breadcrumb","itemListElement":[{"@type":"ListItem","position":1,"name":"Home","item":"https:\/\/ibi-global.com\/vi\/"},{"@type":"ListItem","position":2,"name":"M\u00f4 h\u00ecnh h\u1ecdc","item":"https:\/\/ibi-global.com\/vi\/mo-hinh-hoc\/"},{"@type":"ListItem","position":3,"name":"eBlended | M\u00f4 h\u00ecnh t\u00edch h\u1ee3p"}]},{"@type":"WebSite","@id":"https:\/\/ibi-global.com\/vi\/#website","url":"https:\/\/ibi-global.com\/vi\/","name":"IBI Global - Vietnam","description":"H\u1ecdc Ti\u1ebfng Anh Th\u01b0\u01a1ng M\u1ea1i V\u00e0 K\u1ef9 N\u0103ng Kinh Doanh Online","publisher":{"@id":"https:\/\/ibi-global.com\/vi\/#organization"},"potentialAction":[{"@type":"SearchAction","target":{"@type":"EntryPoint","urlTemplate":"https:\/\/ibi-global.com\/vi\/?s={search_term_string}"},"query-input":"required name=search_term_string"}],"inLanguage":"vi-VN"},{"@type":"Organization","@id":"https:\/\/ibi-global.com\/vi\/#organization","name":"IBI Global","url":"https:\/\/ibi-global.com\/vi\/","logo":{"@type":"ImageObject","inLanguage":"vi-VN","@id":"https:\/\/ibi-global.com\/vi\/#\/schema\/logo\/image\/","url":"https:\/\/school.ibi-global.com\/wp-content\/uploads\/2023\/03\/ibi-school-logo-9168.png","contentUrl":"https:\/\/school.ibi-global.com\/wp-content\/uploads\/2023\/03\/ibi-school-logo-9168.png","width":500,"height":435,"caption":"IBI Global"},"image":{"@id":"https:\/\/ibi-global.com\/vi\/#\/schema\/logo\/image\/"},"sameAs":["https:\/\/www.facebook.com\/ibischool.vietnam","https:\/\/twitter.com\/flipped_ibi","https:\/\/vn.linkedin.com\/company\/ibi-school","https:\/\/www.youtube.com\/channel\/UClAXxp1l9MgKTQiwyGKT8QA"]}]}},"_links":{"self":[{"href":"https:\/\/ibi-global.com\/vi\/wp-json\/wp\/v2\/pages\/407","targetHints":{"allow":["GET"]}}],"collection":[{"href":"https:\/\/ibi-global.com\/vi\/wp-json\/wp\/v2\/pages"}],"about":[{"href":"https:\/\/ibi-global.com\/vi\/wp-json\/wp\/v2\/types\/page"}],"author":[{"embeddable":true,"href":"https:\/\/ibi-global.com\/vi\/wp-json\/wp\/v2\/users\/1"}],"replies":[{"embeddable":true,"href":"https:\/\/ibi-global.com\/vi\/wp-json\/wp\/v2\/comments?post=407"}],"version-history":[{"count":22,"href":"https:\/\/ibi-global.com\/vi\/wp-json\/wp\/v2\/pages\/407\/revisions"}],"predecessor-version":[{"id":2838,"href":"https:\/\/ibi-global.com\/vi\/wp-json\/wp\/v2\/pages\/407\/revisions\/2838"}],"up":[{"embeddable":true,"href":"https:\/\/ibi-global.com\/vi\/wp-json\/wp\/v2\/pages\/399"}],"wp:attachment":[{"href":"https:\/\/ibi-global.com\/vi\/wp-json\/wp\/v2\/media?parent=407"}],"curies":[{"name":"wp","href":"https:\/\/api.w.org\/{rel}","templated":true}]}}