{"id":404,"date":"2023-03-08T00:05:22","date_gmt":"2023-03-07T17:05:22","guid":{"rendered":"http:\/\/school.sunshinevn.com\/?page_id=404"},"modified":"2025-10-25T11:04:37","modified_gmt":"2025-10-25T04:04:37","slug":"econversations-lop-hoc-live","status":"publish","type":"page","link":"https:\/\/ibi-global.com\/vi\/mo-hinh-hoc\/econversations-lop-hoc-live\/","title":{"rendered":"eConversations | L\u1edbp h\u1ecdc live"},"content":{"rendered":"<h2>eConversations | L\u1edbp h\u1ecdc live<\/h2>\n<div class=\"wysiwyg\">\n<p style=\"text-align: justify;\"><strong>eConversations <\/strong>l\u00e0 h\u1ec7 th\u1ed1ng l\u1edbp h\u1ecdc live classroom \u0111\u01b0\u1ee3c ph\u1ed1i h\u1ee3p m\u1ed9t c\u00e1ch khoa h\u1ecdc v\u1edbi ch\u01b0\u01a1ng tr\u00ecnh eClasses nh\u1eb1m gi\u00fap h\u1ecdc vi\u00ean ph\u00e1t tri\u1ec3n to\u00e0n di\u1ec7n c\u00e1c k\u1ef9 n\u0103ng ti\u1ebfng Anh v\u00e0 k\u1ef9 n\u0103ng kinh doanh m\u00e0 kh\u00f4ng c\u1ea7n \u0111\u1ebfn tr\u01b0\u1eddng. \u0110\u00e2y m\u00f4 h\u00ecnh l\u1edbp h\u1ecdc tr\u1ef1c tuy\u1ebfn ti\u00ean ti\u1ebfn tr\u00ean th\u1ebf gi\u1edbi hi\u1ec7n nay, h\u1ec7 th\u1ed1ng \u0111\u01b0\u1ee3c trang b\u1ecb nh\u01b0 m\u1ed9t l\u1edbp h\u1ecdc th\u1ef1c bao g\u1ed3m ph\u1ea7n m\u1ec1m b\u1ea3ng tr\u1eafng, th\u1ea3o lu\u1eadn nh\u00f3m, tr\u00ecnh b\u00e0y v\u00e0 c\u00e1c c\u00f4ng c\u1ee5 l\u00e0m b\u00e0i t\u1eadp kh\u00e1c\u2026 gi\u00fap h\u1ecdc vi\u00ean v\u00e0 gi\u00e1o vi\u00ean th\u1ec3 hi\u1ec7n t\u1ed1t nh\u1ea5t b\u00e0i h\u1ecdc c\u1ee7a m\u00ecnh v\u00e0 \u0111\u1ea1t \u0111\u01b0\u1ee3c hi\u1ec7u qu\u1ea3 nh\u01b0 trong l\u1edbp h\u1ecdc th\u1ef1c.<\/p>\n<p style=\"text-align: justify;\">L\u1edbp h\u1ecdc tr\u1ef1c tuy\u1ebfn n\u00e0y gi\u00fap b\u1ea1n t\u01b0\u01a1ng t\u00e1c tr\u1ef1c ti\u1ebfp v\u1edbi \u0111\u1ed9i ng\u0169 gi\u00e1o vi\u00ean IBI v\u00e0 b\u1ea1n h\u1ecdc c\u00f9ng l\u1edbp online. B\u1ea1n s\u1ebd tr\u1ea3i nghi\u1ec7m l\u1edbp h\u1ecdc online n\u00e0y nh\u01b0 tr\u00ean m\u1ed9t l\u1edbp h\u1ecdc th\u1ef1c, th\u1ea3o lu\u1eadn theo ch\u1ee7 v\u1edbi Th\u1ea7y C\u00f4, b\u1ea1n b\u00e8 v\u00e0 tr\u00ecnh b\u00e0y nh\u01b0 tr\u00ean m\u1ed9t l\u1edbp h\u1ecdc th\u1ef1c truy\u1ec1n th\u1ed1ng.<\/p>\n<\/div>\n<p style=\"text-align: justify;\"><strong>Xem l\u1edbp h\u1ecdc demo l\u1edbp eConversations ti\u1ebfng Anh th\u01b0\u01a1ng m\u1ea1i:<\/strong><\/p>\n<p style=\"text-align: center;\"><iframe loading=\"lazy\" title=\"YouTube video player\" src=\"https:\/\/www.youtube.com\/embed\/Le9fYzrIa80?si=BA6Yl1W55mq3uD0l\" width=\"560\" height=\"315\" frameborder=\"0\" allowfullscreen=\"allowfullscreen\"><\/iframe><\/p>\n<p style=\"text-align: center;\">\u00a0<\/p>\n","protected":false},"excerpt":{"rendered":"<p>eConversations | L\u1edbp h\u1ecdc live eConversations l\u00e0 h\u1ec7 th\u1ed1ng l\u1edbp h\u1ecdc live classroom \u0111\u01b0\u1ee3c ph\u1ed1i h\u1ee3p m\u1ed9t c\u00e1ch khoa h\u1ecdc v\u1edbi ch\u01b0\u01a1ng tr\u00ecnh eClasses nh\u1eb1m gi\u00fap h\u1ecdc vi\u00ean ph\u00e1t tri\u1ec3n to\u00e0n di\u1ec7n c\u00e1c k\u1ef9 n\u0103ng ti\u1ebfng Anh v\u00e0 k\u1ef9 n\u0103ng kinh doanh m\u00e0 kh\u00f4ng c\u1ea7n \u0111\u1ebfn tr\u01b0\u1eddng. \u0110\u00e2y m\u00f4 h\u00ecnh l\u1edbp h\u1ecdc tr\u1ef1c tuy\u1ebfn ti\u00ean.. [&#8230;]\n","protected":false},"author":1,"featured_media":0,"parent":399,"menu_order":0,"comment_status":"closed","ping_status":"closed","template":"","meta":{"footnotes":""},"class_list":["post-404","page","type-page","status-publish","hentry"],"yoast_head":"<!-- This site is optimized with the Yoast SEO plugin v20.3 - https:\/\/yoast.com\/wordpress\/plugins\/seo\/ -->\n<title>eConversations | L\u1edbp h\u1ecdc live<\/title>\n<meta name=\"description\" content=\"eConversations l\u00e0 h\u1ec7 th\u1ed1ng l\u1edbp h\u1ecdc live classroom \u0111\u01b0\u1ee3c ph\u1ed1i h\u1ee3p m\u1ed9t c\u00e1ch khoa h\u1ecdc v\u1edbi ch\u01b0\u01a1ng tr\u00ecnh eClasses...\" \/>\n<meta name=\"robots\" content=\"index, follow, max-snippet:-1, max-image-preview:large, max-video-preview:-1\" \/>\n<link rel=\"canonical\" href=\"https:\/\/ibi-global.com\/vi\/mo-hinh-hoc\/econversations-lop-hoc-live\/\" \/>\n<meta property=\"og:locale\" content=\"vi_VN\" \/>\n<meta property=\"og:type\" content=\"article\" \/>\n<meta property=\"og:title\" content=\"eConversations | L\u1edbp h\u1ecdc live\" \/>\n<meta property=\"og:description\" content=\"eConversations l\u00e0 h\u1ec7 th\u1ed1ng l\u1edbp h\u1ecdc live classroom \u0111\u01b0\u1ee3c ph\u1ed1i h\u1ee3p m\u1ed9t c\u00e1ch khoa h\u1ecdc v\u1edbi ch\u01b0\u01a1ng tr\u00ecnh eClasses...\" \/>\n<meta property=\"og:url\" content=\"https:\/\/ibi-global.com\/vi\/mo-hinh-hoc\/econversations-lop-hoc-live\/\" \/>\n<meta property=\"og:site_name\" content=\"IBI Global - Vietnam\" \/>\n<meta property=\"article:publisher\" content=\"https:\/\/www.facebook.com\/ibischool.vietnam\" \/>\n<meta property=\"article:modified_time\" content=\"2025-10-25T04:04:37+00:00\" \/>\n<meta name=\"twitter:card\" content=\"summary_large_image\" \/>\n<meta name=\"twitter:site\" content=\"@flipped_ibi\" \/>\n<meta name=\"twitter:label1\" content=\"Est. reading time\" \/>\n\t<meta name=\"twitter:data1\" content=\"1 minute\" \/>\n<script type=\"application\/ld+json\" class=\"yoast-schema-graph\">{\"@context\":\"https:\/\/schema.org\",\"@graph\":[{\"@type\":\"WebPage\",\"@id\":\"https:\/\/ibi-global.com\/vi\/mo-hinh-hoc\/econversations-lop-hoc-live\/\",\"url\":\"https:\/\/ibi-global.com\/vi\/mo-hinh-hoc\/econversations-lop-hoc-live\/\",\"name\":\"eConversations | L\u1edbp h\u1ecdc live\",\"isPartOf\":{\"@id\":\"https:\/\/ibi-global.com\/vi\/#website\"},\"datePublished\":\"2023-03-07T17:05:22+00:00\",\"dateModified\":\"2025-10-25T04:04:37+00:00\",\"description\":\"eConversations l\u00e0 h\u1ec7 th\u1ed1ng l\u1edbp h\u1ecdc live classroom \u0111\u01b0\u1ee3c ph\u1ed1i h\u1ee3p m\u1ed9t c\u00e1ch khoa h\u1ecdc v\u1edbi ch\u01b0\u01a1ng tr\u00ecnh eClasses...\",\"breadcrumb\":{\"@id\":\"https:\/\/ibi-global.com\/vi\/mo-hinh-hoc\/econversations-lop-hoc-live\/#breadcrumb\"},\"inLanguage\":\"vi-VN\",\"potentialAction\":[{\"@type\":\"ReadAction\",\"target\":[\"https:\/\/ibi-global.com\/vi\/mo-hinh-hoc\/econversations-lop-hoc-live\/\"]}]},{\"@type\":\"BreadcrumbList\",\"@id\":\"https:\/\/ibi-global.com\/vi\/mo-hinh-hoc\/econversations-lop-hoc-live\/#breadcrumb\",\"itemListElement\":[{\"@type\":\"ListItem\",\"position\":1,\"name\":\"Home\",\"item\":\"https:\/\/ibi-global.com\/vi\/\"},{\"@type\":\"ListItem\",\"position\":2,\"name\":\"M\u00f4 h\u00ecnh h\u1ecdc\",\"item\":\"https:\/\/ibi-global.com\/vi\/mo-hinh-hoc\/\"},{\"@type\":\"ListItem\",\"position\":3,\"name\":\"eConversations | L\u1edbp h\u1ecdc live\"}]},{\"@type\":\"WebSite\",\"@id\":\"https:\/\/ibi-global.com\/vi\/#website\",\"url\":\"https:\/\/ibi-global.com\/vi\/\",\"name\":\"IBI Global - Vietnam\",\"description\":\"H\u1ecdc Ti\u1ebfng Anh Th\u01b0\u01a1ng M\u1ea1i V\u00e0 K\u1ef9 N\u0103ng Kinh Doanh Online\",\"publisher\":{\"@id\":\"https:\/\/ibi-global.com\/vi\/#organization\"},\"potentialAction\":[{\"@type\":\"SearchAction\",\"target\":{\"@type\":\"EntryPoint\",\"urlTemplate\":\"https:\/\/ibi-global.com\/vi\/?s={search_term_string}\"},\"query-input\":\"required name=search_term_string\"}],\"inLanguage\":\"vi-VN\"},{\"@type\":\"Organization\",\"@id\":\"https:\/\/ibi-global.com\/vi\/#organization\",\"name\":\"IBI Global\",\"url\":\"https:\/\/ibi-global.com\/vi\/\",\"logo\":{\"@type\":\"ImageObject\",\"inLanguage\":\"vi-VN\",\"@id\":\"https:\/\/ibi-global.com\/vi\/#\/schema\/logo\/image\/\",\"url\":\"https:\/\/school.ibi-global.com\/wp-content\/uploads\/2023\/03\/ibi-school-logo-9168.png\",\"contentUrl\":\"https:\/\/school.ibi-global.com\/wp-content\/uploads\/2023\/03\/ibi-school-logo-9168.png\",\"width\":500,\"height\":435,\"caption\":\"IBI Global\"},\"image\":{\"@id\":\"https:\/\/ibi-global.com\/vi\/#\/schema\/logo\/image\/\"},\"sameAs\":[\"https:\/\/www.facebook.com\/ibischool.vietnam\",\"https:\/\/twitter.com\/flipped_ibi\",\"https:\/\/vn.linkedin.com\/company\/ibi-school\",\"https:\/\/www.youtube.com\/channel\/UClAXxp1l9MgKTQiwyGKT8QA\"]}]}<\/script>\n<!-- \/ Yoast SEO plugin. -->","yoast_head_json":{"title":"eConversations | L\u1edbp h\u1ecdc live","description":"eConversations l\u00e0 h\u1ec7 th\u1ed1ng l\u1edbp h\u1ecdc live classroom \u0111\u01b0\u1ee3c ph\u1ed1i h\u1ee3p m\u1ed9t c\u00e1ch khoa h\u1ecdc v\u1edbi ch\u01b0\u01a1ng tr\u00ecnh eClasses...","robots":{"index":"index","follow":"follow","max-snippet":"max-snippet:-1","max-image-preview":"max-image-preview:large","max-video-preview":"max-video-preview:-1"},"canonical":"https:\/\/ibi-global.com\/vi\/mo-hinh-hoc\/econversations-lop-hoc-live\/","og_locale":"vi_VN","og_type":"article","og_title":"eConversations | L\u1edbp h\u1ecdc live","og_description":"eConversations l\u00e0 h\u1ec7 th\u1ed1ng l\u1edbp h\u1ecdc live classroom \u0111\u01b0\u1ee3c ph\u1ed1i h\u1ee3p m\u1ed9t c\u00e1ch khoa h\u1ecdc v\u1edbi ch\u01b0\u01a1ng tr\u00ecnh eClasses...","og_url":"https:\/\/ibi-global.com\/vi\/mo-hinh-hoc\/econversations-lop-hoc-live\/","og_site_name":"IBI Global - Vietnam","article_publisher":"https:\/\/www.facebook.com\/ibischool.vietnam","article_modified_time":"2025-10-25T04:04:37+00:00","twitter_card":"summary_large_image","twitter_site":"@flipped_ibi","twitter_misc":{"Est. reading time":"1 minute"},"schema":{"@context":"https:\/\/schema.org","@graph":[{"@type":"WebPage","@id":"https:\/\/ibi-global.com\/vi\/mo-hinh-hoc\/econversations-lop-hoc-live\/","url":"https:\/\/ibi-global.com\/vi\/mo-hinh-hoc\/econversations-lop-hoc-live\/","name":"eConversations | L\u1edbp h\u1ecdc live","isPartOf":{"@id":"https:\/\/ibi-global.com\/vi\/#website"},"datePublished":"2023-03-07T17:05:22+00:00","dateModified":"2025-10-25T04:04:37+00:00","description":"eConversations l\u00e0 h\u1ec7 th\u1ed1ng l\u1edbp h\u1ecdc live classroom \u0111\u01b0\u1ee3c ph\u1ed1i h\u1ee3p m\u1ed9t c\u00e1ch khoa h\u1ecdc v\u1edbi ch\u01b0\u01a1ng tr\u00ecnh eClasses...","breadcrumb":{"@id":"https:\/\/ibi-global.com\/vi\/mo-hinh-hoc\/econversations-lop-hoc-live\/#breadcrumb"},"inLanguage":"vi-VN","potentialAction":[{"@type":"ReadAction","target":["https:\/\/ibi-global.com\/vi\/mo-hinh-hoc\/econversations-lop-hoc-live\/"]}]},{"@type":"BreadcrumbList","@id":"https:\/\/ibi-global.com\/vi\/mo-hinh-hoc\/econversations-lop-hoc-live\/#breadcrumb","itemListElement":[{"@type":"ListItem","position":1,"name":"Home","item":"https:\/\/ibi-global.com\/vi\/"},{"@type":"ListItem","position":2,"name":"M\u00f4 h\u00ecnh h\u1ecdc","item":"https:\/\/ibi-global.com\/vi\/mo-hinh-hoc\/"},{"@type":"ListItem","position":3,"name":"eConversations | L\u1edbp h\u1ecdc live"}]},{"@type":"WebSite","@id":"https:\/\/ibi-global.com\/vi\/#website","url":"https:\/\/ibi-global.com\/vi\/","name":"IBI Global - Vietnam","description":"H\u1ecdc Ti\u1ebfng Anh Th\u01b0\u01a1ng M\u1ea1i V\u00e0 K\u1ef9 N\u0103ng Kinh Doanh Online","publisher":{"@id":"https:\/\/ibi-global.com\/vi\/#organization"},"potentialAction":[{"@type":"SearchAction","target":{"@type":"EntryPoint","urlTemplate":"https:\/\/ibi-global.com\/vi\/?s={search_term_string}"},"query-input":"required name=search_term_string"}],"inLanguage":"vi-VN"},{"@type":"Organization","@id":"https:\/\/ibi-global.com\/vi\/#organization","name":"IBI Global","url":"https:\/\/ibi-global.com\/vi\/","logo":{"@type":"ImageObject","inLanguage":"vi-VN","@id":"https:\/\/ibi-global.com\/vi\/#\/schema\/logo\/image\/","url":"https:\/\/school.ibi-global.com\/wp-content\/uploads\/2023\/03\/ibi-school-logo-9168.png","contentUrl":"https:\/\/school.ibi-global.com\/wp-content\/uploads\/2023\/03\/ibi-school-logo-9168.png","width":500,"height":435,"caption":"IBI Global"},"image":{"@id":"https:\/\/ibi-global.com\/vi\/#\/schema\/logo\/image\/"},"sameAs":["https:\/\/www.facebook.com\/ibischool.vietnam","https:\/\/twitter.com\/flipped_ibi","https:\/\/vn.linkedin.com\/company\/ibi-school","https:\/\/www.youtube.com\/channel\/UClAXxp1l9MgKTQiwyGKT8QA"]}]}},"_links":{"self":[{"href":"https:\/\/ibi-global.com\/vi\/wp-json\/wp\/v2\/pages\/404","targetHints":{"allow":["GET"]}}],"collection":[{"href":"https:\/\/ibi-global.com\/vi\/wp-json\/wp\/v2\/pages"}],"about":[{"href":"https:\/\/ibi-global.com\/vi\/wp-json\/wp\/v2\/types\/page"}],"author":[{"embeddable":true,"href":"https:\/\/ibi-global.com\/vi\/wp-json\/wp\/v2\/users\/1"}],"replies":[{"embeddable":true,"href":"https:\/\/ibi-global.com\/vi\/wp-json\/wp\/v2\/comments?post=404"}],"version-history":[{"count":16,"href":"https:\/\/ibi-global.com\/vi\/wp-json\/wp\/v2\/pages\/404\/revisions"}],"predecessor-version":[{"id":2683,"href":"https:\/\/ibi-global.com\/vi\/wp-json\/wp\/v2\/pages\/404\/revisions\/2683"}],"up":[{"embeddable":true,"href":"https:\/\/ibi-global.com\/vi\/wp-json\/wp\/v2\/pages\/399"}],"wp:attachment":[{"href":"https:\/\/ibi-global.com\/vi\/wp-json\/wp\/v2\/media?parent=404"}],"curies":[{"name":"wp","href":"https:\/\/api.w.org\/{rel}","templated":true}]}}