{"id":401,"date":"2023-03-08T00:03:50","date_gmt":"2023-03-07T17:03:50","guid":{"rendered":"http:\/\/school.sunshinevn.com\/?page_id=401"},"modified":"2024-07-05T21:27:46","modified_gmt":"2024-07-05T14:27:46","slug":"eclasses-tu-hoc-24-7","status":"publish","type":"page","link":"https:\/\/ibi-global.com\/vi\/mo-hinh-hoc\/eclasses-tu-hoc-24-7\/","title":{"rendered":"eClasses | T\u1ef1 h\u1ecdc 24\/7"},"content":{"rendered":"<h2 class=\"news-detail-title\" style=\"text-align: justify;\">eClasses | T\u1ef1 h\u1ecdc 24\/7<\/h2>\n<div class=\"wysiwyg\">\n<p style=\"text-align: justify;\">Ch\u01b0\u01a1ng tr\u00ecnh h\u1ecdc eClasses l\u00e0 ch\u01b0\u01a1ng tr\u00ecnh t\u1ef1 h\u1ecdc ti\u1ebfng Anh 24\/7 v\u1edbi s\u1ef1 h\u1ed7 tr\u1ee3 c\u1ee7a \u0111\u1ed9i ng\u0169 gi\u00e1o vi\u00ean IBI g\u1ed3m c\u00e1c b\u00e0i h\u1ecdc tr\u1ef1c tuy\u1ebfn gi\u00fap h\u1ecdc vi\u00ean t\u1ef1 h\u1ecdc m\u1ecdi l\u00fac m\u1ecdi n\u01a1i. Ch\u01b0\u01a1ng tr\u00ecnh \u0111\u01b0\u1ee3c thi\u1ebft k\u1ebf khoa h\u1ecdc, s\u00e1ng t\u1ea1o, n\u1ed9i dung phong ph\u00fa h\u1ea5p d\u1eabn gi\u00fap h\u1ecdc vi\u00ean ph\u00e1t tri\u1ec3n c\u00e1c k\u1ef9 n\u0103ng ti\u1ebfng Anh. Ch\u01b0\u01a1ng tr\u00ecnh eClasses \u0111\u1eb7c bi\u1ec7t \u0111\u01b0\u1ee3c nghi\u00ean c\u1ee9u v\u00e0 thi\u1ebft k\u1ebf b\u1edfi nh\u00f3m chuy\u00ean gia M\u1ef9 xu\u1ea5t s\u1eafc v\u00e0 gi\u00e0u kinh nghi\u1ec7m gi\u1ea3ng d\u1ea1y t\u1ea1i nhi\u1ec1u n\u01b0\u1edbc tr\u00ean th\u1ebf gi\u1edbi.<\/p>\n<p style=\"text-align: justify;\">C\u00e1c b\u00e0i h\u1ecdc v\u00e0 b\u00e0i t\u1eadp \u0111\u01b0\u1ee3c thi\u1ebft k\u1ebf khoa h\u1ecdc, \u0111\u1eb9p m\u1eaft c\u1ed9ng h\u01b0\u1edfng v\u1edbi h\u01a1n 20 k\u1ef9 thu\u1eadt l\u00e0m b\u00e0i <a href=\"https:\/\/ibi-global.com\/vi\/eteractive-tinh-nang-tuong-tac\/\">eTeractive<\/a> nh\u01b0: k\u00e9o, di d\u1eddi, click ch\u1ecdn, l\u01b0\u1edbt t\u1eeb\/ c\u00e2u\/ h\u00ecnh \u1ea3nh\u2026ph\u1ed1i h\u1ee3p c\u00e1c video clips v\u00e0 animation gi\u00fap t\u1ed1i \u0111a h\u00f3a t\u00ednh t\u01b0\u01a1ng t\u00e1c tr\u00ean b\u00e0i h\u1ecdc, t\u1eeb \u0111\u00f3 h\u1ecdc vi\u00ean th\u1eadt s\u1ef1 c\u1ea3m th\u1ea5y tho\u1ea3i m\u00e1i v\u00e0 h\u1ee9ng th\u00fa h\u1ecdc t\u1eadp.<\/p>\n<p style=\"text-align: justify;\">H\u1ec7 th\u1ed1ng thu \u00e2m v\u00e0 ph\u00e2n t\u00edch ph\u00e1t \u00e2m v\u00e0 gi\u1ecdng n\u00f3i c\u1ee7a h\u1ecdc<a href=\"https:\/\/ibi-global.com\/vi\/epronunciation\/\"><strong> ePronunciation<\/strong><\/a>\u00a0vi\u00ean\u00a0gi\u00fap h\u1ecdc vi\u00ean t\u1ef1\u00a0thu \u00e2m\u00a0ph\u1ea7n n\u00f3i c\u1ee7a m\u00ecnh trong b\u00e0i h\u1ecdc \u0111\u01b0\u1ee3c y\u00eau c\u1ea7u\u00a0r\u1ed3i\u00a0g\u1edfi ph\u1ea7n thu \u00e2m\u00a0cho gi\u00e1o vi\u00ean h\u01b0\u1edbng d\u1eabn \u0111\u1ec3 \u0111\u01b0\u1ee3c gi\u00e1o vi\u00ean ph\u00e2n t\u00edch v\u00e0 ch\u1ec9nh s\u1eeda ph\u00e1t \u00e2m, gi\u00fap b\u1ea1n c\u1ea3i thi\u1ec7n k\u1ef9 n\u0103ng ph\u00e1t \u00e2m m\u1ed9t c\u00e1ch hi\u1ec7u qu\u1ea3 v\u00e0\u00a0nhanh nh\u1ea5t.<\/p>\n<p>\u0110\u1eb7c bi\u1ec7t, h\u1ecdc vi\u00ean \u0111\u01b0\u1ee3c ch\u1ec9nh s\u1eefa b\u00e0i vi\u1ebft, b\u00e0i t\u1eadp, \u0111\u1eb7t c\u00e2u h\u1ecfi tr\u1ef1c ti\u1ebfp v\u1edbi gi\u00e1o vi\u00ean h\u01b0\u1edbng d\u1eabn qua h\u1ec7 th\u1ed1ng l\u00e0m v\u00e0 n\u1ed9p b\u00e0i tr\u00ean t\u1eebng ph\u1ea7n h\u1ecdc.<\/p>\n<p style=\"text-align: justify;\">\u00a0<\/p>\n<\/div>\n","protected":false},"excerpt":{"rendered":"<p>eClasses | T\u1ef1 h\u1ecdc 24\/7 Ch\u01b0\u01a1ng tr\u00ecnh h\u1ecdc eClasses l\u00e0 ch\u01b0\u01a1ng tr\u00ecnh t\u1ef1 h\u1ecdc ti\u1ebfng Anh 24\/7 v\u1edbi s\u1ef1 h\u1ed7 tr\u1ee3 c\u1ee7a \u0111\u1ed9i ng\u0169 gi\u00e1o vi\u00ean IBI g\u1ed3m c\u00e1c b\u00e0i h\u1ecdc tr\u1ef1c tuy\u1ebfn gi\u00fap h\u1ecdc vi\u00ean t\u1ef1 h\u1ecdc m\u1ecdi l\u00fac m\u1ecdi n\u01a1i. Ch\u01b0\u01a1ng tr\u00ecnh \u0111\u01b0\u1ee3c thi\u1ebft k\u1ebf khoa h\u1ecdc, s\u00e1ng t\u1ea1o, n\u1ed9i dung phong ph\u00fa.. [&#8230;]\n","protected":false},"author":1,"featured_media":0,"parent":399,"menu_order":0,"comment_status":"closed","ping_status":"closed","template":"","meta":{"footnotes":""},"class_list":["post-401","page","type-page","status-publish","hentry"],"yoast_head":"<!-- This site is optimized with the Yoast SEO plugin v20.3 - https:\/\/yoast.com\/wordpress\/plugins\/seo\/ -->\n<title>eClasses | T\u1ef1 h\u1ecdc 24\/7<\/title>\n<meta name=\"description\" content=\"Ch\u01b0\u01a1ng tr\u00ecnh h\u1ecdc eClasses l\u00e0 ch\u01b0\u01a1ng tr\u00ecnh t\u1ef1 h\u1ecdc ti\u1ebfng Anh 24\/7 g\u1ed3m c\u00e1c b\u00e0i h\u1ecdc tr\u1ef1c tuy\u1ebfn gi\u00fap h\u1ecdc vi\u00ean t\u1ef1 h\u1ecdc m\u1ecdi l\u00fac m\u1ecdi n\u01a1i.\" \/>\n<meta name=\"robots\" content=\"index, follow, max-snippet:-1, max-image-preview:large, max-video-preview:-1\" \/>\n<link rel=\"canonical\" href=\"https:\/\/ibi-global.com\/vi\/mo-hinh-hoc\/eclasses-tu-hoc-24-7\/\" \/>\n<meta property=\"og:locale\" content=\"vi_VN\" \/>\n<meta property=\"og:type\" content=\"article\" \/>\n<meta property=\"og:title\" content=\"eClasses | T\u1ef1 h\u1ecdc 24\/7\" \/>\n<meta property=\"og:description\" content=\"Ch\u01b0\u01a1ng tr\u00ecnh h\u1ecdc eClasses l\u00e0 ch\u01b0\u01a1ng tr\u00ecnh t\u1ef1 h\u1ecdc ti\u1ebfng Anh 24\/7 g\u1ed3m c\u00e1c b\u00e0i h\u1ecdc tr\u1ef1c tuy\u1ebfn gi\u00fap h\u1ecdc vi\u00ean t\u1ef1 h\u1ecdc m\u1ecdi l\u00fac m\u1ecdi n\u01a1i.\" \/>\n<meta property=\"og:url\" content=\"https:\/\/ibi-global.com\/vi\/mo-hinh-hoc\/eclasses-tu-hoc-24-7\/\" \/>\n<meta property=\"og:site_name\" content=\"IBI Global - Vietnam\" \/>\n<meta property=\"article:publisher\" content=\"https:\/\/www.facebook.com\/ibischool.vietnam\" \/>\n<meta property=\"article:modified_time\" content=\"2024-07-05T14:27:46+00:00\" \/>\n<meta name=\"twitter:card\" content=\"summary_large_image\" \/>\n<meta name=\"twitter:site\" content=\"@flipped_ibi\" \/>\n<meta name=\"twitter:label1\" content=\"Est. reading time\" \/>\n\t<meta name=\"twitter:data1\" content=\"2 minutes\" \/>\n<script type=\"application\/ld+json\" class=\"yoast-schema-graph\">{\"@context\":\"https:\/\/schema.org\",\"@graph\":[{\"@type\":\"WebPage\",\"@id\":\"https:\/\/ibi-global.com\/vi\/mo-hinh-hoc\/eclasses-tu-hoc-24-7\/\",\"url\":\"https:\/\/ibi-global.com\/vi\/mo-hinh-hoc\/eclasses-tu-hoc-24-7\/\",\"name\":\"eClasses | T\u1ef1 h\u1ecdc 24\/7\",\"isPartOf\":{\"@id\":\"https:\/\/ibi-global.com\/vi\/#website\"},\"datePublished\":\"2023-03-07T17:03:50+00:00\",\"dateModified\":\"2024-07-05T14:27:46+00:00\",\"description\":\"Ch\u01b0\u01a1ng tr\u00ecnh h\u1ecdc eClasses l\u00e0 ch\u01b0\u01a1ng tr\u00ecnh t\u1ef1 h\u1ecdc ti\u1ebfng Anh 24\/7 g\u1ed3m c\u00e1c b\u00e0i h\u1ecdc tr\u1ef1c tuy\u1ebfn gi\u00fap h\u1ecdc vi\u00ean t\u1ef1 h\u1ecdc m\u1ecdi l\u00fac m\u1ecdi n\u01a1i.\",\"breadcrumb\":{\"@id\":\"https:\/\/ibi-global.com\/vi\/mo-hinh-hoc\/eclasses-tu-hoc-24-7\/#breadcrumb\"},\"inLanguage\":\"vi-VN\",\"potentialAction\":[{\"@type\":\"ReadAction\",\"target\":[\"https:\/\/ibi-global.com\/vi\/mo-hinh-hoc\/eclasses-tu-hoc-24-7\/\"]}]},{\"@type\":\"BreadcrumbList\",\"@id\":\"https:\/\/ibi-global.com\/vi\/mo-hinh-hoc\/eclasses-tu-hoc-24-7\/#breadcrumb\",\"itemListElement\":[{\"@type\":\"ListItem\",\"position\":1,\"name\":\"Home\",\"item\":\"https:\/\/ibi-global.com\/vi\/\"},{\"@type\":\"ListItem\",\"position\":2,\"name\":\"M\u00f4 h\u00ecnh h\u1ecdc\",\"item\":\"https:\/\/ibi-global.com\/vi\/mo-hinh-hoc\/\"},{\"@type\":\"ListItem\",\"position\":3,\"name\":\"eClasses | T\u1ef1 h\u1ecdc 24\/7\"}]},{\"@type\":\"WebSite\",\"@id\":\"https:\/\/ibi-global.com\/vi\/#website\",\"url\":\"https:\/\/ibi-global.com\/vi\/\",\"name\":\"IBI Global - Vietnam\",\"description\":\"H\u1ecdc Ti\u1ebfng Anh Th\u01b0\u01a1ng M\u1ea1i V\u00e0 K\u1ef9 N\u0103ng Kinh Doanh Online\",\"publisher\":{\"@id\":\"https:\/\/ibi-global.com\/vi\/#organization\"},\"potentialAction\":[{\"@type\":\"SearchAction\",\"target\":{\"@type\":\"EntryPoint\",\"urlTemplate\":\"https:\/\/ibi-global.com\/vi\/?s={search_term_string}\"},\"query-input\":\"required name=search_term_string\"}],\"inLanguage\":\"vi-VN\"},{\"@type\":\"Organization\",\"@id\":\"https:\/\/ibi-global.com\/vi\/#organization\",\"name\":\"IBI Global\",\"url\":\"https:\/\/ibi-global.com\/vi\/\",\"logo\":{\"@type\":\"ImageObject\",\"inLanguage\":\"vi-VN\",\"@id\":\"https:\/\/ibi-global.com\/vi\/#\/schema\/logo\/image\/\",\"url\":\"https:\/\/school.ibi-global.com\/wp-content\/uploads\/2023\/03\/ibi-school-logo-9168.png\",\"contentUrl\":\"https:\/\/school.ibi-global.com\/wp-content\/uploads\/2023\/03\/ibi-school-logo-9168.png\",\"width\":500,\"height\":435,\"caption\":\"IBI Global\"},\"image\":{\"@id\":\"https:\/\/ibi-global.com\/vi\/#\/schema\/logo\/image\/\"},\"sameAs\":[\"https:\/\/www.facebook.com\/ibischool.vietnam\",\"https:\/\/twitter.com\/flipped_ibi\",\"https:\/\/vn.linkedin.com\/company\/ibi-school\",\"https:\/\/www.youtube.com\/channel\/UClAXxp1l9MgKTQiwyGKT8QA\"]}]}<\/script>\n<!-- \/ Yoast SEO plugin. -->","yoast_head_json":{"title":"eClasses | T\u1ef1 h\u1ecdc 24\/7","description":"Ch\u01b0\u01a1ng tr\u00ecnh h\u1ecdc eClasses l\u00e0 ch\u01b0\u01a1ng tr\u00ecnh t\u1ef1 h\u1ecdc ti\u1ebfng Anh 24\/7 g\u1ed3m c\u00e1c b\u00e0i h\u1ecdc tr\u1ef1c tuy\u1ebfn gi\u00fap h\u1ecdc vi\u00ean t\u1ef1 h\u1ecdc m\u1ecdi l\u00fac m\u1ecdi n\u01a1i.","robots":{"index":"index","follow":"follow","max-snippet":"max-snippet:-1","max-image-preview":"max-image-preview:large","max-video-preview":"max-video-preview:-1"},"canonical":"https:\/\/ibi-global.com\/vi\/mo-hinh-hoc\/eclasses-tu-hoc-24-7\/","og_locale":"vi_VN","og_type":"article","og_title":"eClasses | T\u1ef1 h\u1ecdc 24\/7","og_description":"Ch\u01b0\u01a1ng tr\u00ecnh h\u1ecdc eClasses l\u00e0 ch\u01b0\u01a1ng tr\u00ecnh t\u1ef1 h\u1ecdc ti\u1ebfng Anh 24\/7 g\u1ed3m c\u00e1c b\u00e0i h\u1ecdc tr\u1ef1c tuy\u1ebfn gi\u00fap h\u1ecdc vi\u00ean t\u1ef1 h\u1ecdc m\u1ecdi l\u00fac m\u1ecdi n\u01a1i.","og_url":"https:\/\/ibi-global.com\/vi\/mo-hinh-hoc\/eclasses-tu-hoc-24-7\/","og_site_name":"IBI Global - Vietnam","article_publisher":"https:\/\/www.facebook.com\/ibischool.vietnam","article_modified_time":"2024-07-05T14:27:46+00:00","twitter_card":"summary_large_image","twitter_site":"@flipped_ibi","twitter_misc":{"Est. reading time":"2 minutes"},"schema":{"@context":"https:\/\/schema.org","@graph":[{"@type":"WebPage","@id":"https:\/\/ibi-global.com\/vi\/mo-hinh-hoc\/eclasses-tu-hoc-24-7\/","url":"https:\/\/ibi-global.com\/vi\/mo-hinh-hoc\/eclasses-tu-hoc-24-7\/","name":"eClasses | T\u1ef1 h\u1ecdc 24\/7","isPartOf":{"@id":"https:\/\/ibi-global.com\/vi\/#website"},"datePublished":"2023-03-07T17:03:50+00:00","dateModified":"2024-07-05T14:27:46+00:00","description":"Ch\u01b0\u01a1ng tr\u00ecnh h\u1ecdc eClasses l\u00e0 ch\u01b0\u01a1ng tr\u00ecnh t\u1ef1 h\u1ecdc ti\u1ebfng Anh 24\/7 g\u1ed3m c\u00e1c b\u00e0i h\u1ecdc tr\u1ef1c tuy\u1ebfn gi\u00fap h\u1ecdc vi\u00ean t\u1ef1 h\u1ecdc m\u1ecdi l\u00fac m\u1ecdi n\u01a1i.","breadcrumb":{"@id":"https:\/\/ibi-global.com\/vi\/mo-hinh-hoc\/eclasses-tu-hoc-24-7\/#breadcrumb"},"inLanguage":"vi-VN","potentialAction":[{"@type":"ReadAction","target":["https:\/\/ibi-global.com\/vi\/mo-hinh-hoc\/eclasses-tu-hoc-24-7\/"]}]},{"@type":"BreadcrumbList","@id":"https:\/\/ibi-global.com\/vi\/mo-hinh-hoc\/eclasses-tu-hoc-24-7\/#breadcrumb","itemListElement":[{"@type":"ListItem","position":1,"name":"Home","item":"https:\/\/ibi-global.com\/vi\/"},{"@type":"ListItem","position":2,"name":"M\u00f4 h\u00ecnh h\u1ecdc","item":"https:\/\/ibi-global.com\/vi\/mo-hinh-hoc\/"},{"@type":"ListItem","position":3,"name":"eClasses | T\u1ef1 h\u1ecdc 24\/7"}]},{"@type":"WebSite","@id":"https:\/\/ibi-global.com\/vi\/#website","url":"https:\/\/ibi-global.com\/vi\/","name":"IBI Global - Vietnam","description":"H\u1ecdc Ti\u1ebfng Anh Th\u01b0\u01a1ng M\u1ea1i V\u00e0 K\u1ef9 N\u0103ng Kinh Doanh Online","publisher":{"@id":"https:\/\/ibi-global.com\/vi\/#organization"},"potentialAction":[{"@type":"SearchAction","target":{"@type":"EntryPoint","urlTemplate":"https:\/\/ibi-global.com\/vi\/?s={search_term_string}"},"query-input":"required name=search_term_string"}],"inLanguage":"vi-VN"},{"@type":"Organization","@id":"https:\/\/ibi-global.com\/vi\/#organization","name":"IBI Global","url":"https:\/\/ibi-global.com\/vi\/","logo":{"@type":"ImageObject","inLanguage":"vi-VN","@id":"https:\/\/ibi-global.com\/vi\/#\/schema\/logo\/image\/","url":"https:\/\/school.ibi-global.com\/wp-content\/uploads\/2023\/03\/ibi-school-logo-9168.png","contentUrl":"https:\/\/school.ibi-global.com\/wp-content\/uploads\/2023\/03\/ibi-school-logo-9168.png","width":500,"height":435,"caption":"IBI Global"},"image":{"@id":"https:\/\/ibi-global.com\/vi\/#\/schema\/logo\/image\/"},"sameAs":["https:\/\/www.facebook.com\/ibischool.vietnam","https:\/\/twitter.com\/flipped_ibi","https:\/\/vn.linkedin.com\/company\/ibi-school","https:\/\/www.youtube.com\/channel\/UClAXxp1l9MgKTQiwyGKT8QA"]}]}},"_links":{"self":[{"href":"https:\/\/ibi-global.com\/vi\/wp-json\/wp\/v2\/pages\/401","targetHints":{"allow":["GET"]}}],"collection":[{"href":"https:\/\/ibi-global.com\/vi\/wp-json\/wp\/v2\/pages"}],"about":[{"href":"https:\/\/ibi-global.com\/vi\/wp-json\/wp\/v2\/types\/page"}],"author":[{"embeddable":true,"href":"https:\/\/ibi-global.com\/vi\/wp-json\/wp\/v2\/users\/1"}],"replies":[{"embeddable":true,"href":"https:\/\/ibi-global.com\/vi\/wp-json\/wp\/v2\/comments?post=401"}],"version-history":[{"count":13,"href":"https:\/\/ibi-global.com\/vi\/wp-json\/wp\/v2\/pages\/401\/revisions"}],"predecessor-version":[{"id":2127,"href":"https:\/\/ibi-global.com\/vi\/wp-json\/wp\/v2\/pages\/401\/revisions\/2127"}],"up":[{"embeddable":true,"href":"https:\/\/ibi-global.com\/vi\/wp-json\/wp\/v2\/pages\/399"}],"wp:attachment":[{"href":"https:\/\/ibi-global.com\/vi\/wp-json\/wp\/v2\/media?parent=401"}],"curies":[{"name":"wp","href":"https:\/\/api.w.org\/{rel}","templated":true}]}}