{"id":392,"date":"2023-03-07T23:53:22","date_gmt":"2023-03-07T16:53:22","guid":{"rendered":"http:\/\/school.sunshinevn.com\/?page_id=392"},"modified":"2023-03-10T20:39:07","modified_gmt":"2023-03-10T13:39:07","slug":"eprep-luyen-thi-ielts","status":"publish","type":"page","link":"https:\/\/ibi-global.com\/vi\/khoa-hoc\/eprep-luyen-thi-ielts\/","title":{"rendered":"ePrep | Luy\u1ec7n thi IELTS"},"content":{"rendered":"\r\n<h1 class=\"news-detail-title\">ePrep | Luy\u1ec7n thi IELTS<\/h1>\r\n<div class=\"wysiwyg\">\r\n<p style=\"text-align: justify;\">H\u1ecdc vi\u00ean t\u1ea1i IBI School \u0111\u01b0\u1ee3c h\u1ecdc theo m\u1ed9t l\u1ed9 tr\u00ecnh b\u00e0i b\u1ea3n gi\u00fap c\u00e1c em c\u00f3 <strong>n\u1ec1n t\u1ea3ng t\u1ed1t t\u1ea5t c\u1ea3 c\u00e1c k\u1ef9 n\u0103ng ti\u1ebfng Anh: Nghe, N\u00f3i, \u0110\u1ecdc, Vi\u1ebft, Ph\u00e1t \u00e2m v\u00e0 V\u0103n ph\u1ea1m.<\/strong> \u0110i\u1ec1u n\u00e0y gi\u00fap h\u1ecdc vi\u00ean t\u1ef1 tin h\u1ecdc c\u00e1c l\u1edbp <strong>ePrep | Luy\u1ec7n thi IELTS<\/strong> hi\u1ec7u qu\u1ea3 h\u01a1n, t\u1eeb \u0111\u00f3 h\u1ecdc vi\u00ean kh\u00f4ng ch\u1ec9 d\u1eebng \u1edf vi\u1ec7c luy\u1ec7n v\u00e0 thi IELTS m\u00e0 c\u00f2n ph\u00e1t tri\u1ec3n thu\u1ea7n th\u1ee5c c\u00e1c k\u1ef9 n\u0103ng ti\u1ebfng Anh v\u00e0 ki\u1ebfn th\u1ee9c c\u1ea7n thi\u1ebft trong vi\u1ec7c:<\/p>\r\n<ul>\r\n<li>T\u1ef1 tin ph\u1ecfng v\u1ea5n du h\u1ecdc b\u1eb1ng ti\u1ebfng Anh<\/li>\r\n<li>T\u1ef1 tin\u00a0h\u1ecdc t\u1ea1i gi\u1ea3ng \u0111\u01b0\u1eddng \u0111\u1ea1i h\u1ecdc t\u1ea1i n\u01b0\u1edbc du h\u1ecdc<\/li>\r\n<li>T\u1ef1 tin h\u00f2a nh\u1eadp cu\u1ed9c s\u1ed1ng t\u1ea1i n\u01b0\u1edbc du h\u1ecdc\u00a0<\/li>\r\n<\/ul>\r\n<p><span style=\"color: #00aae7;\"><strong>L\u1ed9 tr\u00ecnh ch\u01b0\u01a1ng tr\u00ecnh luy\u1ec7n thi IELTS t\u1ea1i IBI School:\u00a0<\/strong><\/span><\/p>\r\n<table border=\"1\" cellspacing=\"1\" cellpadding=\"1\" align=\"left\">\r\n<tbody>\r\n<tr>\r\n<td>\u00a0<strong>IELTS 4.0 &#8211; 5.0<\/strong><\/td>\r\n<td>\r\n<ul>\r\n<li>L\u00e0m quen v\u1edbi b\u00e0i thi IELTS<\/li>\r\n<li>Trau d\u1ed3i v\u00e0 m\u1edf r\u1ed9ng v\u1ed1n t\u1eeb v\u1ef1ng ti\u1ebfng Anh trong nhi\u1ec1u l\u0129nh v\u1ef1c kh\u00e1c nhau.<\/li>\r\n<li>Hi\u1ec3u c\u00e1c k\u1ef9 thu\u1eadt l\u00e0m b\u00e0i<\/li>\r\n<li>R\u00e8n luy\u1ec7n kh\u1ea3 n\u0103ng giao ti\u1ebfp v\u00e0 di\u1ec5n gi\u1ea3i theo ch\u1ee7 \u0111\u1ec1<\/li>\r\n<li>X\u00e2y d\u1ef1ng k\u1ef9 n\u0103ng vi\u1ebft b\u00e0i lu\u1eadn c\u01a1 b\u1ea3n<\/li>\r\n<\/ul>\r\n<p>&nbsp;<\/p>\r\n<\/td>\r\n<\/tr>\r\n<tr>\r\n<td><strong>\u00a0IELTS 5.0 &#8211; 6.0<\/strong><\/td>\r\n<td>\r\n<ul>\r\n<li>Th\u1ef1c t\u1eadp l\u00e0m b\u00e0i thi IELTS<\/li>\r\n<li>M\u1edf r\u1ed9ng v\u00e0 chuy\u00ean s\u00e2u v\u1ed1n t\u1eeb v\u1ef1ng v\u00e0 ki\u1ebfn th\u1ee9c ti\u1ebfng Anh trong nhi\u1ec1u l\u0129nh v\u1ef1c kh\u00e1c nhau.<\/li>\r\n<li>N\u1eafm b\u1eaft k\u1ef9 thu\u1eadt l\u00e0m b\u00e0i hi\u1ec7u qu\u1ea3<\/li>\r\n<li>R\u00e8n luy\u1ec7n kh\u1ea3 n\u0103ng tr\u00ecnh b\u00e0y theo ch\u1ee7 \u0111\u1ec1<\/li>\r\n<li>Luy\u1ec7n t\u1eadp vi\u1ebft b\u00e0i lu\u1eadn\u00a0<\/li>\r\n<li>R\u00e8n ly\u1ec7n kh\u1ea3 ph\u1ea3n bi\u1ec7n b\u1eb1ng ti\u1ebfng Anh<\/li>\r\n<li>H\u1ecdc c\u00e1ch ph\u00e2n t\u00edch v\u00e0 di\u1ec5n gi\u1ea3i th\u00f4ng tin<\/li>\r\n<\/ul>\r\n<\/td>\r\n<\/tr>\r\n<tr>\r\n<td>\u00a0<strong>IELTS 6.0 &#8211; 7.0<\/strong><\/td>\r\n<td>\r\n<ul>\r\n<li>Th\u1ef1c t\u1eadp l\u00e0m b\u00e0i thi IELTS<\/li>\r\n<li>M\u1edf r\u1ed9ng v\u00e0 chuy\u00ean s\u00e2u v\u1ed1n t\u1eeb v\u1ef1ng v\u00e0 ki\u1ebfn th\u1ee9c ti\u1ebfng Anh trong nhi\u1ec1u l\u0129nh v\u1ef1c kh\u00e1c nhau.<\/li>\r\n<li>N\u1eafm v\u1eefng\u00a0k\u1ef9 thu\u1eadt l\u00e0m b\u00e0i hi\u1ec7u qu\u1ea3<\/li>\r\n<li>R\u00e8n luy\u1ec7n kh\u1ea3 n\u0103ng tr\u00ecnh b\u00e0y theo ch\u1ee7 \u0111\u1ec1<\/li>\r\n<li>Luy\u1ec7n t\u1eadp vi\u1ebft b\u00e0i lu\u1eadn s\u00fac t\u00edch\u00a0<\/li>\r\n<li>R\u00e8n ly\u1ec7n kh\u1ea3 ph\u1ea3n bi\u1ec7n b\u1eb1ng ti\u1ebfng Anh t\u1ef1 tin<\/li>\r\n<li>Luy\u1ec7n c\u00e1ch ph\u00e2n t\u00edch v\u00e0 di\u1ec5n gi\u1ea3i th\u00f4ng tin<\/li>\r\n<li>Hi\u1ec3u r\u00f5 c\u00e1c th\u1eed th\u00e1ch \u0111\u1ea1t \u0111i\u1ec3m cao trong IELTS<\/li>\r\n<\/ul>\r\n<\/td>\r\n<\/tr>\r\n<\/tbody>\r\n<\/table>\r\n<\/div>\r\n<p>&nbsp;<\/p>\r\n","protected":false},"excerpt":{"rendered":"","protected":false},"author":1,"featured_media":0,"parent":382,"menu_order":0,"comment_status":"closed","ping_status":"closed","template":"","meta":{"footnotes":""},"class_list":["post-392","page","type-page","status-publish","hentry"],"yoast_head":"<!-- This site is optimized with the Yoast SEO plugin v20.3 - https:\/\/yoast.com\/wordpress\/plugins\/seo\/ -->\n<title>ePrep | Luy\u1ec7n thi IELTS - IBI Global - Vietnam<\/title>\n<meta name=\"robots\" content=\"index, follow, max-snippet:-1, max-image-preview:large, max-video-preview:-1\" \/>\n<link rel=\"canonical\" href=\"https:\/\/ibi-global.com\/vi\/khoa-hoc\/eprep-luyen-thi-ielts\/\" \/>\n<meta property=\"og:locale\" content=\"vi_VN\" \/>\n<meta property=\"og:type\" content=\"article\" \/>\n<meta property=\"og:title\" content=\"ePrep | Luy\u1ec7n thi IELTS - IBI Global - Vietnam\" \/>\n<meta property=\"og:url\" content=\"https:\/\/ibi-global.com\/vi\/khoa-hoc\/eprep-luyen-thi-ielts\/\" \/>\n<meta property=\"og:site_name\" content=\"IBI Global - Vietnam\" \/>\n<meta property=\"article:publisher\" content=\"https:\/\/www.facebook.com\/ibischool.vietnam\" \/>\n<meta property=\"article:modified_time\" content=\"2023-03-10T13:39:07+00:00\" \/>\n<meta name=\"twitter:card\" content=\"summary_large_image\" \/>\n<meta name=\"twitter:site\" content=\"@flipped_ibi\" \/>\n<meta name=\"twitter:label1\" content=\"Est. reading time\" \/>\n\t<meta name=\"twitter:data1\" content=\"2 minutes\" \/>\n<script type=\"application\/ld+json\" class=\"yoast-schema-graph\">{\"@context\":\"https:\/\/schema.org\",\"@graph\":[{\"@type\":\"WebPage\",\"@id\":\"https:\/\/ibi-global.com\/vi\/khoa-hoc\/eprep-luyen-thi-ielts\/\",\"url\":\"https:\/\/ibi-global.com\/vi\/khoa-hoc\/eprep-luyen-thi-ielts\/\",\"name\":\"ePrep | Luy\u1ec7n thi IELTS - IBI Global - Vietnam\",\"isPartOf\":{\"@id\":\"https:\/\/ibi-global.com\/vi\/#website\"},\"datePublished\":\"2023-03-07T16:53:22+00:00\",\"dateModified\":\"2023-03-10T13:39:07+00:00\",\"breadcrumb\":{\"@id\":\"https:\/\/ibi-global.com\/vi\/khoa-hoc\/eprep-luyen-thi-ielts\/#breadcrumb\"},\"inLanguage\":\"vi-VN\",\"potentialAction\":[{\"@type\":\"ReadAction\",\"target\":[\"https:\/\/ibi-global.com\/vi\/khoa-hoc\/eprep-luyen-thi-ielts\/\"]}]},{\"@type\":\"BreadcrumbList\",\"@id\":\"https:\/\/ibi-global.com\/vi\/khoa-hoc\/eprep-luyen-thi-ielts\/#breadcrumb\",\"itemListElement\":[{\"@type\":\"ListItem\",\"position\":1,\"name\":\"Home\",\"item\":\"https:\/\/ibi-global.com\/vi\/\"},{\"@type\":\"ListItem\",\"position\":2,\"name\":\"Kh\u00f3a h\u1ecdc\",\"item\":\"https:\/\/ibi-global.com\/vi\/khoa-hoc\/\"},{\"@type\":\"ListItem\",\"position\":3,\"name\":\"ePrep | Luy\u1ec7n thi IELTS\"}]},{\"@type\":\"WebSite\",\"@id\":\"https:\/\/ibi-global.com\/vi\/#website\",\"url\":\"https:\/\/ibi-global.com\/vi\/\",\"name\":\"IBI Global - Vietnam\",\"description\":\"H\u1ecdc Ti\u1ebfng Anh Th\u01b0\u01a1ng M\u1ea1i V\u00e0 K\u1ef9 N\u0103ng Kinh Doanh Online\",\"publisher\":{\"@id\":\"https:\/\/ibi-global.com\/vi\/#organization\"},\"potentialAction\":[{\"@type\":\"SearchAction\",\"target\":{\"@type\":\"EntryPoint\",\"urlTemplate\":\"https:\/\/ibi-global.com\/vi\/?s={search_term_string}\"},\"query-input\":\"required name=search_term_string\"}],\"inLanguage\":\"vi-VN\"},{\"@type\":\"Organization\",\"@id\":\"https:\/\/ibi-global.com\/vi\/#organization\",\"name\":\"IBI Global\",\"url\":\"https:\/\/ibi-global.com\/vi\/\",\"logo\":{\"@type\":\"ImageObject\",\"inLanguage\":\"vi-VN\",\"@id\":\"https:\/\/ibi-global.com\/vi\/#\/schema\/logo\/image\/\",\"url\":\"https:\/\/school.ibi-global.com\/wp-content\/uploads\/2023\/03\/ibi-school-logo-9168.png\",\"contentUrl\":\"https:\/\/school.ibi-global.com\/wp-content\/uploads\/2023\/03\/ibi-school-logo-9168.png\",\"width\":500,\"height\":435,\"caption\":\"IBI Global\"},\"image\":{\"@id\":\"https:\/\/ibi-global.com\/vi\/#\/schema\/logo\/image\/\"},\"sameAs\":[\"https:\/\/www.facebook.com\/ibischool.vietnam\",\"https:\/\/twitter.com\/flipped_ibi\",\"https:\/\/vn.linkedin.com\/company\/ibi-school\",\"https:\/\/www.youtube.com\/channel\/UClAXxp1l9MgKTQiwyGKT8QA\"]}]}<\/script>\n<!-- \/ Yoast SEO plugin. -->","yoast_head_json":{"title":"ePrep | Luy\u1ec7n thi IELTS - IBI Global - Vietnam","robots":{"index":"index","follow":"follow","max-snippet":"max-snippet:-1","max-image-preview":"max-image-preview:large","max-video-preview":"max-video-preview:-1"},"canonical":"https:\/\/ibi-global.com\/vi\/khoa-hoc\/eprep-luyen-thi-ielts\/","og_locale":"vi_VN","og_type":"article","og_title":"ePrep | Luy\u1ec7n thi IELTS - IBI Global - Vietnam","og_url":"https:\/\/ibi-global.com\/vi\/khoa-hoc\/eprep-luyen-thi-ielts\/","og_site_name":"IBI Global - Vietnam","article_publisher":"https:\/\/www.facebook.com\/ibischool.vietnam","article_modified_time":"2023-03-10T13:39:07+00:00","twitter_card":"summary_large_image","twitter_site":"@flipped_ibi","twitter_misc":{"Est. reading time":"2 minutes"},"schema":{"@context":"https:\/\/schema.org","@graph":[{"@type":"WebPage","@id":"https:\/\/ibi-global.com\/vi\/khoa-hoc\/eprep-luyen-thi-ielts\/","url":"https:\/\/ibi-global.com\/vi\/khoa-hoc\/eprep-luyen-thi-ielts\/","name":"ePrep | Luy\u1ec7n thi IELTS - IBI Global - Vietnam","isPartOf":{"@id":"https:\/\/ibi-global.com\/vi\/#website"},"datePublished":"2023-03-07T16:53:22+00:00","dateModified":"2023-03-10T13:39:07+00:00","breadcrumb":{"@id":"https:\/\/ibi-global.com\/vi\/khoa-hoc\/eprep-luyen-thi-ielts\/#breadcrumb"},"inLanguage":"vi-VN","potentialAction":[{"@type":"ReadAction","target":["https:\/\/ibi-global.com\/vi\/khoa-hoc\/eprep-luyen-thi-ielts\/"]}]},{"@type":"BreadcrumbList","@id":"https:\/\/ibi-global.com\/vi\/khoa-hoc\/eprep-luyen-thi-ielts\/#breadcrumb","itemListElement":[{"@type":"ListItem","position":1,"name":"Home","item":"https:\/\/ibi-global.com\/vi\/"},{"@type":"ListItem","position":2,"name":"Kh\u00f3a h\u1ecdc","item":"https:\/\/ibi-global.com\/vi\/khoa-hoc\/"},{"@type":"ListItem","position":3,"name":"ePrep | Luy\u1ec7n thi IELTS"}]},{"@type":"WebSite","@id":"https:\/\/ibi-global.com\/vi\/#website","url":"https:\/\/ibi-global.com\/vi\/","name":"IBI Global - Vietnam","description":"H\u1ecdc Ti\u1ebfng Anh Th\u01b0\u01a1ng M\u1ea1i V\u00e0 K\u1ef9 N\u0103ng Kinh Doanh Online","publisher":{"@id":"https:\/\/ibi-global.com\/vi\/#organization"},"potentialAction":[{"@type":"SearchAction","target":{"@type":"EntryPoint","urlTemplate":"https:\/\/ibi-global.com\/vi\/?s={search_term_string}"},"query-input":"required name=search_term_string"}],"inLanguage":"vi-VN"},{"@type":"Organization","@id":"https:\/\/ibi-global.com\/vi\/#organization","name":"IBI Global","url":"https:\/\/ibi-global.com\/vi\/","logo":{"@type":"ImageObject","inLanguage":"vi-VN","@id":"https:\/\/ibi-global.com\/vi\/#\/schema\/logo\/image\/","url":"https:\/\/school.ibi-global.com\/wp-content\/uploads\/2023\/03\/ibi-school-logo-9168.png","contentUrl":"https:\/\/school.ibi-global.com\/wp-content\/uploads\/2023\/03\/ibi-school-logo-9168.png","width":500,"height":435,"caption":"IBI Global"},"image":{"@id":"https:\/\/ibi-global.com\/vi\/#\/schema\/logo\/image\/"},"sameAs":["https:\/\/www.facebook.com\/ibischool.vietnam","https:\/\/twitter.com\/flipped_ibi","https:\/\/vn.linkedin.com\/company\/ibi-school","https:\/\/www.youtube.com\/channel\/UClAXxp1l9MgKTQiwyGKT8QA"]}]}},"_links":{"self":[{"href":"https:\/\/ibi-global.com\/vi\/wp-json\/wp\/v2\/pages\/392","targetHints":{"allow":["GET"]}}],"collection":[{"href":"https:\/\/ibi-global.com\/vi\/wp-json\/wp\/v2\/pages"}],"about":[{"href":"https:\/\/ibi-global.com\/vi\/wp-json\/wp\/v2\/types\/page"}],"author":[{"embeddable":true,"href":"https:\/\/ibi-global.com\/vi\/wp-json\/wp\/v2\/users\/1"}],"replies":[{"embeddable":true,"href":"https:\/\/ibi-global.com\/vi\/wp-json\/wp\/v2\/comments?post=392"}],"version-history":[{"count":4,"href":"https:\/\/ibi-global.com\/vi\/wp-json\/wp\/v2\/pages\/392\/revisions"}],"predecessor-version":[{"id":752,"href":"https:\/\/ibi-global.com\/vi\/wp-json\/wp\/v2\/pages\/392\/revisions\/752"}],"up":[{"embeddable":true,"href":"https:\/\/ibi-global.com\/vi\/wp-json\/wp\/v2\/pages\/382"}],"wp:attachment":[{"href":"https:\/\/ibi-global.com\/vi\/wp-json\/wp\/v2\/media?parent=392"}],"curies":[{"name":"wp","href":"https:\/\/api.w.org\/{rel}","templated":true}]}}