{"id":389,"date":"2023-03-07T23:51:28","date_gmt":"2023-03-07T16:51:28","guid":{"rendered":"http:\/\/school.sunshinevn.com\/?page_id=389"},"modified":"2024-09-25T09:28:01","modified_gmt":"2024-09-25T02:28:01","slug":"tieng-anh-ky-su","status":"publish","type":"page","link":"https:\/\/ibi-global.com\/vi\/khoa-hoc\/tieng-anh-ky-su\/","title":{"rendered":"Ti\u1ebfng Anh K\u1ef9 S\u01b0 Online"},"content":{"rendered":"<h2>eEngineering | Ti\u1ebfng Anh K\u1ef9 S\u01b0 Online\u00a0<\/h2>\n<p>\u00a0<\/p>\n<p style=\"text-align: justify;\"><strong>Ti\u1ebfng Anh K\u1ef9 S\u01b0 (eEngineering)<\/strong> t\u1eadp trung ph\u00e1t tri\u1ec3n kh\u1ea3 n\u0103ng giao ti\u1ebfp ti\u1ebfng Anh d\u00e0nh cho c\u00e1c k\u1ef9 s\u01b0 \u0111ang l\u00e0m vi\u1ec7c trong m\u00f4i tr\u01b0\u1eddng qu\u1ed1c t\u1ebf c\u00e1c ng\u00e0nh sau:<\/p>\n<div class=\"wysiwyg\">\n<ul>\n<li>Ti\u1ebfng Anh k\u1ef9 s\u01b0 <a href=\"https:\/\/hrchannels.com\/uptalent\/f-b-la-gi-tat-tan-tat-ve-nganh-f-b.html\">ng\u00e0nh F&amp;B<\/a><\/li>\n<li>Ti\u1ebfng Anh k\u1ef9 s\u01b0 ng\u00e0nh x\u00e2y d\u1ef1ng<\/li>\n<li>Ti\u1ebfng Anh k\u1ef9 s\u01b0 ng\u00e0nh \u0111i\u1ec7n<\/li>\n<li>Ti\u1ebfng Anh k\u1ef9 s\u01b0 <a href=\"https:\/\/tuyensinh.uit.edu.vn\/tong-quan-nganh-cong-nghe-thong-tin\">ng\u00e0nh c\u00f4ng ngh\u1ec7 th\u00f4ng tin<\/a><\/li>\n<li>Ti\u1ebfng Anh k\u1ef9 s\u01b0 d\u1ea7u kh\u00ed<\/li>\n<\/ul>\n<p style=\"text-align: justify;\">S\u1ef1 k\u1ebft h\u1ee3p h\u00e0i h\u00f2a gi\u1eefa <a href=\"https:\/\/ibi-global.com\/vi\/mo-hinh-hoc\/eclasses-tu-hoc-24-7\/\">ch\u01b0\u01a1ng tr\u00ecnh t\u1ef1 h\u1ecdc 24\/7 eClasses<\/a> v\u00e0 <a href=\"https:\/\/ibi-global.com\/vi\/mo-hinh-hoc\/econversations-lop-hoc-live\/\">l\u1edbp h\u1ecdc live eConversations<\/a> gi\u00fap h\u1ecdc vi\u00ean ph\u00e1t tri\u1ec3n to\u00e0n di\u1ec7n c\u00e1c k\u1ef9 n\u0103ng Anh ng\u1eef theo s\u01a1 \u0111\u1ed3 sau:<\/p>\n<p style=\"text-align: center;\"><img loading=\"lazy\" decoding=\"async\" class=\"aligncenter size-medium wp-image-2183\" src=\"https:\/\/ibi-global.com\/wp-content\/uploads\/2024\/07\/IBI-Global_Learning-concept_VN-601x400.png\" alt=\"\" width=\"601\" height=\"400\" srcset=\"https:\/\/ibi-global.com\/wp-content\/uploads\/2024\/07\/IBI-Global_Learning-concept_VN-601x400.png 601w, https:\/\/ibi-global.com\/wp-content\/uploads\/2024\/07\/IBI-Global_Learning-concept_VN-1201x800.png 1201w, https:\/\/ibi-global.com\/wp-content\/uploads\/2024\/07\/IBI-Global_Learning-concept_VN-768x511.png 768w, https:\/\/ibi-global.com\/wp-content\/uploads\/2024\/07\/IBI-Global_Learning-concept_VN-600x400.png 600w, https:\/\/ibi-global.com\/wp-content\/uploads\/2024\/07\/IBI-Global_Learning-concept_VN.png 1335w\" sizes=\"auto, (max-width: 601px) 100vw, 601px\" \/><\/p>\n<div><strong>C\u1ea5u tr\u00fac kh\u00f3a h\u1ecdc: <\/strong>Kh\u00f3a eEngineering ch\u1ec9 d\u00e0nh cho c\u00e1c h\u1ecdc vi\u00ean c\u00f3 c\u1ea5p \u0111\u1ed9 ti\u1ebfng Anh t\u1ed5ng qu\u00e1t (General English) t\u1eeb s\u01a1 trung c\u1ea5p (Pre-Intermediate) tr\u1edf l\u00ean. S\u0129 s\u1ed1 l\u1edbp h\u1ecdc 1 gi\u00e1o vi\u00ean 8 h\u1ecdc vi\u00ean.<\/div>\n<div>\u00a0<\/div>\n<div>\u00a0<\/div>\n<div>\n<table style=\"width: 100%;\" border=\"1\" cellspacing=\"1\" cellpadding=\"1\" align=\"center\">\n<tbody>\n<tr>\n<td style=\"text-align: center; width: 189px;\"><strong>M\u00f4 h\u00ecnh h\u1ecdc<\/strong><\/td>\n<td style=\"text-align: center; width: 168px;\"><strong>Gi\u00e1o vi\u00ean<\/strong><\/td>\n<td style=\"text-align: center; width: 165px;\"><strong>Kh\u00f3a h\u1ecdc 16 tu\u1ea7n<\/strong><\/td>\n<td style=\"text-align: center; width: 3px;\"><strong>H\u1ecdc ph\u00ed\/ kh\u00f3a<\/strong><\/td>\n<\/tr>\n<tr>\n<td style=\"width: 189px; text-align: center;\"><a href=\"https:\/\/ibi-global.com\/vi\/mo-hinh-hoc\/eblended\/\">M\u00f4 h\u00ecnh t\u00edch h\u1ee3p eBlended<\/a><\/td>\n<td style=\"width: 168px; text-align: center;\">100% <a href=\"https:\/\/school.ibi-global.com\/vi\/giao-vien\/\" target=\"_blank\" rel=\"noopener\">gi\u00e1o vi\u00ean b\u1ea3n ng\u1eef<\/a><\/td>\n<td style=\"width: 165px; text-align: center;\">(48 gi\u1edd eClasses<\/p>\n<p>+ 48 gi\u1edd eConversations)<\/p>\n<\/td>\n<td style=\"width: 3px; text-align: center;\"><strong>12.000.000\u0110<\/strong><\/td>\n<\/tr>\n<\/tbody>\n<\/table>\n<\/div>\n<div>\u00a0<\/div>\n<div>\u00a0<\/div>\n<\/div>\n<div class=\"wysiwyg\">\n<div>\u00a0<\/div>\n<\/div>\n","protected":false},"excerpt":{"rendered":"<p>eEngineering | Ti\u1ebfng Anh K\u1ef9 S\u01b0 Online\u00a0 \u00a0 Ti\u1ebfng Anh K\u1ef9 S\u01b0 (eEngineering) t\u1eadp trung ph\u00e1t tri\u1ec3n kh\u1ea3 n\u0103ng giao ti\u1ebfp ti\u1ebfng Anh d\u00e0nh cho c\u00e1c k\u1ef9 s\u01b0 \u0111ang l\u00e0m vi\u1ec7c trong m\u00f4i tr\u01b0\u1eddng qu\u1ed1c t\u1ebf c\u00e1c ng\u00e0nh sau: Ti\u1ebfng Anh k\u1ef9 s\u01b0 ng\u00e0nh F&amp;B Ti\u1ebfng Anh k\u1ef9 s\u01b0 ng\u00e0nh x\u00e2y d\u1ef1ng Ti\u1ebfng Anh k\u1ef9.. [&#8230;]\n","protected":false},"author":1,"featured_media":0,"parent":382,"menu_order":0,"comment_status":"closed","ping_status":"closed","template":"","meta":{"footnotes":""},"class_list":["post-389","page","type-page","status-publish","hentry"],"yoast_head":"<!-- This site is optimized with the Yoast SEO plugin v20.3 - https:\/\/yoast.com\/wordpress\/plugins\/seo\/ -->\n<title>Ti\u1ebfng Anh K\u1ef9 S\u01b0 Online<\/title>\n<meta name=\"description\" content=\"Ch\u01b0\u01a1ng tr\u00ecnh ti\u1ebfng Anh k\u1ef9 s\u01b0 online IBI t\u1eadp trung ph\u00e1t tri\u1ec3n kh\u1ea3 n\u0103ng giao ti\u1ebfp ti\u1ebfng Anh d\u00e0nh cho c\u00e1c k\u1ef9 s\u01b0 l\u00e0m vi\u1ec7c trong m\u00f4i tr\u01b0\u1eddng qu\u1ed1c t\u1ebf\" \/>\n<meta name=\"robots\" content=\"index, follow, max-snippet:-1, max-image-preview:large, max-video-preview:-1\" \/>\n<link rel=\"canonical\" href=\"https:\/\/ibi-global.com\/vi\/khoa-hoc\/tieng-anh-ky-su\/\" \/>\n<meta property=\"og:locale\" content=\"vi_VN\" \/>\n<meta property=\"og:type\" content=\"article\" \/>\n<meta property=\"og:title\" content=\"Ti\u1ebfng Anh K\u1ef9 S\u01b0 Online\" \/>\n<meta property=\"og:description\" content=\"Ch\u01b0\u01a1ng tr\u00ecnh ti\u1ebfng Anh k\u1ef9 s\u01b0 online IBI t\u1eadp trung ph\u00e1t tri\u1ec3n kh\u1ea3 n\u0103ng giao ti\u1ebfp ti\u1ebfng Anh d\u00e0nh cho c\u00e1c k\u1ef9 s\u01b0 l\u00e0m vi\u1ec7c trong m\u00f4i tr\u01b0\u1eddng qu\u1ed1c t\u1ebf\" \/>\n<meta property=\"og:url\" content=\"https:\/\/ibi-global.com\/vi\/khoa-hoc\/tieng-anh-ky-su\/\" \/>\n<meta property=\"og:site_name\" content=\"IBI Global - Vietnam\" \/>\n<meta property=\"article:publisher\" content=\"https:\/\/www.facebook.com\/ibischool.vietnam\" \/>\n<meta property=\"article:modified_time\" content=\"2024-09-25T02:28:01+00:00\" \/>\n<meta property=\"og:image\" content=\"https:\/\/ibi-global.com\/wp-content\/uploads\/2024\/07\/IBI-Global_Learning-concept_VN-601x400.png\" \/>\n<meta name=\"twitter:card\" content=\"summary_large_image\" \/>\n<meta name=\"twitter:site\" content=\"@flipped_ibi\" \/>\n<meta name=\"twitter:label1\" content=\"Est. reading time\" \/>\n\t<meta name=\"twitter:data1\" content=\"1 minute\" \/>\n<script type=\"application\/ld+json\" class=\"yoast-schema-graph\">{\"@context\":\"https:\/\/schema.org\",\"@graph\":[{\"@type\":\"WebPage\",\"@id\":\"https:\/\/ibi-global.com\/vi\/khoa-hoc\/tieng-anh-ky-su\/\",\"url\":\"https:\/\/ibi-global.com\/vi\/khoa-hoc\/tieng-anh-ky-su\/\",\"name\":\"Ti\u1ebfng Anh K\u1ef9 S\u01b0 Online\",\"isPartOf\":{\"@id\":\"https:\/\/ibi-global.com\/vi\/#website\"},\"datePublished\":\"2023-03-07T16:51:28+00:00\",\"dateModified\":\"2024-09-25T02:28:01+00:00\",\"description\":\"Ch\u01b0\u01a1ng tr\u00ecnh ti\u1ebfng Anh k\u1ef9 s\u01b0 online IBI t\u1eadp trung ph\u00e1t tri\u1ec3n kh\u1ea3 n\u0103ng giao ti\u1ebfp ti\u1ebfng Anh d\u00e0nh cho c\u00e1c k\u1ef9 s\u01b0 l\u00e0m vi\u1ec7c trong m\u00f4i tr\u01b0\u1eddng qu\u1ed1c t\u1ebf\",\"breadcrumb\":{\"@id\":\"https:\/\/ibi-global.com\/vi\/khoa-hoc\/tieng-anh-ky-su\/#breadcrumb\"},\"inLanguage\":\"vi-VN\",\"potentialAction\":[{\"@type\":\"ReadAction\",\"target\":[\"https:\/\/ibi-global.com\/vi\/khoa-hoc\/tieng-anh-ky-su\/\"]}]},{\"@type\":\"BreadcrumbList\",\"@id\":\"https:\/\/ibi-global.com\/vi\/khoa-hoc\/tieng-anh-ky-su\/#breadcrumb\",\"itemListElement\":[{\"@type\":\"ListItem\",\"position\":1,\"name\":\"Home\",\"item\":\"https:\/\/ibi-global.com\/vi\/\"},{\"@type\":\"ListItem\",\"position\":2,\"name\":\"Kh\u00f3a h\u1ecdc\",\"item\":\"https:\/\/ibi-global.com\/vi\/khoa-hoc\/\"},{\"@type\":\"ListItem\",\"position\":3,\"name\":\"Ti\u1ebfng Anh K\u1ef9 S\u01b0 Online\"}]},{\"@type\":\"WebSite\",\"@id\":\"https:\/\/ibi-global.com\/vi\/#website\",\"url\":\"https:\/\/ibi-global.com\/vi\/\",\"name\":\"IBI Global - Vietnam\",\"description\":\"H\u1ecdc Ti\u1ebfng Anh Th\u01b0\u01a1ng M\u1ea1i V\u00e0 K\u1ef9 N\u0103ng Kinh Doanh Online\",\"publisher\":{\"@id\":\"https:\/\/ibi-global.com\/vi\/#organization\"},\"potentialAction\":[{\"@type\":\"SearchAction\",\"target\":{\"@type\":\"EntryPoint\",\"urlTemplate\":\"https:\/\/ibi-global.com\/vi\/?s={search_term_string}\"},\"query-input\":\"required name=search_term_string\"}],\"inLanguage\":\"vi-VN\"},{\"@type\":\"Organization\",\"@id\":\"https:\/\/ibi-global.com\/vi\/#organization\",\"name\":\"IBI Global\",\"url\":\"https:\/\/ibi-global.com\/vi\/\",\"logo\":{\"@type\":\"ImageObject\",\"inLanguage\":\"vi-VN\",\"@id\":\"https:\/\/ibi-global.com\/vi\/#\/schema\/logo\/image\/\",\"url\":\"https:\/\/school.ibi-global.com\/wp-content\/uploads\/2023\/03\/ibi-school-logo-9168.png\",\"contentUrl\":\"https:\/\/school.ibi-global.com\/wp-content\/uploads\/2023\/03\/ibi-school-logo-9168.png\",\"width\":500,\"height\":435,\"caption\":\"IBI Global\"},\"image\":{\"@id\":\"https:\/\/ibi-global.com\/vi\/#\/schema\/logo\/image\/\"},\"sameAs\":[\"https:\/\/www.facebook.com\/ibischool.vietnam\",\"https:\/\/twitter.com\/flipped_ibi\",\"https:\/\/vn.linkedin.com\/company\/ibi-school\",\"https:\/\/www.youtube.com\/channel\/UClAXxp1l9MgKTQiwyGKT8QA\"]}]}<\/script>\n<!-- \/ Yoast SEO plugin. -->","yoast_head_json":{"title":"Ti\u1ebfng Anh K\u1ef9 S\u01b0 Online","description":"Ch\u01b0\u01a1ng tr\u00ecnh ti\u1ebfng Anh k\u1ef9 s\u01b0 online IBI t\u1eadp trung ph\u00e1t tri\u1ec3n kh\u1ea3 n\u0103ng giao ti\u1ebfp ti\u1ebfng Anh d\u00e0nh cho c\u00e1c k\u1ef9 s\u01b0 l\u00e0m vi\u1ec7c trong m\u00f4i tr\u01b0\u1eddng qu\u1ed1c t\u1ebf","robots":{"index":"index","follow":"follow","max-snippet":"max-snippet:-1","max-image-preview":"max-image-preview:large","max-video-preview":"max-video-preview:-1"},"canonical":"https:\/\/ibi-global.com\/vi\/khoa-hoc\/tieng-anh-ky-su\/","og_locale":"vi_VN","og_type":"article","og_title":"Ti\u1ebfng Anh K\u1ef9 S\u01b0 Online","og_description":"Ch\u01b0\u01a1ng tr\u00ecnh ti\u1ebfng Anh k\u1ef9 s\u01b0 online IBI t\u1eadp trung ph\u00e1t tri\u1ec3n kh\u1ea3 n\u0103ng giao ti\u1ebfp ti\u1ebfng Anh d\u00e0nh cho c\u00e1c k\u1ef9 s\u01b0 l\u00e0m vi\u1ec7c trong m\u00f4i tr\u01b0\u1eddng qu\u1ed1c t\u1ebf","og_url":"https:\/\/ibi-global.com\/vi\/khoa-hoc\/tieng-anh-ky-su\/","og_site_name":"IBI Global - Vietnam","article_publisher":"https:\/\/www.facebook.com\/ibischool.vietnam","article_modified_time":"2024-09-25T02:28:01+00:00","og_image":[{"url":"https:\/\/ibi-global.com\/wp-content\/uploads\/2024\/07\/IBI-Global_Learning-concept_VN-601x400.png"}],"twitter_card":"summary_large_image","twitter_site":"@flipped_ibi","twitter_misc":{"Est. reading time":"1 minute"},"schema":{"@context":"https:\/\/schema.org","@graph":[{"@type":"WebPage","@id":"https:\/\/ibi-global.com\/vi\/khoa-hoc\/tieng-anh-ky-su\/","url":"https:\/\/ibi-global.com\/vi\/khoa-hoc\/tieng-anh-ky-su\/","name":"Ti\u1ebfng Anh K\u1ef9 S\u01b0 Online","isPartOf":{"@id":"https:\/\/ibi-global.com\/vi\/#website"},"datePublished":"2023-03-07T16:51:28+00:00","dateModified":"2024-09-25T02:28:01+00:00","description":"Ch\u01b0\u01a1ng tr\u00ecnh ti\u1ebfng Anh k\u1ef9 s\u01b0 online IBI t\u1eadp trung ph\u00e1t tri\u1ec3n kh\u1ea3 n\u0103ng giao ti\u1ebfp ti\u1ebfng Anh d\u00e0nh cho c\u00e1c k\u1ef9 s\u01b0 l\u00e0m vi\u1ec7c trong m\u00f4i tr\u01b0\u1eddng qu\u1ed1c t\u1ebf","breadcrumb":{"@id":"https:\/\/ibi-global.com\/vi\/khoa-hoc\/tieng-anh-ky-su\/#breadcrumb"},"inLanguage":"vi-VN","potentialAction":[{"@type":"ReadAction","target":["https:\/\/ibi-global.com\/vi\/khoa-hoc\/tieng-anh-ky-su\/"]}]},{"@type":"BreadcrumbList","@id":"https:\/\/ibi-global.com\/vi\/khoa-hoc\/tieng-anh-ky-su\/#breadcrumb","itemListElement":[{"@type":"ListItem","position":1,"name":"Home","item":"https:\/\/ibi-global.com\/vi\/"},{"@type":"ListItem","position":2,"name":"Kh\u00f3a h\u1ecdc","item":"https:\/\/ibi-global.com\/vi\/khoa-hoc\/"},{"@type":"ListItem","position":3,"name":"Ti\u1ebfng Anh K\u1ef9 S\u01b0 Online"}]},{"@type":"WebSite","@id":"https:\/\/ibi-global.com\/vi\/#website","url":"https:\/\/ibi-global.com\/vi\/","name":"IBI Global - Vietnam","description":"H\u1ecdc Ti\u1ebfng Anh Th\u01b0\u01a1ng M\u1ea1i V\u00e0 K\u1ef9 N\u0103ng Kinh Doanh Online","publisher":{"@id":"https:\/\/ibi-global.com\/vi\/#organization"},"potentialAction":[{"@type":"SearchAction","target":{"@type":"EntryPoint","urlTemplate":"https:\/\/ibi-global.com\/vi\/?s={search_term_string}"},"query-input":"required name=search_term_string"}],"inLanguage":"vi-VN"},{"@type":"Organization","@id":"https:\/\/ibi-global.com\/vi\/#organization","name":"IBI Global","url":"https:\/\/ibi-global.com\/vi\/","logo":{"@type":"ImageObject","inLanguage":"vi-VN","@id":"https:\/\/ibi-global.com\/vi\/#\/schema\/logo\/image\/","url":"https:\/\/school.ibi-global.com\/wp-content\/uploads\/2023\/03\/ibi-school-logo-9168.png","contentUrl":"https:\/\/school.ibi-global.com\/wp-content\/uploads\/2023\/03\/ibi-school-logo-9168.png","width":500,"height":435,"caption":"IBI Global"},"image":{"@id":"https:\/\/ibi-global.com\/vi\/#\/schema\/logo\/image\/"},"sameAs":["https:\/\/www.facebook.com\/ibischool.vietnam","https:\/\/twitter.com\/flipped_ibi","https:\/\/vn.linkedin.com\/company\/ibi-school","https:\/\/www.youtube.com\/channel\/UClAXxp1l9MgKTQiwyGKT8QA"]}]}},"_links":{"self":[{"href":"https:\/\/ibi-global.com\/vi\/wp-json\/wp\/v2\/pages\/389","targetHints":{"allow":["GET"]}}],"collection":[{"href":"https:\/\/ibi-global.com\/vi\/wp-json\/wp\/v2\/pages"}],"about":[{"href":"https:\/\/ibi-global.com\/vi\/wp-json\/wp\/v2\/types\/page"}],"author":[{"embeddable":true,"href":"https:\/\/ibi-global.com\/vi\/wp-json\/wp\/v2\/users\/1"}],"replies":[{"embeddable":true,"href":"https:\/\/ibi-global.com\/vi\/wp-json\/wp\/v2\/comments?post=389"}],"version-history":[{"count":32,"href":"https:\/\/ibi-global.com\/vi\/wp-json\/wp\/v2\/pages\/389\/revisions"}],"predecessor-version":[{"id":2490,"href":"https:\/\/ibi-global.com\/vi\/wp-json\/wp\/v2\/pages\/389\/revisions\/2490"}],"up":[{"embeddable":true,"href":"https:\/\/ibi-global.com\/vi\/wp-json\/wp\/v2\/pages\/382"}],"wp:attachment":[{"href":"https:\/\/ibi-global.com\/vi\/wp-json\/wp\/v2\/media?parent=389"}],"curies":[{"name":"wp","href":"https:\/\/api.w.org\/{rel}","templated":true}]}}