{"id":295,"date":"2023-03-07T05:04:15","date_gmt":"2023-03-07T05:04:15","guid":{"rendered":"http:\/\/school.sunshinevn.com\/?page_id=295"},"modified":"2023-03-07T05:05:12","modified_gmt":"2023-03-07T05:05:12","slug":"tuyen-dung","status":"publish","type":"page","link":"https:\/\/ibi-global.com\/vi\/tuyen-dung\/","title":{"rendered":"Tuy\u1ec3n d\u1ee5ng"},"content":{"rendered":"\n<h1 class=\"news-detail-title\">Tuy\u1ec3n d\u1ee5ng<\/h1>\n<div class=\"wysiwyg\">\n<div>Do nhu c\u1ea7u m\u1edf r\u1ed9ng h\u1ec7 th\u1ed1ng trung t\u00e2m t\u1ea1i Vi\u1ec7t Nam, ch\u00fang t\u00f4i c\u1ea7n tuy\u1ec3n c\u00e1c v\u1ecb tr\u00ed sau:\u00a0<\/div>\n<div>\u00a0<\/div>\n<div><strong>1. Nh\u00e2n vi\u00ean tuy\u1ec3n sinh (to\u00e0n th\u1eddi gian)<\/strong><\/div>\n<div>\u00a0<\/div>\n<div><strong>\u0110i\u1ec1u ki\u1ec7n:\u00a0<\/strong><\/div>\n<ul>\n<li>T\u1ed1t nghi\u1ec7p \u0111\u1ea1i h\u1ecdc ho\u1eb7c cao \u0111\u1eb3ng.<\/li>\n<li>C\u00f3 k\u1ef9 n\u0103ng giao ti\u1ebfp t\u1ed1t (n\u00f3i v\u00e0 vi\u1ebft).<\/li>\n<li>C\u00f3 k\u1ef9 n\u0103ng l\u00ean k\u1ebf ho\u1ea1ch c\u00f4ng vi\u1ec7c.<\/li>\n<li>C\u00f3 k\u1ef9 n\u0103ng ph\u1ed1i h\u1ee3p v\u00e0 l\u00e0m vi\u1ec7c nh\u00f3m.<\/li>\n<li>C\u00f3 tinh th\u1ea7n tr\u00e1ch nhi\u1ec7m v\u00e0 ham h\u1ecdc h\u1ecfi.<\/li>\n<li>Ti\u1ebfng Anh t\u1ed1t l\u00e0 l\u1ee3i th\u1ebf.<\/li>\n<\/ul>\n<div>\u00a0<\/div>\n<div><strong>M\u00f4 t\u1ea3 c\u00f4ng vi\u1ec7c:<\/strong><\/div>\n<ul>\n<li>L\u00ean k\u1ebf ho\u1ea1ch ti\u1ebfp c\u1eadn kh\u00e1ch h\u00e0ng qua c\u00e1c h\u00ecnh th\u1ee9c kh\u00e1c nhau t\u1eeb offline \u0111\u1ebfn online.\u00a0<\/li>\n<li>K\u1ebft h\u1ee3p v\u1edbi b\u1ed9 ph\u1eadn marketing ti\u1ebfp c\u1eadn, t\u01b0 v\u1ea5n kh\u00e1ch h\u00e0ng ti\u1ec1m n\u0103ng.<\/li>\n<li>H\u1ed7 tr\u1ee3 c\u1ea5p tr\u00ean trong vi\u1ec7c li\u00ean k\u1ebft v\u1edbi \u0111\u1ed1i t\u00e1c v\u00e0 tr\u01b0\u1eddng h\u1ecdc.<\/li>\n<li>Ch\u1ecbu tr\u00e1ch nhi\u1ec7m \u0111\u1ea1t m\u1ee5c ti\u00eau tuy\u1ec3n sinh theo k\u1ebf ho\u1ea1ch.<\/li>\n<\/ul>\n<div><strong>\u1ee8ng vi\u00ean quan t\u00e2m, vui l\u00f2ng g\u1edfi CV\u00a0qua email: info@ibi-global.com tr\u01b0\u1edbc ng\u00e0y 14\/01\/2023<\/strong><\/div>\n<div>\u00a0<\/div>\n<div><strong>2. Nh\u00e2n vi\u00ean tuy\u1ec3n sinh v\u00e0 t\u1ed5 ch\u1ee9c s\u1ef1 ki\u1ec7n (to\u00e0n th\u1eddi gian)<\/strong><\/div>\n<div>\u00a0<\/div>\n<div><strong>\u0110i\u1ec1u ki\u1ec7n:\u00a0<\/strong><\/div>\n<ul>\n<li>T\u1ed1t nghi\u1ec7p \u0111\u1ea1i h\u1ecdc ho\u1eb7c cao \u0111\u1eb3ng.<\/li>\n<li>C\u00f3 k\u1ef9 n\u0103ng giao ti\u1ebfp t\u1ed1t (n\u00f3i v\u00e0 vi\u1ebft).<\/li>\n<li>C\u00f3 kh\u1ea3 n\u0103ng l\u00ean k\u1ebf ho\u1ea1ch v\u00e0 ph\u1ed1i h\u1ee3p t\u1ed5 ch\u1ee9c c\u00e1c s\u1ef1 ki\u1ec7n nh\u01b0 h\u1ed9i th\u1ea3o v\u00e0 ho\u1ea1t \u0111\u1ed9ng cho tr\u1ebb.<\/li>\n<li>C\u00f3 k\u1ef9 n\u0103ng ph\u1ed1i h\u1ee3p v\u00e0 l\u00e0m vi\u1ec7c nh\u00f3m.<\/li>\n<li>C\u00f3 tinh th\u1ea7n tr\u00e1ch nhi\u1ec7m cao v\u00e0 ham h\u1ecdc h\u1ecfi.<\/li>\n<li>Ti\u1ebfng Anh t\u1ed1t l\u00e0 l\u1ee3i th\u1ebf.<\/li>\n<\/ul>\n<div><strong>M\u00f4 t\u1ea3 c\u00f4ng vi\u1ec7c:<\/strong><\/div>\n<ul>\n<li>L\u00ean k\u1ebf ho\u1ea1ch tri\u1ec3n khai c\u00e1c s\u1ef1 ki\u1ec7n theo k\u1ebf ho\u1ea1ch \u0111\u1eb7t ra.<\/li>\n<li>K\u1ebft h\u1ee3p v\u1edbi c\u00e1c b\u1ed9 ph\u1eadn kh\u00e1c ti\u1ebfp c\u1eadn v\u00e0 t\u01b0 v\u1ea5n kh\u00e1ch h\u00e0ng ti\u1ec1m n\u0103ng.<\/li>\n<li>Ch\u1ecbu tr\u00e1ch nhi\u1ec7m \u0111\u1ea1t m\u1ee5c ti\u00eau tuy\u1ec3n sinh theo k\u1ebf ho\u1ea1ch.<\/li>\n<\/ul>\n<div><strong>\u1ee8ng vi\u00ean quan t\u00e2m, vui l\u00f2ng g\u1edfi CV\u00a0qua email: info@ibi-global.com tr\u01b0\u1edbc ng\u00e0y 14\/01\/2023<\/strong><\/div>\n<\/div>\n<div>\u00a0<\/div>\n<div>\u00a0<\/div>\n\n","protected":false},"excerpt":{"rendered":"","protected":false},"author":1,"featured_media":0,"parent":0,"menu_order":0,"comment_status":"closed","ping_status":"closed","template":"","meta":{"footnotes":""},"class_list":["post-295","page","type-page","status-publish","hentry"],"yoast_head":"<!-- This site is optimized with the Yoast SEO plugin v20.3 - https:\/\/yoast.com\/wordpress\/plugins\/seo\/ -->\n<title>Tuy\u1ec3n d\u1ee5ng - IBI Global - Vietnam<\/title>\n<meta name=\"robots\" content=\"index, follow, max-snippet:-1, max-image-preview:large, max-video-preview:-1\" \/>\n<link rel=\"canonical\" href=\"https:\/\/ibi-global.com\/vi\/tuyen-dung\/\" \/>\n<meta property=\"og:locale\" content=\"vi_VN\" \/>\n<meta property=\"og:type\" content=\"article\" \/>\n<meta property=\"og:title\" content=\"Tuy\u1ec3n d\u1ee5ng - IBI Global - Vietnam\" \/>\n<meta property=\"og:url\" content=\"https:\/\/ibi-global.com\/vi\/tuyen-dung\/\" \/>\n<meta property=\"og:site_name\" content=\"IBI Global - Vietnam\" \/>\n<meta property=\"article:publisher\" content=\"https:\/\/www.facebook.com\/ibischool.vietnam\" \/>\n<meta property=\"article:modified_time\" content=\"2023-03-07T05:05:12+00:00\" \/>\n<meta name=\"twitter:card\" content=\"summary_large_image\" \/>\n<meta name=\"twitter:site\" content=\"@flipped_ibi\" \/>\n<meta name=\"twitter:label1\" content=\"Est. reading time\" \/>\n\t<meta name=\"twitter:data1\" content=\"2 minutes\" \/>\n<script type=\"application\/ld+json\" class=\"yoast-schema-graph\">{\"@context\":\"https:\/\/schema.org\",\"@graph\":[{\"@type\":\"WebPage\",\"@id\":\"https:\/\/ibi-global.com\/vi\/tuyen-dung\/\",\"url\":\"https:\/\/ibi-global.com\/vi\/tuyen-dung\/\",\"name\":\"Tuy\u1ec3n d\u1ee5ng - IBI Global - Vietnam\",\"isPartOf\":{\"@id\":\"https:\/\/ibi-global.com\/vi\/#website\"},\"datePublished\":\"2023-03-07T05:04:15+00:00\",\"dateModified\":\"2023-03-07T05:05:12+00:00\",\"breadcrumb\":{\"@id\":\"https:\/\/ibi-global.com\/vi\/tuyen-dung\/#breadcrumb\"},\"inLanguage\":\"vi-VN\",\"potentialAction\":[{\"@type\":\"ReadAction\",\"target\":[\"https:\/\/ibi-global.com\/vi\/tuyen-dung\/\"]}]},{\"@type\":\"BreadcrumbList\",\"@id\":\"https:\/\/ibi-global.com\/vi\/tuyen-dung\/#breadcrumb\",\"itemListElement\":[{\"@type\":\"ListItem\",\"position\":1,\"name\":\"Home\",\"item\":\"https:\/\/ibi-global.com\/vi\/\"},{\"@type\":\"ListItem\",\"position\":2,\"name\":\"Tuy\u1ec3n d\u1ee5ng\"}]},{\"@type\":\"WebSite\",\"@id\":\"https:\/\/ibi-global.com\/vi\/#website\",\"url\":\"https:\/\/ibi-global.com\/vi\/\",\"name\":\"IBI Global - Vietnam\",\"description\":\"H\u1ecdc Ti\u1ebfng Anh Th\u01b0\u01a1ng M\u1ea1i V\u00e0 K\u1ef9 N\u0103ng Kinh Doanh Online\",\"publisher\":{\"@id\":\"https:\/\/ibi-global.com\/vi\/#organization\"},\"potentialAction\":[{\"@type\":\"SearchAction\",\"target\":{\"@type\":\"EntryPoint\",\"urlTemplate\":\"https:\/\/ibi-global.com\/vi\/?s={search_term_string}\"},\"query-input\":\"required name=search_term_string\"}],\"inLanguage\":\"vi-VN\"},{\"@type\":\"Organization\",\"@id\":\"https:\/\/ibi-global.com\/vi\/#organization\",\"name\":\"IBI Global\",\"url\":\"https:\/\/ibi-global.com\/vi\/\",\"logo\":{\"@type\":\"ImageObject\",\"inLanguage\":\"vi-VN\",\"@id\":\"https:\/\/ibi-global.com\/vi\/#\/schema\/logo\/image\/\",\"url\":\"https:\/\/school.ibi-global.com\/wp-content\/uploads\/2023\/03\/ibi-school-logo-9168.png\",\"contentUrl\":\"https:\/\/school.ibi-global.com\/wp-content\/uploads\/2023\/03\/ibi-school-logo-9168.png\",\"width\":500,\"height\":435,\"caption\":\"IBI Global\"},\"image\":{\"@id\":\"https:\/\/ibi-global.com\/vi\/#\/schema\/logo\/image\/\"},\"sameAs\":[\"https:\/\/www.facebook.com\/ibischool.vietnam\",\"https:\/\/twitter.com\/flipped_ibi\",\"https:\/\/vn.linkedin.com\/company\/ibi-school\",\"https:\/\/www.youtube.com\/channel\/UClAXxp1l9MgKTQiwyGKT8QA\"]}]}<\/script>\n<!-- \/ Yoast SEO plugin. -->","yoast_head_json":{"title":"Tuy\u1ec3n d\u1ee5ng - IBI Global - Vietnam","robots":{"index":"index","follow":"follow","max-snippet":"max-snippet:-1","max-image-preview":"max-image-preview:large","max-video-preview":"max-video-preview:-1"},"canonical":"https:\/\/ibi-global.com\/vi\/tuyen-dung\/","og_locale":"vi_VN","og_type":"article","og_title":"Tuy\u1ec3n d\u1ee5ng - IBI Global - Vietnam","og_url":"https:\/\/ibi-global.com\/vi\/tuyen-dung\/","og_site_name":"IBI Global - Vietnam","article_publisher":"https:\/\/www.facebook.com\/ibischool.vietnam","article_modified_time":"2023-03-07T05:05:12+00:00","twitter_card":"summary_large_image","twitter_site":"@flipped_ibi","twitter_misc":{"Est. reading time":"2 minutes"},"schema":{"@context":"https:\/\/schema.org","@graph":[{"@type":"WebPage","@id":"https:\/\/ibi-global.com\/vi\/tuyen-dung\/","url":"https:\/\/ibi-global.com\/vi\/tuyen-dung\/","name":"Tuy\u1ec3n d\u1ee5ng - IBI Global - Vietnam","isPartOf":{"@id":"https:\/\/ibi-global.com\/vi\/#website"},"datePublished":"2023-03-07T05:04:15+00:00","dateModified":"2023-03-07T05:05:12+00:00","breadcrumb":{"@id":"https:\/\/ibi-global.com\/vi\/tuyen-dung\/#breadcrumb"},"inLanguage":"vi-VN","potentialAction":[{"@type":"ReadAction","target":["https:\/\/ibi-global.com\/vi\/tuyen-dung\/"]}]},{"@type":"BreadcrumbList","@id":"https:\/\/ibi-global.com\/vi\/tuyen-dung\/#breadcrumb","itemListElement":[{"@type":"ListItem","position":1,"name":"Home","item":"https:\/\/ibi-global.com\/vi\/"},{"@type":"ListItem","position":2,"name":"Tuy\u1ec3n d\u1ee5ng"}]},{"@type":"WebSite","@id":"https:\/\/ibi-global.com\/vi\/#website","url":"https:\/\/ibi-global.com\/vi\/","name":"IBI Global - Vietnam","description":"H\u1ecdc Ti\u1ebfng Anh Th\u01b0\u01a1ng M\u1ea1i V\u00e0 K\u1ef9 N\u0103ng Kinh Doanh Online","publisher":{"@id":"https:\/\/ibi-global.com\/vi\/#organization"},"potentialAction":[{"@type":"SearchAction","target":{"@type":"EntryPoint","urlTemplate":"https:\/\/ibi-global.com\/vi\/?s={search_term_string}"},"query-input":"required name=search_term_string"}],"inLanguage":"vi-VN"},{"@type":"Organization","@id":"https:\/\/ibi-global.com\/vi\/#organization","name":"IBI Global","url":"https:\/\/ibi-global.com\/vi\/","logo":{"@type":"ImageObject","inLanguage":"vi-VN","@id":"https:\/\/ibi-global.com\/vi\/#\/schema\/logo\/image\/","url":"https:\/\/school.ibi-global.com\/wp-content\/uploads\/2023\/03\/ibi-school-logo-9168.png","contentUrl":"https:\/\/school.ibi-global.com\/wp-content\/uploads\/2023\/03\/ibi-school-logo-9168.png","width":500,"height":435,"caption":"IBI Global"},"image":{"@id":"https:\/\/ibi-global.com\/vi\/#\/schema\/logo\/image\/"},"sameAs":["https:\/\/www.facebook.com\/ibischool.vietnam","https:\/\/twitter.com\/flipped_ibi","https:\/\/vn.linkedin.com\/company\/ibi-school","https:\/\/www.youtube.com\/channel\/UClAXxp1l9MgKTQiwyGKT8QA"]}]}},"_links":{"self":[{"href":"https:\/\/ibi-global.com\/vi\/wp-json\/wp\/v2\/pages\/295","targetHints":{"allow":["GET"]}}],"collection":[{"href":"https:\/\/ibi-global.com\/vi\/wp-json\/wp\/v2\/pages"}],"about":[{"href":"https:\/\/ibi-global.com\/vi\/wp-json\/wp\/v2\/types\/page"}],"author":[{"embeddable":true,"href":"https:\/\/ibi-global.com\/vi\/wp-json\/wp\/v2\/users\/1"}],"replies":[{"embeddable":true,"href":"https:\/\/ibi-global.com\/vi\/wp-json\/wp\/v2\/comments?post=295"}],"version-history":[{"count":2,"href":"https:\/\/ibi-global.com\/vi\/wp-json\/wp\/v2\/pages\/295\/revisions"}],"predecessor-version":[{"id":297,"href":"https:\/\/ibi-global.com\/vi\/wp-json\/wp\/v2\/pages\/295\/revisions\/297"}],"wp:attachment":[{"href":"https:\/\/ibi-global.com\/vi\/wp-json\/wp\/v2\/media?parent=295"}],"curies":[{"name":"wp","href":"https:\/\/api.w.org\/{rel}","templated":true}]}}