{"id":285,"date":"2023-03-07T04:42:00","date_gmt":"2023-03-07T04:42:00","guid":{"rendered":"http:\/\/school.sunshinevn.com\/?page_id=285"},"modified":"2026-02-02T10:49:07","modified_gmt":"2026-02-02T03:49:07","slug":"gioithieu","status":"publish","type":"page","link":"https:\/\/ibi-global.com\/vi\/gioithieu\/","title":{"rendered":"Gi\u1edbi thi\u1ec7u"},"content":{"rendered":"<div class=\"wysiwyg\">\n<h2 class=\"news-detail-title\" style=\"text-align: justify;\">Gi\u1edbi thi\u1ec7u<\/h2>\n<p style=\"text-align: justify;\">IBI Global l\u00e0 t\u1ed5 ch\u1ee9c c\u00f4ng ngh\u1ec7 gi\u00e1o d\u1ee5c uy t\u00edn v\u00e0 n\u0103ng l\u1ef1c, cung c\u1ea5p c\u00e1c kh\u00f3a h\u1ecdc <a href=\"https:\/\/ibi-global.com\/vi\/khoa-hoc\/tieng-anh-thuong-mai\/\">Ti\u1ebfng Anh Th\u01b0\u01a1ng M\u1ea1i<\/a>\u00a0v\u00e0 K\u1ef9 N\u0103ng Ki\u1ebfn T\u1ea1o cho doanh nghi\u1ec7p, t\u1ed5 ch\u1ee9c v\u00e0 tr\u01b0\u1eddng h\u1ecdc d\u1ef1a tr\u00ean <a href=\"https:\/\/ibi-global.com\/vi\/mo-hinh-hoc\/eblended\/\" target=\"_blank\" rel=\"noopener\">m\u00f4 h\u00ecnh gi\u1ea3ng d\u1ea1y online t\u00edch h\u1ee3p (blended eLearning)<\/a> \u0111\u1ea1t gi\u1ea3i th\u01b0\u1edfng to\u00e0n c\u1ea7u.<\/p>\n<p style=\"text-align: justify;\">Ph\u00e1t tri\u1ec3n\u00a0b\u1edfi nh\u1eefng nh\u00e0\u00a0gi\u00e1o d\u1ee5c t\u00e0i n\u0103ng, y\u00eau ngh\u1ec1 c\u00f9ng c\u00e1c chuy\u00ean gia IT gi\u00e0u kinh nghi\u1ec7m. C\u00e1c ch\u01b0\u01a1ng tr\u00ecnh h\u1ecdc ti\u1ebfng Anh v\u00e0\u00a0K\u1ef9 n\u0103ng kinh doanh\u00a0online t\u1ea1i IBI l\u00e0 s\u1ef1 \u0111\u00fac k\u1ebft c\u1ee7a qu\u00e1 tr\u00ecnh gi\u1ea3ng d\u1ea1y, s\u1ef1\u00a0th\u1ea5u hi\u1ec3u mong mu\u1ed1n, nguy\u1ec7n v\u1ecdng v\u00e0 nhu c\u1ea7u c\u1ee7a ng\u01b0\u1eddi h\u1ecdc.<\/p>\n<p style=\"text-align: justify;\">Qua qu\u00e1 tr\u00ecnh gi\u1ea3ng d\u1ea1y nhi\u1ec1u n\u0103m, ch\u00fang t\u00f4i nh\u1eadn ra r\u1eb1ng m\u1ed7i ng\u01b0\u1eddi \u0111i l\u00e0m \u0111\u1ec1u c\u00f3 mong mu\u1ed1n trau d\u1ed3i ti\u1ebfng Anh\u00a0v\u00e0\u00a0c\u00e1c k\u1ef9 n\u0103ng ph\u00e1t tri\u1ec3n s\u1ef1 nghi\u1ec7p. Tuy nhi\u00ean, \u0111\u1ec3 t\u00ecm \u0111\u01b0\u1ee3c m\u1ed9t m\u00f4 h\u00ecnh h\u1ecdc ch\u1ea5t l\u01b0\u1ee3ng hi\u1ec7u qu\u1ea3 v\u1eeba c\u00f3 th\u1ec3\u00a0<strong>ph\u00e1t tri\u1ec3n n\u0103ng l\u1ef1c, t\u01b0 duy s\u00e1ng t\u1ea1o v\u1eeba <\/strong>c\u00e2n b\u1eb1ng \u0111\u01b0\u1ee3c<strong> C\u00f4ng vi\u1ec7c &#8211; H\u1ecdc t\u1eadp &#8211; Cu\u1ed9c s\u1ed1ng <\/strong>v\u1edbi chi ph\u00ed ph\u00f9 h\u1ee3p\u00a0lu\u00f4n l\u00e0 v\u1ea5n \u0111\u1ec1 \u0111\u01b0\u1ee3c quan\u00a0t\u00e2m. V\u00ec v\u1eady, c\u00e1c s\u00e1ng l\u1eadp vi\u00ean\u00a0IBI tr\u1ea3i qua h\u00e0ng tr\u0103m gi\u1edd nghi\u00ean c\u1ee9u v\u00e0 th\u1ea3o lu\u1eadn v\u1edbi c\u00e1c chuy\u00ean gia gi\u00e1o d\u1ee5c, c\u00e1c l\u00e3nh \u0111\u1ea1o c\u00f4ng ty, c\u00e1c chuy\u00ean gia t\u00e2m l\u00fd v\u00e0 c\u00e1c t\u1ed5 ch\u1ee9c c\u00f4ng ngh\u1ec7 h\u00e0ng \u0111\u1ea7u v\u1edbi mong mu\u1ed1n\u00a0s\u00e1ng t\u1ea1o ra m\u00f4 h\u00ecnh h\u1ecdc t\u1eadp ph\u00f9 h\u1ee3p. M\u00f4 h\u00ecnh d\u1ea1y t\u00edch h\u1ee3p IBI (IBI blended eLearning) \u0111\u01b0\u1ee3c h\u00ecnh th\u00e0nh v\u00e0 ph\u00e1t tri\u1ec3n\u00a0d\u1ef1a tr\u00ean n\u1ed5 l\u1ef1c\u00a0\u0111\u00f3!<\/p>\n<p style=\"text-align: justify;\">IBI ti\u00ean phong ph\u01b0\u01a1ng ph\u00e1p eLearning t\u00edch h\u1ee3p trong \u0111\u00e0o t\u1ea1o ti\u1ebfng Anh v\u00e0 K\u1ef9 n\u0103ng ki\u1ebfn t\u1ea1o kinh doanh ho\u00e0n to\u00e0n thay th\u1ebf l\u1edbp h\u1ecdc th\u1ef1c. Khi tham gia IBI, h\u1ecdc vi\u00ean kh\u00f4ng c\u1ea7n tham gia b\u1ea5t k\u1ef3 l\u1edbp h\u1ecdc th\u1ef1c n\u00e0o m\u00e0 v\u1eabn \u0111\u1ea1t \u0111\u01b0\u1ee3c hi\u1ec7u qu\u1ea3 mong mu\u1ed1n v\u1edbi m\u1ee9c h\u1ecdc ph\u00ed t\u1ed1t h\u01a1n.<\/p>\n<div style=\"text-align: justify;\">\u00a0<\/div>\n<div style=\"text-align: justify;\"><span style=\"color: #efbf04;\"><strong>V\u00ec sao IBI kh\u00e1c bi\u1ec7t ?<\/strong><\/span><\/div>\n<div>\u00a0<\/div>\n<div style=\"text-align: justify; padding-left: 40px;\"><strong style=\"color: #000080;\">1.\u00a0 Ki\u1ebfn t\u1ea1o (<span style=\"text-decoration: underline;\">Re<\/span>-invention)<\/strong><\/div>\n<div style=\"text-align: justify; padding-left: 40px;\">IBI ti\u00ean phong trong vi\u1ec7c k\u1ebft h\u1ee3p h\u00e0i h\u00f2a <a href=\"https:\/\/ibi-global.com\/vi\/mo-hinh-hoc\/eclasses-tu-hoc-24-7\/\">m\u00f4 h\u00ecnh t\u1ef1 h\u1ecdc 24\/7 <\/a><span style=\"color: #555555;\">v\u00e0\u00a0<\/span><a href=\"https:\/\/ibi-global.com\/vi\/mo-hinh-hoc\/econversations-lop-hoc-live\/\">m\u00f4 h\u00ecnh l\u1edbp h\u1ecdc live<\/a>gi\u00fap h\u1ecdc vi\u00ean ph\u00e1t tri\u1ec3n to\u00e0n di\u1ec7n c\u00e1c k\u1ef9 n\u0103ng ti\u1ebfng Anh v\u00e0 k\u1ef9 n\u0103ng kinh doanh m\u00e0 kh\u00f4ng c\u1ea7n tham gia b\u1ea5t k\u1ef3 l\u1edbp h\u1ecdc th\u1ef1c n\u00e0o.<\/div>\n<div style=\"padding-left: 40px;\">\u00a0<\/div>\n<div style=\"text-align: justify; padding-left: 40px;\"><span style=\"color: #000080;\"><strong>2.\u00a0 G\u1eafn k\u1ebft (<\/strong><span style=\"text-decoration: underline;\"><strong>Re<\/strong><\/span><strong>lationship)<\/strong><\/span><\/div>\n<div style=\"text-align: justify; padding-left: 40px;\">Ch\u00fang t\u00f4i hi\u1ec3u r\u1eb1ng m\u1ed1i quan h\u1ec7 h\u1ecdc t\u1eadp t\u00edch c\u1ef1c gi\u1eefa gi\u00e1o vi\u00ean v\u00e0 h\u1ecdc vi\u00ean \u0111\u00f3ng vai tr\u00f2 r\u1ea5t quan tr\u1ecdng trong vi\u1ec7c ph\u00e1t tri\u1ec3n c\u1ee7a h\u1ecdc vi\u00ean. V\u00ec v\u1eady, c\u00e1c h\u1ecdc vi\u00ean t\u1ea1i IBI \u0111\u1ec1u \u0111\u01b0\u1ee3c gi\u1ea3ng d\u1ea1y v\u00e0 quan t\u00e2m t\u1eadn t\u00ecnh b\u1edfi t\u1ed1i \u0111a hai\u00a0gi\u00e1o vi\u00ean trong su\u1ed1t kh\u00f3a h\u1ecdc.<\/div>\n<div style=\"padding-left: 40px;\">\u00a0<\/div>\n<div style=\"padding-left: 40px;\"><strong style=\"color: #000080; text-align: justify;\">3.\u00a0 Ph\u00f9 h\u1ee3p (<span style=\"text-decoration: underline;\">Re<\/span>shape)<\/strong><\/div>\n<div style=\"text-align: justify; padding-left: 40px;\"><span style=\"text-align: justify;\">B\u1eb1ng vi\u1ec7c \u1ee9ng d\u1ee5ng <\/span><span style=\"color: #555555; text-align: justify;\"><a href=\"https:\/\/school.ibi-global.com\/vi\/nen-tang\/quan-tri-tu-dong-hoa\/\" target=\"_blank\" rel=\"noopener\">c\u00f4ng ngh\u1ec7\u00a0<\/a><\/span>th\u00f4ng minh nh\u00e2n t\u1ea1o<span style=\"color: #555555; text-align: justify;\"> (Artificial Intelligence), <\/span><span style=\"text-align: justify;\">IBI hi\u1ec3u r\u00f5 h\u01a1n mong mu\u1ed1n v\u00e0 nguy\u1ec7n v\u1ecdng c\u1ee7a ng\u01b0\u1eddi h\u1ecdc, t\u1eeb \u0111\u00f3 \u0111\u1ec1 xu\u1ea5t c\u00e1c kh\u00f3a h\u1ecdc ph\u00f9 h\u1ee3p v\u00e0 t\u0103ng c\u01b0\u1eddng t\u00ednh t\u01b0\u01a1ng t\u00e1c tr\u00ean c\u00e1c b\u00e0i h\u1ecdc \u0111\u1ed3ng th\u1eddi gi\u00fap IBI t\u1ef1 \u0111\u1ed9ng ho\u00e1 qu\u1ea3n tr\u1ecb. <\/span><\/div>\n<div>\u00a0<\/div>\n<div style=\"text-align: justify; padding-left: 40px;\"><strong style=\"color: #000080;\">4. \u00a0Gi\u00e1o vi\u00ean gi\u1ecfi\u00a0(<span style=\"text-decoration: underline;\">Re<\/span>al teachers)<\/strong><\/div>\n<div style=\"text-align: justify; padding-left: 40px;\"><span style=\"color: #555555;\">Ch\u1ea5t l\u01b0\u1ee3ng gi\u00e1o vi\u00ean l\u00e0 \u01b0u ti\u00ean h\u00e0ng \u0111\u1ea7u v\u00ec ch\u00fang t\u00f4i hi\u1ec3u r\u1eb1ng d\u00f9 cho c\u00f4ng ngh\u1ec7 c\u00f3 ti\u1ebfn b\u1ed9 \u0111\u1ebfn \u0111\u00e2u v\u1eabn kh\u00f4ng thay th\u1ebf \u0111\u01b0\u1ee3c gi\u00e1o vi\u00ean gi\u1ecfi. V\u00ec v\u1eady, c\u00e1c gi\u00e1o vi\u00ean t\u1ea1i IBI \u0111\u1ec1u \u0111\u01b0\u1ee3c \u0111\u00e0o t\u1ea1o b\u00e0i b\u1ea3n v\u1ec1 chuy\u00ean m\u00f4n v\u00e0 ph\u01b0\u01a1ng ph\u00e1p. H\u1ecd l\u00e0 nh\u1eefng ng\u01b0\u1eddi hi\u1ec3u r\u00f5 t\u00e2m l\u00fd, \u0111i\u1ec3m m\u1ea1nh y\u1ebfu c\u1ee7a ng\u01b0\u1eddi h\u1ecdc, t\u1eeb \u0111\u00f3 d\u1eabn d\u1eaft h\u1ecdc vi\u00ean\u00a0\u0111\u1ebfn th\u00e0nh c\u00f4ng qua vi\u1ec7c \u1ee9ng d\u1ee5ng m\u1ed9t c\u00e1ch khoa h\u1ecdc, s\u00e1ng t\u1ea1o v\u00e0 linh ho\u1ea1t\u00a0ph\u01b0\u01a1ng ph\u00e1p gi\u1ea3ng d\u1ea1y t\u00edch h\u1ee3p.<\/span><\/div>\n<div>\u00a0<\/div>\n<div style=\"text-align: justify;\"><span style=\"color: #efbf04;\"><strong>Gi\u00e1 tr\u1ecb c\u1ed1t l\u00f5i<\/strong><\/span><\/div>\n<div>\u00a0<\/div>\n<div style=\"text-align: justify;\">\n<p>C\u00e1c gi\u00e1 tr\u1ecb c\u1ed1t l\u00f5i l\u00e0 n\u1ec1n t\u1ea3ng t\u1ea1o n\u00ean th\u00e0nh c\u00f4ng c\u1ee7a IBI, l\u00e0 c\u01a1 s\u1edf v\u00e0 \u0111\u1ecbnh h\u01b0\u1edbng cho t\u1ea7m nh\u00ecn v\u00e0 chi\u1ebfn l\u01b0\u1ee3c kinh doanh c\u0169ng nh\u01b0 quy\u1ebft \u0111\u1ecbnh h\u00e0nh \u0111\u1ed9ng v\u00e0 \u0111\u01b0\u1eddng l\u1ed1i c\u1ee7a IBI. T\u00e2m \u0111i\u1ec3m th\u00e0nh c\u00f4ng c\u1ee7a IBI \u0111\u01b0\u1ee3c t\u1ea1o n\u00ean t\u1eeb <strong>B\u1ed1n Gi\u00e1 Tr\u1ecb C\u1ed1t L\u00f5i: Integrity (Li\u00eam khi\u1ebft), Incorporation (H\u1ee3p t\u00e1c), Innovation (S\u00e1ng t\u1ea1o), International (Chu\u1ea9n qu\u1ed1c t\u1ebf) v\u00e0 Impact (Gi\u00e1 tr\u1ecb x\u00e3 h\u1ed9i).<\/strong><\/p>\n<\/div>\n<div>\u00a0<\/div>\n<div style=\"text-align: justify;\"><span style=\"color: #efbf04;\"><strong>T\u1ea7m nh\u00ecn v\u00e0 tri\u1ebft l\u00fd kinh doanh<\/strong><\/span><\/div>\n<div>\u00a0<\/div>\n<div style=\"text-align: justify;\">IBI lu\u00f4n n\u1ed7 l\u1ef1c t\u1ea1o m\u1ed1i quan h\u1ec7 h\u00e0i h\u00f2a gi\u1eefa \u0111\u1ed1i t\u00e1c, kh\u00e1ch h\u00e0ng v\u00e0 x\u00e3 h\u1ed9i, \u0111\u1eb7c bi\u1ec7t IBI h\u01b0\u1edbng \u0111\u1ebfn s\u1ef1 ph\u00e1t tri\u1ec3n b\u1ec1n v\u1eefng c\u1ee7a x\u00e3 h\u1ed9i th\u00f4ng qua \u0111\u1ea7u t\u01b0 gi\u00e1o d\u1ee5c. \u0110\u1ecbnh h\u01b0\u1edbng c\u1ee7a IBI l\u00e0 n\u1ed7 l\u1ef1c \u0111\u00f3ng g\u00f3p cho m\u1ed9t x\u00e3 h\u1ed9i v\u1eefng m\u1ea1nh b\u1eb1ng vi\u1ec7c mang \u0111\u1ebfn m\u1ed9t h\u1ec7 th\u1ed1ng\u00a0gi\u00e1o d\u1ee5c ti\u00ean ti\u1ebfn, ch\u1ea5t l\u01b0\u1ee3ng, ph\u1ee5c v\u1ee5 v\u00e0 nh\u00e2n \u00e1i.<\/div>\n<div style=\"text-align: justify;\">\u00a0<\/div>\n<p style=\"text-align: justify;\"><span style=\"color: #ff6600;\"><strong><span style=\"color: #efbf04;\">Gi\u1ea3i th\u01b0\u1edfng\u00a0\u00a0<\/span>\u00a0\u00a0\u00a0\u00a0\u00a0<\/strong><\/span><\/p>\n<div class=\"wysiwyg\">\n<ul>\n<li style=\"list-style-type: none;\">\n<ul style=\"text-align: justify;\">\n<li>N\u0103m 2025, <a href=\"https:\/\/ibi-global.com\/vi\/2025\/11\/21\/ibi-global-to-chuc-anh-huong-giao-duc-cua-nam-sei-awards-2025\/\" target=\"_blank\" rel=\"noopener\">IBI vinh d\u1ef1 \u0111\u1ea1t gi\u1ea3i th\u01b0\u1edfng \u201c\u1ea2nh h\u01b0\u1edfng gi\u00e1o d\u1ee5c c\u1ee7a n\u0103m\u201d &#8211; SEI Awards<\/a>, gi\u1ea3i th\u01b0\u1edfng c\u1ee7a Vi\u1ec7n S\u00e1ng t\u1ea1o v\u00e0 Chuy\u1ec3n \u0111\u1ed5i s\u1ed1 thu\u1ed9c Li\u00ean hi\u1ec7p c\u00e1c H\u1ed9i Khoa h\u1ecdc v\u00e0 K\u1ef9 thu\u1eadt Vi\u1ec7t Nam.<\/li>\n<li>IBI Global vinh d\u1ef1 \u0111\u01b0\u1ee3c ch\u1ecdn l\u00e0 m\u1ed9t trong nh\u1eefng\u00a0<a href=\"https:\/\/www.edtechdigest.com\/2022-finalists-winners\/\" target=\"_blank\" rel=\"noopener\">h\u1ec7 th\u1ed1ng eLearning t\u1ed1t nh\u1ea5t to\u00e0n c\u1ea7u 2022\u00a0v\u1ec1 gi\u1ea3i ph\u00e1p \u0111\u00e0o t\u1ea1o ngo\u1ea1i ng\u1eef (language\u00a0training solution)<\/a>\u00a0b\u1edfi\u00a0<a href=\"https:\/\/edtechdigest.com\/the-edtech-awards\/\" target=\"_blank\" rel=\"noopener\">The EdTech Awards<\/a>, gi\u1ea3i th\u01b0\u1edfng uy t\u00edn v\u00e0 l\u1edbn nh\u1ea5t trong ng\u00e0nh c\u00f4ng ngh\u1ec7 gi\u00e1o d\u1ee5c hi\u1ec7n nay.<\/li>\n<\/ul>\n<\/li>\n<\/ul>\n<\/div>\n<ul>\n<li style=\"list-style-type: none;\">\n<ul style=\"text-align: justify;\">\n<li>IBI Global vinh d\u1ef1 \u0111\u01b0\u1ee3c ch\u1ecdn l\u00e0 m\u1ed9t trong nh\u1eefng <a href=\"https:\/\/www.edtechdigest.com\/2021-finalists-winners\/\" target=\"_blank\" rel=\"noopener\">h\u1ec7 th\u1ed1ng eLearning t\u1ed1t nh\u1ea5t to\u00e0n c\u1ea7u 2021 v\u1ec1 gi\u1ea3i ph\u00e1p \u0111\u00e0o t\u1ea1o doanh nghi\u1ec7p (corporate training solution)<\/a> b\u1edfi <a href=\"https:\/\/edtechdigest.com\/the-edtech-awards\/\" target=\"_blank\" rel=\"noopener\">The EdTech Awards<\/a>, gi\u1ea3i th\u01b0\u1edfng uy t\u00edn v\u00e0 l\u1edbn nh\u1ea5t trong ng\u00e0nh c\u00f4ng ngh\u1ec7 gi\u00e1o d\u1ee5c hi\u1ec7n nay.<\/li>\n<li>\u00d4ng Robin Nguyen &#8211; CEO IBI Global \u0111\u01b0\u1ee3c t\u1ea1p ch\u00ed M\u1ef9 <a href=\"https:\/\/theexcelligent.com\/\" target=\"_blank\" rel=\"noopener\">The Excelligent <\/a>b\u00ecnh ch\u1ecdn <a href=\"http:\/\/bit.ly\/3rcuPSW\">top 100 nh\u00e0 l\u00e3nh \u0111\u1ea1o gi\u00e1o d\u1ee5c \u0111\u01b0\u1ee3c ng\u01b0\u1ee1ng m\u1ed9 to\u00e0n c\u1ea7u n\u0103m 2021.<\/a><\/li>\n<li>IBI Global vinh d\u1ef1 \u0111\u01b0\u1ee3c ch\u1ecdn l\u00e0 m\u1ed9t trong nh\u1eefng <a href=\"https:\/\/edtechdigest.com\/2020-finalists-winners\/\" target=\"_blank\" rel=\"noopener\">h\u1ec7 th\u1ed1ng eLearning t\u1ed1t nh\u1ea5t to\u00e0n c\u1ea7u 2020 v\u1ec1 gi\u1ea3i ph\u00e1p d\u1ea1y t\u00edch h\u1ee3p\/ \u0111\u1ea3o ng\u01b0\u1ee3c (eLearning, blended\/ flipped solution)<\/a> b\u1edfi <a href=\"https:\/\/edtechdigest.com\/the-edtech-awards\/\" target=\"_blank\" rel=\"noopener\">The EdTech Awards<\/a>, gi\u1ea3i th\u01b0\u1edfng uy t\u00edn v\u00e0 l\u1edbn nh\u1ea5t trong ng\u00e0nh c\u00f4ng ngh\u1ec7 gi\u00e1o d\u1ee5c hi\u1ec7n nay.<\/li>\n<li>IBI Global t\u1ef1 h\u00e0o \u0111\u01b0\u1ee3c t\u1ed5 ch\u1ee9c uy t\u00edn <a href=\"https:\/\/e27.co\/\">e27<\/a> (Singapore) ch\u1ecdn l\u00e0 <a href=\"https:\/\/e27.co\/echelon-top100-startups-leaderboard\/2016-top100-judgeschoice\/\" target=\"_blank\" rel=\"noopener\">m\u1ed9t trong nh\u1eefng c\u00f4ng ty c\u00f4ng ngh\u1ec7\u00a0h\u00e0ng \u0111\u1ea7u khu v\u1ef1c Ch\u00e2u \u00c1 Th\u00e1i B\u00ecnh D\u01b0\u01a1ng n\u0103m 2016.<\/a><\/li>\n<\/ul>\n<\/li>\n<\/ul>\n<\/div>\n<p>\u00a0<\/p>\n","protected":false},"excerpt":{"rendered":"<p>Gi\u1edbi thi\u1ec7u IBI Global l\u00e0 t\u1ed5 ch\u1ee9c c\u00f4ng ngh\u1ec7 gi\u00e1o d\u1ee5c uy t\u00edn v\u00e0 n\u0103ng l\u1ef1c, cung c\u1ea5p c\u00e1c kh\u00f3a h\u1ecdc Ti\u1ebfng Anh Th\u01b0\u01a1ng M\u1ea1i\u00a0v\u00e0 K\u1ef9 N\u0103ng Ki\u1ebfn T\u1ea1o cho doanh nghi\u1ec7p, t\u1ed5 ch\u1ee9c v\u00e0 tr\u01b0\u1eddng h\u1ecdc d\u1ef1a tr\u00ean m\u00f4 h\u00ecnh gi\u1ea3ng d\u1ea1y online t\u00edch h\u1ee3p (blended eLearning) \u0111\u1ea1t gi\u1ea3i th\u01b0\u1edfng to\u00e0n c\u1ea7u. Ph\u00e1t tri\u1ec3n\u00a0b\u1edfi.. [&#8230;]\n","protected":false},"author":1,"featured_media":0,"parent":0,"menu_order":0,"comment_status":"closed","ping_status":"closed","template":"","meta":{"footnotes":""},"class_list":["post-285","page","type-page","status-publish","hentry"],"yoast_head":"<!-- This site is optimized with the Yoast SEO plugin v20.3 - https:\/\/yoast.com\/wordpress\/plugins\/seo\/ -->\n<title>Gi\u1edbi thi\u1ec7u<\/title>\n<meta name=\"description\" content=\"IBI Global l\u00e0 t\u1ed5 ch\u1ee9c c\u00f4ng ngh\u1ec7 gi\u00e1o d\u1ee5c uy t\u00edn v\u00e0 n\u0103ng l\u1ef1c, cung c\u1ea5p c\u00e1c kh\u00f3a h\u1ecdc Ti\u1ebfng Anh Th\u01b0\u01a1ng M\u1ea1i\u00a0v\u00e0 K\u1ef9 N\u0103ng Kinh Doanh cho doanh nghi\u1ec7p\" \/>\n<meta name=\"robots\" content=\"index, follow, max-snippet:-1, max-image-preview:large, max-video-preview:-1\" \/>\n<link rel=\"canonical\" href=\"https:\/\/ibi-global.com\/vi\/gioithieu\/\" \/>\n<meta property=\"og:locale\" content=\"vi_VN\" \/>\n<meta property=\"og:type\" content=\"article\" \/>\n<meta property=\"og:title\" content=\"Gi\u1edbi thi\u1ec7u\" \/>\n<meta property=\"og:description\" content=\"IBI Global l\u00e0 t\u1ed5 ch\u1ee9c c\u00f4ng ngh\u1ec7 gi\u00e1o d\u1ee5c uy t\u00edn v\u00e0 n\u0103ng l\u1ef1c, cung c\u1ea5p c\u00e1c kh\u00f3a h\u1ecdc Ti\u1ebfng Anh Th\u01b0\u01a1ng M\u1ea1i\u00a0v\u00e0 K\u1ef9 N\u0103ng Kinh Doanh cho doanh nghi\u1ec7p\" \/>\n<meta property=\"og:url\" content=\"https:\/\/ibi-global.com\/vi\/gioithieu\/\" \/>\n<meta property=\"og:site_name\" content=\"IBI Global - Vietnam\" \/>\n<meta property=\"article:publisher\" content=\"https:\/\/www.facebook.com\/ibischool.vietnam\" \/>\n<meta property=\"article:modified_time\" content=\"2026-02-02T03:49:07+00:00\" \/>\n<meta name=\"twitter:card\" content=\"summary_large_image\" \/>\n<meta name=\"twitter:site\" content=\"@flipped_ibi\" \/>\n<meta name=\"twitter:label1\" content=\"Est. reading time\" \/>\n\t<meta name=\"twitter:data1\" content=\"5 minutes\" \/>\n<script type=\"application\/ld+json\" class=\"yoast-schema-graph\">{\"@context\":\"https:\/\/schema.org\",\"@graph\":[{\"@type\":\"WebPage\",\"@id\":\"https:\/\/ibi-global.com\/vi\/gioithieu\/\",\"url\":\"https:\/\/ibi-global.com\/vi\/gioithieu\/\",\"name\":\"Gi\u1edbi thi\u1ec7u\",\"isPartOf\":{\"@id\":\"https:\/\/ibi-global.com\/vi\/#website\"},\"datePublished\":\"2023-03-07T04:42:00+00:00\",\"dateModified\":\"2026-02-02T03:49:07+00:00\",\"description\":\"IBI Global l\u00e0 t\u1ed5 ch\u1ee9c c\u00f4ng ngh\u1ec7 gi\u00e1o d\u1ee5c uy t\u00edn v\u00e0 n\u0103ng l\u1ef1c, cung c\u1ea5p c\u00e1c kh\u00f3a h\u1ecdc Ti\u1ebfng Anh Th\u01b0\u01a1ng M\u1ea1i\u00a0v\u00e0 K\u1ef9 N\u0103ng Kinh Doanh cho doanh nghi\u1ec7p\",\"breadcrumb\":{\"@id\":\"https:\/\/ibi-global.com\/vi\/gioithieu\/#breadcrumb\"},\"inLanguage\":\"vi-VN\",\"potentialAction\":[{\"@type\":\"ReadAction\",\"target\":[\"https:\/\/ibi-global.com\/vi\/gioithieu\/\"]}]},{\"@type\":\"BreadcrumbList\",\"@id\":\"https:\/\/ibi-global.com\/vi\/gioithieu\/#breadcrumb\",\"itemListElement\":[{\"@type\":\"ListItem\",\"position\":1,\"name\":\"Home\",\"item\":\"https:\/\/ibi-global.com\/vi\/\"},{\"@type\":\"ListItem\",\"position\":2,\"name\":\"Gi\u1edbi thi\u1ec7u\"}]},{\"@type\":\"WebSite\",\"@id\":\"https:\/\/ibi-global.com\/vi\/#website\",\"url\":\"https:\/\/ibi-global.com\/vi\/\",\"name\":\"IBI Global - Vietnam\",\"description\":\"H\u1ecdc Ti\u1ebfng Anh Th\u01b0\u01a1ng M\u1ea1i V\u00e0 K\u1ef9 N\u0103ng Kinh Doanh Online\",\"publisher\":{\"@id\":\"https:\/\/ibi-global.com\/vi\/#organization\"},\"potentialAction\":[{\"@type\":\"SearchAction\",\"target\":{\"@type\":\"EntryPoint\",\"urlTemplate\":\"https:\/\/ibi-global.com\/vi\/?s={search_term_string}\"},\"query-input\":\"required name=search_term_string\"}],\"inLanguage\":\"vi-VN\"},{\"@type\":\"Organization\",\"@id\":\"https:\/\/ibi-global.com\/vi\/#organization\",\"name\":\"IBI Global\",\"url\":\"https:\/\/ibi-global.com\/vi\/\",\"logo\":{\"@type\":\"ImageObject\",\"inLanguage\":\"vi-VN\",\"@id\":\"https:\/\/ibi-global.com\/vi\/#\/schema\/logo\/image\/\",\"url\":\"https:\/\/school.ibi-global.com\/wp-content\/uploads\/2023\/03\/ibi-school-logo-9168.png\",\"contentUrl\":\"https:\/\/school.ibi-global.com\/wp-content\/uploads\/2023\/03\/ibi-school-logo-9168.png\",\"width\":500,\"height\":435,\"caption\":\"IBI Global\"},\"image\":{\"@id\":\"https:\/\/ibi-global.com\/vi\/#\/schema\/logo\/image\/\"},\"sameAs\":[\"https:\/\/www.facebook.com\/ibischool.vietnam\",\"https:\/\/twitter.com\/flipped_ibi\",\"https:\/\/vn.linkedin.com\/company\/ibi-school\",\"https:\/\/www.youtube.com\/channel\/UClAXxp1l9MgKTQiwyGKT8QA\"]}]}<\/script>\n<!-- \/ Yoast SEO plugin. -->","yoast_head_json":{"title":"Gi\u1edbi thi\u1ec7u","description":"IBI Global l\u00e0 t\u1ed5 ch\u1ee9c c\u00f4ng ngh\u1ec7 gi\u00e1o d\u1ee5c uy t\u00edn v\u00e0 n\u0103ng l\u1ef1c, cung c\u1ea5p c\u00e1c kh\u00f3a h\u1ecdc Ti\u1ebfng Anh Th\u01b0\u01a1ng M\u1ea1i\u00a0v\u00e0 K\u1ef9 N\u0103ng Kinh Doanh cho doanh nghi\u1ec7p","robots":{"index":"index","follow":"follow","max-snippet":"max-snippet:-1","max-image-preview":"max-image-preview:large","max-video-preview":"max-video-preview:-1"},"canonical":"https:\/\/ibi-global.com\/vi\/gioithieu\/","og_locale":"vi_VN","og_type":"article","og_title":"Gi\u1edbi thi\u1ec7u","og_description":"IBI Global l\u00e0 t\u1ed5 ch\u1ee9c c\u00f4ng ngh\u1ec7 gi\u00e1o d\u1ee5c uy t\u00edn v\u00e0 n\u0103ng l\u1ef1c, cung c\u1ea5p c\u00e1c kh\u00f3a h\u1ecdc Ti\u1ebfng Anh Th\u01b0\u01a1ng M\u1ea1i\u00a0v\u00e0 K\u1ef9 N\u0103ng Kinh Doanh cho doanh nghi\u1ec7p","og_url":"https:\/\/ibi-global.com\/vi\/gioithieu\/","og_site_name":"IBI Global - Vietnam","article_publisher":"https:\/\/www.facebook.com\/ibischool.vietnam","article_modified_time":"2026-02-02T03:49:07+00:00","twitter_card":"summary_large_image","twitter_site":"@flipped_ibi","twitter_misc":{"Est. reading time":"5 minutes"},"schema":{"@context":"https:\/\/schema.org","@graph":[{"@type":"WebPage","@id":"https:\/\/ibi-global.com\/vi\/gioithieu\/","url":"https:\/\/ibi-global.com\/vi\/gioithieu\/","name":"Gi\u1edbi thi\u1ec7u","isPartOf":{"@id":"https:\/\/ibi-global.com\/vi\/#website"},"datePublished":"2023-03-07T04:42:00+00:00","dateModified":"2026-02-02T03:49:07+00:00","description":"IBI Global l\u00e0 t\u1ed5 ch\u1ee9c c\u00f4ng ngh\u1ec7 gi\u00e1o d\u1ee5c uy t\u00edn v\u00e0 n\u0103ng l\u1ef1c, cung c\u1ea5p c\u00e1c kh\u00f3a h\u1ecdc Ti\u1ebfng Anh Th\u01b0\u01a1ng M\u1ea1i\u00a0v\u00e0 K\u1ef9 N\u0103ng Kinh Doanh cho doanh nghi\u1ec7p","breadcrumb":{"@id":"https:\/\/ibi-global.com\/vi\/gioithieu\/#breadcrumb"},"inLanguage":"vi-VN","potentialAction":[{"@type":"ReadAction","target":["https:\/\/ibi-global.com\/vi\/gioithieu\/"]}]},{"@type":"BreadcrumbList","@id":"https:\/\/ibi-global.com\/vi\/gioithieu\/#breadcrumb","itemListElement":[{"@type":"ListItem","position":1,"name":"Home","item":"https:\/\/ibi-global.com\/vi\/"},{"@type":"ListItem","position":2,"name":"Gi\u1edbi thi\u1ec7u"}]},{"@type":"WebSite","@id":"https:\/\/ibi-global.com\/vi\/#website","url":"https:\/\/ibi-global.com\/vi\/","name":"IBI Global - Vietnam","description":"H\u1ecdc Ti\u1ebfng Anh Th\u01b0\u01a1ng M\u1ea1i V\u00e0 K\u1ef9 N\u0103ng Kinh Doanh Online","publisher":{"@id":"https:\/\/ibi-global.com\/vi\/#organization"},"potentialAction":[{"@type":"SearchAction","target":{"@type":"EntryPoint","urlTemplate":"https:\/\/ibi-global.com\/vi\/?s={search_term_string}"},"query-input":"required name=search_term_string"}],"inLanguage":"vi-VN"},{"@type":"Organization","@id":"https:\/\/ibi-global.com\/vi\/#organization","name":"IBI Global","url":"https:\/\/ibi-global.com\/vi\/","logo":{"@type":"ImageObject","inLanguage":"vi-VN","@id":"https:\/\/ibi-global.com\/vi\/#\/schema\/logo\/image\/","url":"https:\/\/school.ibi-global.com\/wp-content\/uploads\/2023\/03\/ibi-school-logo-9168.png","contentUrl":"https:\/\/school.ibi-global.com\/wp-content\/uploads\/2023\/03\/ibi-school-logo-9168.png","width":500,"height":435,"caption":"IBI Global"},"image":{"@id":"https:\/\/ibi-global.com\/vi\/#\/schema\/logo\/image\/"},"sameAs":["https:\/\/www.facebook.com\/ibischool.vietnam","https:\/\/twitter.com\/flipped_ibi","https:\/\/vn.linkedin.com\/company\/ibi-school","https:\/\/www.youtube.com\/channel\/UClAXxp1l9MgKTQiwyGKT8QA"]}]}},"_links":{"self":[{"href":"https:\/\/ibi-global.com\/vi\/wp-json\/wp\/v2\/pages\/285","targetHints":{"allow":["GET"]}}],"collection":[{"href":"https:\/\/ibi-global.com\/vi\/wp-json\/wp\/v2\/pages"}],"about":[{"href":"https:\/\/ibi-global.com\/vi\/wp-json\/wp\/v2\/types\/page"}],"author":[{"embeddable":true,"href":"https:\/\/ibi-global.com\/vi\/wp-json\/wp\/v2\/users\/1"}],"replies":[{"embeddable":true,"href":"https:\/\/ibi-global.com\/vi\/wp-json\/wp\/v2\/comments?post=285"}],"version-history":[{"count":37,"href":"https:\/\/ibi-global.com\/vi\/wp-json\/wp\/v2\/pages\/285\/revisions"}],"predecessor-version":[{"id":2837,"href":"https:\/\/ibi-global.com\/vi\/wp-json\/wp\/v2\/pages\/285\/revisions\/2837"}],"wp:attachment":[{"href":"https:\/\/ibi-global.com\/vi\/wp-json\/wp\/v2\/media?parent=285"}],"curies":[{"name":"wp","href":"https:\/\/api.w.org\/{rel}","templated":true}]}}