{"id":2331,"date":"2024-09-12T15:01:46","date_gmt":"2024-09-12T08:01:46","guid":{"rendered":"https:\/\/ibi-global.com\/?page_id=2331"},"modified":"2026-02-03T10:10:24","modified_gmt":"2026-02-03T03:10:24","slug":"hop-tac-cung-ibi-global","status":"publish","type":"page","link":"https:\/\/ibi-global.com\/vi\/hop-tac-cung-ibi-global\/","title":{"rendered":"H\u1ee3p t\u00e1c th\u00e0nh c\u00f4ng"},"content":{"rendered":"<h3>\u00a0<\/h3>\n<h3>H\u1ee3p T\u00e1c Th\u00e0nh C\u00f4ng C\u00f9ng IBI<\/h3>\n<div>\u00a0<\/div>\n<div style=\"text-align: justify;\">IBI Global \u2013 Vietnam \u0111ang ch\u1ee7 \u0111\u1ed9ng t\u00ecm ki\u1ebfm c\u00e1c \u0111\u1ed1i t\u00e1c c\u00f3 n\u0103ng l\u1ef1c v\u00e0 \u0111am m\u00ea ng\u00e0nh gi\u00e1o d\u1ee5c t\u1ea1i Vi\u1ec7t Nam nh\u1eb1m mang m\u00f4 h\u00ecnh h\u1ecdc t\u1eadp ti\u1ebfng Anh th\u01b0\u01a1ng m\u1ea1i v\u00e0 ki\u1ebfn t\u1ea1o doanh nghi\u1ec7p ti\u00ean ti\u1ebfn \u0111\u1ebfn c\u00e1c h\u1ecdc vi\u00ean v\u00e0 doanh nghi\u1ec7p tr\u00ean c\u00e1c t\u1ec9nh th\u00e0nh.<\/div>\n<div>\u00a0<\/div>\n<div style=\"text-align: justify;\">B\u00ean c\u1ea1nh nh\u1eefng h\u1ed7 tr\u1ee3 v\u1ec1 \u0111\u00e0o t\u1ea1o chuy\u00ean m\u00f4n, h\u1ec7 th\u1ed1ng \u0111i\u1ec1u h\u00e0nh tr\u1ef1c tuy\u1ebfn l\u00e0 c\u00f4ng c\u1ee5 gi\u00fap c\u00e1c \u0111\u1ed1i t\u00e1c \u0111\u1ed9c l\u1eadp qu\u1ea3n l\u00fd ch\u1ee9c n\u0103ng c\u1ee7a c\u00e1c ph\u00f2ng ban c\u1ee7a m\u1ed9t tr\u01b0\u1eddng h\u1ecdc online m\u1ed9t c\u00e1ch \u0111\u01a1n gi\u1ea3n v\u00e0 hi\u1ec7u qu\u1ea3 v\u1edbi <strong>100% quy tr\u00ecnh \u0111\u01b0\u1ee3c t\u1ef1 \u0111\u1ed9ng h\u00f3a b\u1eb1ng <a href=\"https:\/\/school.ibi-global.com\/vi\/nen-tang\/quan-tri-tu-dong-hoa\/\" target=\"_blank\" rel=\"noopener\">c\u00f4ng ngh\u1ec7 AI<\/a><\/strong>\u00a0t\u1eeb \u0111\u00f3 ch\u1ec9 t\u1eadp trung cho vi\u1ec7c tuy\u1ec3n sinh bao g\u1ed3m:<\/div>\n<div>\u00a0<\/div>\n<div style=\"text-align: justify;\"><strong>1. H\u1ec7 th\u1ed1ng ghi danh v\u00e0 qu\u1ea3n tr\u1ecb h\u1ecdc vi\u00ean v\u1edbi c\u00e1c t\u00ednh n\u0103ng sau:\u00a0<\/strong><\/div>\n<div style=\"text-align: justify;\">\u00a0<\/div>\n<ul>\n<li style=\"list-style-type: none;\">\n<ul style=\"text-align: justify;\">\n<li>eEnrollment<\/li>\n<li>Student management<\/li>\n<\/ul>\n<\/li>\n<\/ul>\n<div>\u00a0<\/div>\n<div style=\"text-align: justify;\"><strong>2. H\u1ec7 th\u1ed1ng qu\u1ea3n l\u00fd h\u1ecdc v\u1ee5 v\u00e0 gi\u00e1o vi\u00ean v\u1edbi c\u00e1c t\u00ednh n\u0103ng sau:<\/strong><\/div>\n<div style=\"text-align: justify;\">\u00a0<\/div>\n<ul>\n<li style=\"list-style-type: none;\">\n<ul style=\"text-align: justify;\">\n<li>Teacher registration<\/li>\n<li>Teacher management<\/li>\n<li>eScheduling<\/li>\n<li>Class management<\/li>\n<li>eAssessment<\/li>\n<li>eBadges<\/li>\n<li>eReport<\/li>\n<\/ul>\n<\/li>\n<\/ul>\n<div style=\"text-align: justify;\">\u00a0<\/div>\n<div style=\"text-align: justify;\"><strong>3. H\u1ec7 th\u1ed1ng ch\u0103m s\u00f3c h\u1ecdc vi\u00ean v\u1edbi c\u00e1c t\u00ednh n\u0103ng sau:<\/strong><\/div>\n<div style=\"text-align: justify;\">\u00a0<\/div>\n<ul>\n<li style=\"list-style-type: none;\">\n<ul style=\"text-align: justify;\">\n<li>eAttendance<\/li>\n<li>eReminder<\/li>\n<li>eTracking<\/li>\n<\/ul>\n<\/li>\n<\/ul>\n<div style=\"text-align: justify;\">\u00a0<\/div>\n<div style=\"text-align: justify;\"><strong>Nh\u1eb1m gi\u00fap c\u00e1c \u0111\u1ed1i t\u00e1c th\u00e0nh c\u00f4ng kh\u1edfi nghi\u1ec7p ng\u00e0nh gi\u00e1o d\u1ee5c v\u1edbi chi ph\u00ed kh\u00f4ng \u0111\u00e1ng k\u1ec3 d\u01b0\u1edbi h\u00ecnh th\u1ee9c h\u1ee3p t\u00e1c nh\u01b0 sau:<\/strong><\/div>\n<div style=\"text-align: justify;\">\u00a0<\/div>\n<ul>\n<li style=\"list-style-type: none;\">\n<ul style=\"text-align: justify;\">\n<li>\u0110\u1ed1i t\u00e1c trong c\u00e1c ng\u00e0nh nh\u00e2n s\u1ef1, IT, t\u01b0 v\u1ea5n ho\u1eb7c gi\u00e1o d\u1ee5c \u0111\u00e0o t\u1ea1o c\u00f3 mong mu\u1ed1n mang gi\u00e1 tr\u1ecb c\u1ed9ng th\u00eam cho kh\u00e1ch h\u00e0ng c\u1ee7a m\u00ecnh ho\u1eb7c t\u0103ng t\u00ednh c\u1ea1nh tranh cho doanh nghi\u1ec7p qua vi\u1ec7c \u0111\u01b0a c\u00f4ng ngh\u1ec7 gi\u00e1o d\u1ee5c v\u00e0o doanh nghi\u1ec7p m\u00ecnh.<\/li>\n<li>H\u1ee3p t\u00e1c v\u1edbi IBI Global trong vi\u1ec7c tuy\u1ec3n sinh t\u1ea1i khu v\u1ef1c.<\/li>\n<li>Ho\u1ea1t \u0111\u1ed9ng marketing t\u1ea1i \u0111\u1ecba ph\u01b0\u01a1ng d\u1ef1a tr\u00ean \u0111\u1ecbnh h\u01b0\u1edbng v\u00e0 \u00fd t\u01b0\u1edfng marketing t\u1eeb IBI Global.<\/li>\n<li>\u0110\u01b0\u1ee3c ph\u00e2n quy\u1ec1n \u0111\u1ed9c l\u1eadp s\u1eed d\u1ee5ng ch\u1ee9c n\u0103ng tuy\u1ec3n sinh v\u00e0 qu\u1ea3n l\u00fd h\u1ecdc vi\u00ean online.<\/li>\n<\/ul>\n<\/li>\n<\/ul>\n<div style=\"text-align: justify; padding-left: 40px;\">\u00a0<\/div>\n<div style=\"text-align: justify;\">Li\u00ean h\u1ec7 v\u1edbi ch\u00fang t\u00f4i ngay h\u00f4m nay qua email <b>info@ibi-global.com <\/b>\u0111\u1ec3 nh\u1eadn th\u00f4ng tin chi ti\u1ebft v\u1ec1 \u0111i\u1ec1u ki\u1ec7n v\u00e0 l\u1ee3i \u00edch tham gia ch\u01b0\u01a1ng tr\u00ecnh.<\/div>\n<div>\u00a0<\/div>\n<div>\u00a0<\/div>\n<div style=\"text-align: justify;\">\u00a0<\/div>\n","protected":false},"excerpt":{"rendered":"<p>\u00a0 H\u1ee3p T\u00e1c Th\u00e0nh C\u00f4ng C\u00f9ng IBI \u00a0 IBI Global \u2013 Vietnam \u0111ang ch\u1ee7 \u0111\u1ed9ng t\u00ecm ki\u1ebfm c\u00e1c \u0111\u1ed1i t\u00e1c c\u00f3 n\u0103ng l\u1ef1c v\u00e0 \u0111am m\u00ea ng\u00e0nh gi\u00e1o d\u1ee5c t\u1ea1i Vi\u1ec7t Nam nh\u1eb1m mang m\u00f4 h\u00ecnh h\u1ecdc t\u1eadp ti\u1ebfng Anh th\u01b0\u01a1ng m\u1ea1i v\u00e0 ki\u1ebfn t\u1ea1o doanh nghi\u1ec7p ti\u00ean ti\u1ebfn \u0111\u1ebfn c\u00e1c h\u1ecdc vi\u00ean v\u00e0 doanh.. [&#8230;]\n","protected":false},"author":2,"featured_media":0,"parent":0,"menu_order":0,"comment_status":"closed","ping_status":"closed","template":"","meta":{"footnotes":""},"class_list":["post-2331","page","type-page","status-publish","hentry"],"yoast_head":"<!-- This site is optimized with the Yoast SEO plugin v20.3 - https:\/\/yoast.com\/wordpress\/plugins\/seo\/ -->\n<title>H\u1ee3p t\u00e1c th\u00e0nh c\u00f4ng - IBI Global - Vietnam<\/title>\n<meta name=\"description\" content=\"IBI Global \u2013 Vietnam \u0111ang ch\u1ee7 \u0111\u1ed9ng t\u00ecm ki\u1ebfm c\u00e1c \u0111\u1ed1i t\u00e1c c\u00f3 n\u0103ng l\u1ef1c v\u00e0 \u0111am m\u00ea ng\u00e0nh gi\u00e1o d\u1ee5c t\u1ea1i Vi\u1ec7t Nam nh\u1eb1m mang m\u00f4 h\u00ecnh h\u1ecdc t\u1eadp ti\u00ean ti\u1ebfn\" \/>\n<meta name=\"robots\" content=\"index, follow, max-snippet:-1, max-image-preview:large, max-video-preview:-1\" \/>\n<link rel=\"canonical\" href=\"https:\/\/ibi-global.com\/vi\/hop-tac-cung-ibi-global\/\" \/>\n<meta property=\"og:locale\" content=\"vi_VN\" \/>\n<meta property=\"og:type\" content=\"article\" \/>\n<meta property=\"og:title\" content=\"H\u1ee3p t\u00e1c th\u00e0nh c\u00f4ng - IBI Global - Vietnam\" \/>\n<meta property=\"og:description\" content=\"IBI Global \u2013 Vietnam \u0111ang ch\u1ee7 \u0111\u1ed9ng t\u00ecm ki\u1ebfm c\u00e1c \u0111\u1ed1i t\u00e1c c\u00f3 n\u0103ng l\u1ef1c v\u00e0 \u0111am m\u00ea ng\u00e0nh gi\u00e1o d\u1ee5c t\u1ea1i Vi\u1ec7t Nam nh\u1eb1m mang m\u00f4 h\u00ecnh h\u1ecdc t\u1eadp ti\u00ean ti\u1ebfn\" \/>\n<meta property=\"og:url\" content=\"https:\/\/ibi-global.com\/vi\/hop-tac-cung-ibi-global\/\" \/>\n<meta property=\"og:site_name\" content=\"IBI Global - Vietnam\" \/>\n<meta property=\"article:publisher\" content=\"https:\/\/www.facebook.com\/ibischool.vietnam\" \/>\n<meta property=\"article:modified_time\" content=\"2026-02-03T03:10:24+00:00\" \/>\n<meta name=\"twitter:card\" content=\"summary_large_image\" \/>\n<meta name=\"twitter:site\" content=\"@flipped_ibi\" \/>\n<meta name=\"twitter:label1\" content=\"Est. reading time\" \/>\n\t<meta name=\"twitter:data1\" content=\"2 minutes\" \/>\n<script type=\"application\/ld+json\" class=\"yoast-schema-graph\">{\"@context\":\"https:\/\/schema.org\",\"@graph\":[{\"@type\":\"WebPage\",\"@id\":\"https:\/\/ibi-global.com\/vi\/hop-tac-cung-ibi-global\/\",\"url\":\"https:\/\/ibi-global.com\/vi\/hop-tac-cung-ibi-global\/\",\"name\":\"H\u1ee3p t\u00e1c th\u00e0nh c\u00f4ng - IBI Global - Vietnam\",\"isPartOf\":{\"@id\":\"https:\/\/ibi-global.com\/vi\/#website\"},\"datePublished\":\"2024-09-12T08:01:46+00:00\",\"dateModified\":\"2026-02-03T03:10:24+00:00\",\"description\":\"IBI Global \u2013 Vietnam \u0111ang ch\u1ee7 \u0111\u1ed9ng t\u00ecm ki\u1ebfm c\u00e1c \u0111\u1ed1i t\u00e1c c\u00f3 n\u0103ng l\u1ef1c v\u00e0 \u0111am m\u00ea ng\u00e0nh gi\u00e1o d\u1ee5c t\u1ea1i Vi\u1ec7t Nam nh\u1eb1m mang m\u00f4 h\u00ecnh h\u1ecdc t\u1eadp ti\u00ean ti\u1ebfn\",\"breadcrumb\":{\"@id\":\"https:\/\/ibi-global.com\/vi\/hop-tac-cung-ibi-global\/#breadcrumb\"},\"inLanguage\":\"vi-VN\",\"potentialAction\":[{\"@type\":\"ReadAction\",\"target\":[\"https:\/\/ibi-global.com\/vi\/hop-tac-cung-ibi-global\/\"]}]},{\"@type\":\"BreadcrumbList\",\"@id\":\"https:\/\/ibi-global.com\/vi\/hop-tac-cung-ibi-global\/#breadcrumb\",\"itemListElement\":[{\"@type\":\"ListItem\",\"position\":1,\"name\":\"Home\",\"item\":\"https:\/\/ibi-global.com\/vi\/\"},{\"@type\":\"ListItem\",\"position\":2,\"name\":\"H\u1ee3p t\u00e1c th\u00e0nh c\u00f4ng\"}]},{\"@type\":\"WebSite\",\"@id\":\"https:\/\/ibi-global.com\/vi\/#website\",\"url\":\"https:\/\/ibi-global.com\/vi\/\",\"name\":\"IBI Global - Vietnam\",\"description\":\"H\u1ecdc Ti\u1ebfng Anh Th\u01b0\u01a1ng M\u1ea1i V\u00e0 K\u1ef9 N\u0103ng Kinh Doanh Online\",\"publisher\":{\"@id\":\"https:\/\/ibi-global.com\/vi\/#organization\"},\"potentialAction\":[{\"@type\":\"SearchAction\",\"target\":{\"@type\":\"EntryPoint\",\"urlTemplate\":\"https:\/\/ibi-global.com\/vi\/?s={search_term_string}\"},\"query-input\":\"required name=search_term_string\"}],\"inLanguage\":\"vi-VN\"},{\"@type\":\"Organization\",\"@id\":\"https:\/\/ibi-global.com\/vi\/#organization\",\"name\":\"IBI Global\",\"url\":\"https:\/\/ibi-global.com\/vi\/\",\"logo\":{\"@type\":\"ImageObject\",\"inLanguage\":\"vi-VN\",\"@id\":\"https:\/\/ibi-global.com\/vi\/#\/schema\/logo\/image\/\",\"url\":\"https:\/\/school.ibi-global.com\/wp-content\/uploads\/2023\/03\/ibi-school-logo-9168.png\",\"contentUrl\":\"https:\/\/school.ibi-global.com\/wp-content\/uploads\/2023\/03\/ibi-school-logo-9168.png\",\"width\":500,\"height\":435,\"caption\":\"IBI Global\"},\"image\":{\"@id\":\"https:\/\/ibi-global.com\/vi\/#\/schema\/logo\/image\/\"},\"sameAs\":[\"https:\/\/www.facebook.com\/ibischool.vietnam\",\"https:\/\/twitter.com\/flipped_ibi\",\"https:\/\/vn.linkedin.com\/company\/ibi-school\",\"https:\/\/www.youtube.com\/channel\/UClAXxp1l9MgKTQiwyGKT8QA\"]}]}<\/script>\n<!-- \/ Yoast SEO plugin. -->","yoast_head_json":{"title":"H\u1ee3p t\u00e1c th\u00e0nh c\u00f4ng - IBI Global - Vietnam","description":"IBI Global \u2013 Vietnam \u0111ang ch\u1ee7 \u0111\u1ed9ng t\u00ecm ki\u1ebfm c\u00e1c \u0111\u1ed1i t\u00e1c c\u00f3 n\u0103ng l\u1ef1c v\u00e0 \u0111am m\u00ea ng\u00e0nh gi\u00e1o d\u1ee5c t\u1ea1i Vi\u1ec7t Nam nh\u1eb1m mang m\u00f4 h\u00ecnh h\u1ecdc t\u1eadp ti\u00ean ti\u1ebfn","robots":{"index":"index","follow":"follow","max-snippet":"max-snippet:-1","max-image-preview":"max-image-preview:large","max-video-preview":"max-video-preview:-1"},"canonical":"https:\/\/ibi-global.com\/vi\/hop-tac-cung-ibi-global\/","og_locale":"vi_VN","og_type":"article","og_title":"H\u1ee3p t\u00e1c th\u00e0nh c\u00f4ng - IBI Global - Vietnam","og_description":"IBI Global \u2013 Vietnam \u0111ang ch\u1ee7 \u0111\u1ed9ng t\u00ecm ki\u1ebfm c\u00e1c \u0111\u1ed1i t\u00e1c c\u00f3 n\u0103ng l\u1ef1c v\u00e0 \u0111am m\u00ea ng\u00e0nh gi\u00e1o d\u1ee5c t\u1ea1i Vi\u1ec7t Nam nh\u1eb1m mang m\u00f4 h\u00ecnh h\u1ecdc t\u1eadp ti\u00ean ti\u1ebfn","og_url":"https:\/\/ibi-global.com\/vi\/hop-tac-cung-ibi-global\/","og_site_name":"IBI Global - Vietnam","article_publisher":"https:\/\/www.facebook.com\/ibischool.vietnam","article_modified_time":"2026-02-03T03:10:24+00:00","twitter_card":"summary_large_image","twitter_site":"@flipped_ibi","twitter_misc":{"Est. reading time":"2 minutes"},"schema":{"@context":"https:\/\/schema.org","@graph":[{"@type":"WebPage","@id":"https:\/\/ibi-global.com\/vi\/hop-tac-cung-ibi-global\/","url":"https:\/\/ibi-global.com\/vi\/hop-tac-cung-ibi-global\/","name":"H\u1ee3p t\u00e1c th\u00e0nh c\u00f4ng - IBI Global - Vietnam","isPartOf":{"@id":"https:\/\/ibi-global.com\/vi\/#website"},"datePublished":"2024-09-12T08:01:46+00:00","dateModified":"2026-02-03T03:10:24+00:00","description":"IBI Global \u2013 Vietnam \u0111ang ch\u1ee7 \u0111\u1ed9ng t\u00ecm ki\u1ebfm c\u00e1c \u0111\u1ed1i t\u00e1c c\u00f3 n\u0103ng l\u1ef1c v\u00e0 \u0111am m\u00ea ng\u00e0nh gi\u00e1o d\u1ee5c t\u1ea1i Vi\u1ec7t Nam nh\u1eb1m mang m\u00f4 h\u00ecnh h\u1ecdc t\u1eadp ti\u00ean ti\u1ebfn","breadcrumb":{"@id":"https:\/\/ibi-global.com\/vi\/hop-tac-cung-ibi-global\/#breadcrumb"},"inLanguage":"vi-VN","potentialAction":[{"@type":"ReadAction","target":["https:\/\/ibi-global.com\/vi\/hop-tac-cung-ibi-global\/"]}]},{"@type":"BreadcrumbList","@id":"https:\/\/ibi-global.com\/vi\/hop-tac-cung-ibi-global\/#breadcrumb","itemListElement":[{"@type":"ListItem","position":1,"name":"Home","item":"https:\/\/ibi-global.com\/vi\/"},{"@type":"ListItem","position":2,"name":"H\u1ee3p t\u00e1c th\u00e0nh c\u00f4ng"}]},{"@type":"WebSite","@id":"https:\/\/ibi-global.com\/vi\/#website","url":"https:\/\/ibi-global.com\/vi\/","name":"IBI Global - Vietnam","description":"H\u1ecdc Ti\u1ebfng Anh Th\u01b0\u01a1ng M\u1ea1i V\u00e0 K\u1ef9 N\u0103ng Kinh Doanh Online","publisher":{"@id":"https:\/\/ibi-global.com\/vi\/#organization"},"potentialAction":[{"@type":"SearchAction","target":{"@type":"EntryPoint","urlTemplate":"https:\/\/ibi-global.com\/vi\/?s={search_term_string}"},"query-input":"required name=search_term_string"}],"inLanguage":"vi-VN"},{"@type":"Organization","@id":"https:\/\/ibi-global.com\/vi\/#organization","name":"IBI Global","url":"https:\/\/ibi-global.com\/vi\/","logo":{"@type":"ImageObject","inLanguage":"vi-VN","@id":"https:\/\/ibi-global.com\/vi\/#\/schema\/logo\/image\/","url":"https:\/\/school.ibi-global.com\/wp-content\/uploads\/2023\/03\/ibi-school-logo-9168.png","contentUrl":"https:\/\/school.ibi-global.com\/wp-content\/uploads\/2023\/03\/ibi-school-logo-9168.png","width":500,"height":435,"caption":"IBI Global"},"image":{"@id":"https:\/\/ibi-global.com\/vi\/#\/schema\/logo\/image\/"},"sameAs":["https:\/\/www.facebook.com\/ibischool.vietnam","https:\/\/twitter.com\/flipped_ibi","https:\/\/vn.linkedin.com\/company\/ibi-school","https:\/\/www.youtube.com\/channel\/UClAXxp1l9MgKTQiwyGKT8QA"]}]}},"_links":{"self":[{"href":"https:\/\/ibi-global.com\/vi\/wp-json\/wp\/v2\/pages\/2331","targetHints":{"allow":["GET"]}}],"collection":[{"href":"https:\/\/ibi-global.com\/vi\/wp-json\/wp\/v2\/pages"}],"about":[{"href":"https:\/\/ibi-global.com\/vi\/wp-json\/wp\/v2\/types\/page"}],"author":[{"embeddable":true,"href":"https:\/\/ibi-global.com\/vi\/wp-json\/wp\/v2\/users\/2"}],"replies":[{"embeddable":true,"href":"https:\/\/ibi-global.com\/vi\/wp-json\/wp\/v2\/comments?post=2331"}],"version-history":[{"count":15,"href":"https:\/\/ibi-global.com\/vi\/wp-json\/wp\/v2\/pages\/2331\/revisions"}],"predecessor-version":[{"id":2852,"href":"https:\/\/ibi-global.com\/vi\/wp-json\/wp\/v2\/pages\/2331\/revisions\/2852"}],"wp:attachment":[{"href":"https:\/\/ibi-global.com\/vi\/wp-json\/wp\/v2\/media?parent=2331"}],"curies":[{"name":"wp","href":"https:\/\/api.w.org\/{rel}","templated":true}]}}