{"id":1638,"date":"2023-03-28T17:26:24","date_gmt":"2023-03-28T10:26:24","guid":{"rendered":"https:\/\/ibi-global.com\/?page_id=1638"},"modified":"2024-07-04T06:43:33","modified_gmt":"2024-07-03T23:43:33","slug":"econnect","status":"publish","type":"page","link":"https:\/\/ibi-global.com\/vi\/econnect\/","title":{"rendered":"eConnect"},"content":{"rendered":"<p style=\"text-align: justify;\">eConnect gi\u00fap ng\u01b0\u1eddi h\u1ecdc t\u01b0\u01a1ng t\u00e1c v\u00e0 l\u00e0m vi\u1ec7c theo nh\u00f3m 24\/7. eConnect l\u00e0 c\u00f4ng c\u1ee5\u00a0h\u1eefu hi\u1ec7u khi c\u00e1c l\u1edbp l\u00e0m vi\u1ec7c theo d\u1ef1 \u00e1n, sau \u0111\u00e2y l\u00e0 m\u1ed9t s\u1ed1 \u0111\u1eb7c t\u00ednh n\u1ed5i b\u1eadt:<\/p>\n<ul>\n<li style=\"text-align: justify;\"><strong>Gi\u00e1o vi\u00ean k\u1ebft n\u1ed1i h\u1ecdc vi\u00ean:<\/strong>\u00a0Gi\u00e1o vi\u00ean k\u1ebft n\u1ed1i v\u1edbi h\u1ecdc vi\u00ean qua vi\u1ec7c t\u1ea1o ra c\u00e1c d\u1ef1 \u00e1n cho c\u00e1c nh\u00f3m h\u1ecdc vi\u00ean. Gi\u00e1o vi\u00ean chia s\u1ebd t\u00e0i li\u1ec7u d\u1ef1 \u00e1n v\u00e0 h\u1ed7 tr\u1ee3 h\u1ecdc vi\u00ean qua h\u1ec7 th\u1ed1ng eShares.<\/li>\n<li style=\"text-align: justify;\"><strong>H\u1ecdc vi\u00ean k\u1ebft n\u1ed1i v\u1edbi gi\u00e1o vi\u00ean:\u00a0<\/strong>H\u1ecdc vi\u00ean \u0111\u1eb7t c\u00e2u h\u1ecfi v\u00e0 nh\u1eefng th\u1eafc m\u1eafc c\u1ee7a m\u00ecnh tr\u00ean m\u1ed7i b\u00e0i h\u1ecdc b\u1ea5t c\u1ee9 l\u00fac n\u00e0o qua h\u1ec7 th\u1ed1ng eSubmmision.<\/li>\n<li style=\"text-align: justify;\"><strong>H\u1ecdc vi\u00ean k\u1ebft n\u1ed1i v\u1edbi nhau:\u00a0<\/strong>C\u00e1c nh\u00f3m h\u1ecdc vi\u00ean chia s\u1ebd c\u00e1c t\u00e0i li\u1ec7u v\u00e0 \u00fd ki\u1ebfn v\u1ec1 d\u1ef1 \u00e1n c\u1ee7a nh\u00f3m m\u00ecnh qua h\u1ec7 th\u1ed1ng eShares v\u00e0 eSocial.<\/li>\n<\/ul>\n","protected":false},"excerpt":{"rendered":"<p>eConnect gi\u00fap ng\u01b0\u1eddi h\u1ecdc t\u01b0\u01a1ng t\u00e1c v\u00e0 l\u00e0m vi\u1ec7c theo nh\u00f3m 24\/7. eConnect l\u00e0 c\u00f4ng c\u1ee5\u00a0h\u1eefu hi\u1ec7u khi c\u00e1c l\u1edbp l\u00e0m vi\u1ec7c theo d\u1ef1 \u00e1n, sau \u0111\u00e2y l\u00e0 m\u1ed9t s\u1ed1 \u0111\u1eb7c t\u00ednh n\u1ed5i b\u1eadt: Gi\u00e1o vi\u00ean k\u1ebft n\u1ed1i h\u1ecdc vi\u00ean:\u00a0Gi\u00e1o vi\u00ean k\u1ebft n\u1ed1i v\u1edbi h\u1ecdc vi\u00ean qua vi\u1ec7c t\u1ea1o ra c\u00e1c d\u1ef1 \u00e1n cho c\u00e1c.. [&#8230;]\n","protected":false},"author":2,"featured_media":0,"parent":0,"menu_order":0,"comment_status":"closed","ping_status":"closed","template":"","meta":{"footnotes":""},"class_list":["post-1638","page","type-page","status-publish","hentry"],"yoast_head":"<!-- This site is optimized with the Yoast SEO plugin v20.3 - https:\/\/yoast.com\/wordpress\/plugins\/seo\/ -->\n<title>eConnect - IBI Global - Vietnam<\/title>\n<meta name=\"robots\" content=\"index, follow, max-snippet:-1, max-image-preview:large, max-video-preview:-1\" \/>\n<link rel=\"canonical\" href=\"https:\/\/ibi-global.com\/vi\/econnect\/\" \/>\n<meta property=\"og:locale\" content=\"vi_VN\" \/>\n<meta property=\"og:type\" content=\"article\" \/>\n<meta property=\"og:title\" content=\"eConnect - IBI Global - Vietnam\" \/>\n<meta property=\"og:description\" content=\"eConnect gi\u00fap ng\u01b0\u1eddi h\u1ecdc t\u01b0\u01a1ng t\u00e1c v\u00e0 l\u00e0m vi\u1ec7c theo nh\u00f3m 24\/7. eConnect l\u00e0 c\u00f4ng c\u1ee5\u00a0h\u1eefu hi\u1ec7u khi c\u00e1c l\u1edbp l\u00e0m vi\u1ec7c theo d\u1ef1 \u00e1n, sau \u0111\u00e2y l\u00e0 m\u1ed9t s\u1ed1 \u0111\u1eb7c t\u00ednh n\u1ed5i b\u1eadt: Gi\u00e1o vi\u00ean k\u1ebft n\u1ed1i h\u1ecdc vi\u00ean:\u00a0Gi\u00e1o vi\u00ean k\u1ebft n\u1ed1i v\u1edbi h\u1ecdc vi\u00ean qua vi\u1ec7c t\u1ea1o ra c\u00e1c d\u1ef1 \u00e1n cho c\u00e1c.. [...]\" \/>\n<meta property=\"og:url\" content=\"https:\/\/ibi-global.com\/vi\/econnect\/\" \/>\n<meta property=\"og:site_name\" content=\"IBI Global - Vietnam\" \/>\n<meta property=\"article:publisher\" content=\"https:\/\/www.facebook.com\/ibischool.vietnam\" \/>\n<meta property=\"article:modified_time\" content=\"2024-07-03T23:43:33+00:00\" \/>\n<meta name=\"twitter:card\" content=\"summary_large_image\" \/>\n<meta name=\"twitter:site\" content=\"@flipped_ibi\" \/>\n<meta name=\"twitter:label1\" content=\"Est. reading time\" \/>\n\t<meta name=\"twitter:data1\" content=\"1 minute\" \/>\n<script type=\"application\/ld+json\" class=\"yoast-schema-graph\">{\"@context\":\"https:\/\/schema.org\",\"@graph\":[{\"@type\":\"WebPage\",\"@id\":\"https:\/\/ibi-global.com\/vi\/econnect\/\",\"url\":\"https:\/\/ibi-global.com\/vi\/econnect\/\",\"name\":\"eConnect - IBI Global - Vietnam\",\"isPartOf\":{\"@id\":\"https:\/\/ibi-global.com\/vi\/#website\"},\"datePublished\":\"2023-03-28T10:26:24+00:00\",\"dateModified\":\"2024-07-03T23:43:33+00:00\",\"breadcrumb\":{\"@id\":\"https:\/\/ibi-global.com\/vi\/econnect\/#breadcrumb\"},\"inLanguage\":\"vi-VN\",\"potentialAction\":[{\"@type\":\"ReadAction\",\"target\":[\"https:\/\/ibi-global.com\/vi\/econnect\/\"]}]},{\"@type\":\"BreadcrumbList\",\"@id\":\"https:\/\/ibi-global.com\/vi\/econnect\/#breadcrumb\",\"itemListElement\":[{\"@type\":\"ListItem\",\"position\":1,\"name\":\"Home\",\"item\":\"https:\/\/ibi-global.com\/vi\/\"},{\"@type\":\"ListItem\",\"position\":2,\"name\":\"eConnect\"}]},{\"@type\":\"WebSite\",\"@id\":\"https:\/\/ibi-global.com\/vi\/#website\",\"url\":\"https:\/\/ibi-global.com\/vi\/\",\"name\":\"IBI Global - Vietnam\",\"description\":\"H\u1ecdc Ti\u1ebfng Anh Th\u01b0\u01a1ng M\u1ea1i V\u00e0 K\u1ef9 N\u0103ng Kinh Doanh Online\",\"publisher\":{\"@id\":\"https:\/\/ibi-global.com\/vi\/#organization\"},\"potentialAction\":[{\"@type\":\"SearchAction\",\"target\":{\"@type\":\"EntryPoint\",\"urlTemplate\":\"https:\/\/ibi-global.com\/vi\/?s={search_term_string}\"},\"query-input\":\"required name=search_term_string\"}],\"inLanguage\":\"vi-VN\"},{\"@type\":\"Organization\",\"@id\":\"https:\/\/ibi-global.com\/vi\/#organization\",\"name\":\"IBI Global\",\"url\":\"https:\/\/ibi-global.com\/vi\/\",\"logo\":{\"@type\":\"ImageObject\",\"inLanguage\":\"vi-VN\",\"@id\":\"https:\/\/ibi-global.com\/vi\/#\/schema\/logo\/image\/\",\"url\":\"https:\/\/school.ibi-global.com\/wp-content\/uploads\/2023\/03\/ibi-school-logo-9168.png\",\"contentUrl\":\"https:\/\/school.ibi-global.com\/wp-content\/uploads\/2023\/03\/ibi-school-logo-9168.png\",\"width\":500,\"height\":435,\"caption\":\"IBI Global\"},\"image\":{\"@id\":\"https:\/\/ibi-global.com\/vi\/#\/schema\/logo\/image\/\"},\"sameAs\":[\"https:\/\/www.facebook.com\/ibischool.vietnam\",\"https:\/\/twitter.com\/flipped_ibi\",\"https:\/\/vn.linkedin.com\/company\/ibi-school\",\"https:\/\/www.youtube.com\/channel\/UClAXxp1l9MgKTQiwyGKT8QA\"]}]}<\/script>\n<!-- \/ Yoast SEO plugin. -->","yoast_head_json":{"title":"eConnect - IBI Global - Vietnam","robots":{"index":"index","follow":"follow","max-snippet":"max-snippet:-1","max-image-preview":"max-image-preview:large","max-video-preview":"max-video-preview:-1"},"canonical":"https:\/\/ibi-global.com\/vi\/econnect\/","og_locale":"vi_VN","og_type":"article","og_title":"eConnect - IBI Global - Vietnam","og_description":"eConnect gi\u00fap ng\u01b0\u1eddi h\u1ecdc t\u01b0\u01a1ng t\u00e1c v\u00e0 l\u00e0m vi\u1ec7c theo nh\u00f3m 24\/7. eConnect l\u00e0 c\u00f4ng c\u1ee5\u00a0h\u1eefu hi\u1ec7u khi c\u00e1c l\u1edbp l\u00e0m vi\u1ec7c theo d\u1ef1 \u00e1n, sau \u0111\u00e2y l\u00e0 m\u1ed9t s\u1ed1 \u0111\u1eb7c t\u00ednh n\u1ed5i b\u1eadt: Gi\u00e1o vi\u00ean k\u1ebft n\u1ed1i h\u1ecdc vi\u00ean:\u00a0Gi\u00e1o vi\u00ean k\u1ebft n\u1ed1i v\u1edbi h\u1ecdc vi\u00ean qua vi\u1ec7c t\u1ea1o ra c\u00e1c d\u1ef1 \u00e1n cho c\u00e1c.. [...]","og_url":"https:\/\/ibi-global.com\/vi\/econnect\/","og_site_name":"IBI Global - Vietnam","article_publisher":"https:\/\/www.facebook.com\/ibischool.vietnam","article_modified_time":"2024-07-03T23:43:33+00:00","twitter_card":"summary_large_image","twitter_site":"@flipped_ibi","twitter_misc":{"Est. reading time":"1 minute"},"schema":{"@context":"https:\/\/schema.org","@graph":[{"@type":"WebPage","@id":"https:\/\/ibi-global.com\/vi\/econnect\/","url":"https:\/\/ibi-global.com\/vi\/econnect\/","name":"eConnect - IBI Global - Vietnam","isPartOf":{"@id":"https:\/\/ibi-global.com\/vi\/#website"},"datePublished":"2023-03-28T10:26:24+00:00","dateModified":"2024-07-03T23:43:33+00:00","breadcrumb":{"@id":"https:\/\/ibi-global.com\/vi\/econnect\/#breadcrumb"},"inLanguage":"vi-VN","potentialAction":[{"@type":"ReadAction","target":["https:\/\/ibi-global.com\/vi\/econnect\/"]}]},{"@type":"BreadcrumbList","@id":"https:\/\/ibi-global.com\/vi\/econnect\/#breadcrumb","itemListElement":[{"@type":"ListItem","position":1,"name":"Home","item":"https:\/\/ibi-global.com\/vi\/"},{"@type":"ListItem","position":2,"name":"eConnect"}]},{"@type":"WebSite","@id":"https:\/\/ibi-global.com\/vi\/#website","url":"https:\/\/ibi-global.com\/vi\/","name":"IBI Global - Vietnam","description":"H\u1ecdc Ti\u1ebfng Anh Th\u01b0\u01a1ng M\u1ea1i V\u00e0 K\u1ef9 N\u0103ng Kinh Doanh Online","publisher":{"@id":"https:\/\/ibi-global.com\/vi\/#organization"},"potentialAction":[{"@type":"SearchAction","target":{"@type":"EntryPoint","urlTemplate":"https:\/\/ibi-global.com\/vi\/?s={search_term_string}"},"query-input":"required name=search_term_string"}],"inLanguage":"vi-VN"},{"@type":"Organization","@id":"https:\/\/ibi-global.com\/vi\/#organization","name":"IBI Global","url":"https:\/\/ibi-global.com\/vi\/","logo":{"@type":"ImageObject","inLanguage":"vi-VN","@id":"https:\/\/ibi-global.com\/vi\/#\/schema\/logo\/image\/","url":"https:\/\/school.ibi-global.com\/wp-content\/uploads\/2023\/03\/ibi-school-logo-9168.png","contentUrl":"https:\/\/school.ibi-global.com\/wp-content\/uploads\/2023\/03\/ibi-school-logo-9168.png","width":500,"height":435,"caption":"IBI Global"},"image":{"@id":"https:\/\/ibi-global.com\/vi\/#\/schema\/logo\/image\/"},"sameAs":["https:\/\/www.facebook.com\/ibischool.vietnam","https:\/\/twitter.com\/flipped_ibi","https:\/\/vn.linkedin.com\/company\/ibi-school","https:\/\/www.youtube.com\/channel\/UClAXxp1l9MgKTQiwyGKT8QA"]}]}},"_links":{"self":[{"href":"https:\/\/ibi-global.com\/vi\/wp-json\/wp\/v2\/pages\/1638","targetHints":{"allow":["GET"]}}],"collection":[{"href":"https:\/\/ibi-global.com\/vi\/wp-json\/wp\/v2\/pages"}],"about":[{"href":"https:\/\/ibi-global.com\/vi\/wp-json\/wp\/v2\/types\/page"}],"author":[{"embeddable":true,"href":"https:\/\/ibi-global.com\/vi\/wp-json\/wp\/v2\/users\/2"}],"replies":[{"embeddable":true,"href":"https:\/\/ibi-global.com\/vi\/wp-json\/wp\/v2\/comments?post=1638"}],"version-history":[{"count":2,"href":"https:\/\/ibi-global.com\/vi\/wp-json\/wp\/v2\/pages\/1638\/revisions"}],"predecessor-version":[{"id":2096,"href":"https:\/\/ibi-global.com\/vi\/wp-json\/wp\/v2\/pages\/1638\/revisions\/2096"}],"wp:attachment":[{"href":"https:\/\/ibi-global.com\/vi\/wp-json\/wp\/v2\/media?parent=1638"}],"curies":[{"name":"wp","href":"https:\/\/api.w.org\/{rel}","templated":true}]}}