{"id":1636,"date":"2023-03-28T17:25:39","date_gmt":"2023-03-28T10:25:39","guid":{"rendered":"https:\/\/ibi-global.com\/?page_id=1636"},"modified":"2024-07-09T12:40:16","modified_gmt":"2024-07-09T05:40:16","slug":"epronunciation","status":"publish","type":"page","link":"https:\/\/ibi-global.com\/vi\/epronunciation\/","title":{"rendered":"ePronunciation"},"content":{"rendered":"<p style=\"text-align: justify;\">H\u1ec7 th\u1ed1ng thu \u00e2m v\u00e0 ph\u00e2n t\u00edch ph\u00e1t \u00e2m v\u00e0 gi\u1ecdng n\u00f3i c\u1ee7a h\u1ecdc vi\u00ean <strong>ePronunciation<\/strong> gi\u00fap h\u1ecdc vi\u00ean t\u1ef1 thu \u00e2m ph\u1ea7n n\u00f3i c\u1ee7a m\u00ecnh \u0111\u01b0\u1ee3c y\u00eau c\u1ea7u trong b\u00e0i h\u1ecdc, r\u1ed3i g\u1edfi ph\u1ea7n thu \u00e2m cho gi\u00e1o vi\u00ean h\u01b0\u1edbng d\u1eabn \u0111\u1ec3 \u0111\u01b0\u1ee3c gi\u00e1o vi\u00ean ph\u00e2n t\u00edch, \u0111\u00e1nh gi\u00e1 v\u00e0 ch\u1ec9nh s\u1eeda ph\u00e1t \u00e2m, gi\u00fap b\u1ea1n c\u1ea3i thi\u1ec7n k\u1ef9 n\u0103ng ph\u00e1t \u00e2m m\u1ed9t c\u00e1ch hi\u1ec7u qu\u1ea3 nh\u1ea5t.<\/p>\n<p>\u00a0<\/p>\n<p style=\"text-align: center;\"><img loading=\"lazy\" decoding=\"async\" class=\"aligncenter size-thumbnail wp-image-818\" src=\"https:\/\/ibi-global.com\/wp-content\/uploads\/2023\/03\/ePronuncation-280x280.png\" alt=\"\" width=\"280\" height=\"280\" srcset=\"https:\/\/ibi-global.com\/wp-content\/uploads\/2023\/03\/ePronuncation-280x280.png 280w, https:\/\/ibi-global.com\/wp-content\/uploads\/2023\/03\/ePronuncation-300x300.png 300w, https:\/\/ibi-global.com\/wp-content\/uploads\/2023\/03\/ePronuncation-100x100.png 100w\" sizes=\"auto, (max-width: 280px) 100vw, 280px\" \/><\/p>\n<p>\u00a0<\/p>\n","protected":false},"excerpt":{"rendered":"<p>H\u1ec7 th\u1ed1ng thu \u00e2m v\u00e0 ph\u00e2n t\u00edch ph\u00e1t \u00e2m v\u00e0 gi\u1ecdng n\u00f3i c\u1ee7a h\u1ecdc vi\u00ean ePronunciation gi\u00fap h\u1ecdc vi\u00ean t\u1ef1 thu \u00e2m ph\u1ea7n n\u00f3i c\u1ee7a m\u00ecnh \u0111\u01b0\u1ee3c y\u00eau c\u1ea7u trong b\u00e0i h\u1ecdc, r\u1ed3i g\u1edfi ph\u1ea7n thu \u00e2m cho gi\u00e1o vi\u00ean h\u01b0\u1edbng d\u1eabn \u0111\u1ec3 \u0111\u01b0\u1ee3c gi\u00e1o vi\u00ean ph\u00e2n t\u00edch, \u0111\u00e1nh gi\u00e1 v\u00e0 ch\u1ec9nh s\u1eeda ph\u00e1t \u00e2m,.. [&#8230;]\n","protected":false},"author":2,"featured_media":0,"parent":0,"menu_order":0,"comment_status":"closed","ping_status":"closed","template":"","meta":{"footnotes":""},"class_list":["post-1636","page","type-page","status-publish","hentry"],"yoast_head":"<!-- This site is optimized with the Yoast SEO plugin v20.3 - https:\/\/yoast.com\/wordpress\/plugins\/seo\/ -->\n<title>ePronunciation - IBI Global - Vietnam<\/title>\n<meta name=\"robots\" content=\"index, follow, max-snippet:-1, max-image-preview:large, max-video-preview:-1\" \/>\n<link rel=\"canonical\" href=\"https:\/\/ibi-global.com\/vi\/epronunciation\/\" \/>\n<meta property=\"og:locale\" content=\"vi_VN\" \/>\n<meta property=\"og:type\" content=\"article\" \/>\n<meta property=\"og:title\" content=\"ePronunciation - IBI Global - Vietnam\" \/>\n<meta property=\"og:description\" content=\"H\u1ec7 th\u1ed1ng thu \u00e2m v\u00e0 ph\u00e2n t\u00edch ph\u00e1t \u00e2m v\u00e0 gi\u1ecdng n\u00f3i c\u1ee7a h\u1ecdc vi\u00ean ePronunciation gi\u00fap h\u1ecdc vi\u00ean t\u1ef1 thu \u00e2m ph\u1ea7n n\u00f3i c\u1ee7a m\u00ecnh \u0111\u01b0\u1ee3c y\u00eau c\u1ea7u trong b\u00e0i h\u1ecdc, r\u1ed3i g\u1edfi ph\u1ea7n thu \u00e2m cho gi\u00e1o vi\u00ean h\u01b0\u1edbng d\u1eabn \u0111\u1ec3 \u0111\u01b0\u1ee3c gi\u00e1o vi\u00ean ph\u00e2n t\u00edch, \u0111\u00e1nh gi\u00e1 v\u00e0 ch\u1ec9nh s\u1eeda ph\u00e1t \u00e2m,.. [...]\" \/>\n<meta property=\"og:url\" content=\"https:\/\/ibi-global.com\/vi\/epronunciation\/\" \/>\n<meta property=\"og:site_name\" content=\"IBI Global - Vietnam\" \/>\n<meta property=\"article:publisher\" content=\"https:\/\/www.facebook.com\/ibischool.vietnam\" \/>\n<meta property=\"article:modified_time\" content=\"2024-07-09T05:40:16+00:00\" \/>\n<meta property=\"og:image\" content=\"https:\/\/ibi-global.com\/wp-content\/uploads\/2023\/03\/ePronuncation-280x280.png\" \/>\n<meta name=\"twitter:card\" content=\"summary_large_image\" \/>\n<meta name=\"twitter:site\" content=\"@flipped_ibi\" \/>\n<meta name=\"twitter:label1\" content=\"Est. reading time\" \/>\n\t<meta name=\"twitter:data1\" content=\"1 minute\" \/>\n<script type=\"application\/ld+json\" class=\"yoast-schema-graph\">{\"@context\":\"https:\/\/schema.org\",\"@graph\":[{\"@type\":\"WebPage\",\"@id\":\"https:\/\/ibi-global.com\/vi\/epronunciation\/\",\"url\":\"https:\/\/ibi-global.com\/vi\/epronunciation\/\",\"name\":\"ePronunciation - IBI Global - Vietnam\",\"isPartOf\":{\"@id\":\"https:\/\/ibi-global.com\/vi\/#website\"},\"datePublished\":\"2023-03-28T10:25:39+00:00\",\"dateModified\":\"2024-07-09T05:40:16+00:00\",\"breadcrumb\":{\"@id\":\"https:\/\/ibi-global.com\/vi\/epronunciation\/#breadcrumb\"},\"inLanguage\":\"vi-VN\",\"potentialAction\":[{\"@type\":\"ReadAction\",\"target\":[\"https:\/\/ibi-global.com\/vi\/epronunciation\/\"]}]},{\"@type\":\"BreadcrumbList\",\"@id\":\"https:\/\/ibi-global.com\/vi\/epronunciation\/#breadcrumb\",\"itemListElement\":[{\"@type\":\"ListItem\",\"position\":1,\"name\":\"Home\",\"item\":\"https:\/\/ibi-global.com\/vi\/\"},{\"@type\":\"ListItem\",\"position\":2,\"name\":\"ePronunciation\"}]},{\"@type\":\"WebSite\",\"@id\":\"https:\/\/ibi-global.com\/vi\/#website\",\"url\":\"https:\/\/ibi-global.com\/vi\/\",\"name\":\"IBI Global - Vietnam\",\"description\":\"H\u1ecdc Ti\u1ebfng Anh Th\u01b0\u01a1ng M\u1ea1i V\u00e0 K\u1ef9 N\u0103ng Kinh Doanh Online\",\"publisher\":{\"@id\":\"https:\/\/ibi-global.com\/vi\/#organization\"},\"potentialAction\":[{\"@type\":\"SearchAction\",\"target\":{\"@type\":\"EntryPoint\",\"urlTemplate\":\"https:\/\/ibi-global.com\/vi\/?s={search_term_string}\"},\"query-input\":\"required name=search_term_string\"}],\"inLanguage\":\"vi-VN\"},{\"@type\":\"Organization\",\"@id\":\"https:\/\/ibi-global.com\/vi\/#organization\",\"name\":\"IBI Global\",\"url\":\"https:\/\/ibi-global.com\/vi\/\",\"logo\":{\"@type\":\"ImageObject\",\"inLanguage\":\"vi-VN\",\"@id\":\"https:\/\/ibi-global.com\/vi\/#\/schema\/logo\/image\/\",\"url\":\"https:\/\/school.ibi-global.com\/wp-content\/uploads\/2023\/03\/ibi-school-logo-9168.png\",\"contentUrl\":\"https:\/\/school.ibi-global.com\/wp-content\/uploads\/2023\/03\/ibi-school-logo-9168.png\",\"width\":500,\"height\":435,\"caption\":\"IBI Global\"},\"image\":{\"@id\":\"https:\/\/ibi-global.com\/vi\/#\/schema\/logo\/image\/\"},\"sameAs\":[\"https:\/\/www.facebook.com\/ibischool.vietnam\",\"https:\/\/twitter.com\/flipped_ibi\",\"https:\/\/vn.linkedin.com\/company\/ibi-school\",\"https:\/\/www.youtube.com\/channel\/UClAXxp1l9MgKTQiwyGKT8QA\"]}]}<\/script>\n<!-- \/ Yoast SEO plugin. -->","yoast_head_json":{"title":"ePronunciation - IBI Global - Vietnam","robots":{"index":"index","follow":"follow","max-snippet":"max-snippet:-1","max-image-preview":"max-image-preview:large","max-video-preview":"max-video-preview:-1"},"canonical":"https:\/\/ibi-global.com\/vi\/epronunciation\/","og_locale":"vi_VN","og_type":"article","og_title":"ePronunciation - IBI Global - Vietnam","og_description":"H\u1ec7 th\u1ed1ng thu \u00e2m v\u00e0 ph\u00e2n t\u00edch ph\u00e1t \u00e2m v\u00e0 gi\u1ecdng n\u00f3i c\u1ee7a h\u1ecdc vi\u00ean ePronunciation gi\u00fap h\u1ecdc vi\u00ean t\u1ef1 thu \u00e2m ph\u1ea7n n\u00f3i c\u1ee7a m\u00ecnh \u0111\u01b0\u1ee3c y\u00eau c\u1ea7u trong b\u00e0i h\u1ecdc, r\u1ed3i g\u1edfi ph\u1ea7n thu \u00e2m cho gi\u00e1o vi\u00ean h\u01b0\u1edbng d\u1eabn \u0111\u1ec3 \u0111\u01b0\u1ee3c gi\u00e1o vi\u00ean ph\u00e2n t\u00edch, \u0111\u00e1nh gi\u00e1 v\u00e0 ch\u1ec9nh s\u1eeda ph\u00e1t \u00e2m,.. [...]","og_url":"https:\/\/ibi-global.com\/vi\/epronunciation\/","og_site_name":"IBI Global - Vietnam","article_publisher":"https:\/\/www.facebook.com\/ibischool.vietnam","article_modified_time":"2024-07-09T05:40:16+00:00","og_image":[{"url":"https:\/\/ibi-global.com\/wp-content\/uploads\/2023\/03\/ePronuncation-280x280.png"}],"twitter_card":"summary_large_image","twitter_site":"@flipped_ibi","twitter_misc":{"Est. reading time":"1 minute"},"schema":{"@context":"https:\/\/schema.org","@graph":[{"@type":"WebPage","@id":"https:\/\/ibi-global.com\/vi\/epronunciation\/","url":"https:\/\/ibi-global.com\/vi\/epronunciation\/","name":"ePronunciation - IBI Global - Vietnam","isPartOf":{"@id":"https:\/\/ibi-global.com\/vi\/#website"},"datePublished":"2023-03-28T10:25:39+00:00","dateModified":"2024-07-09T05:40:16+00:00","breadcrumb":{"@id":"https:\/\/ibi-global.com\/vi\/epronunciation\/#breadcrumb"},"inLanguage":"vi-VN","potentialAction":[{"@type":"ReadAction","target":["https:\/\/ibi-global.com\/vi\/epronunciation\/"]}]},{"@type":"BreadcrumbList","@id":"https:\/\/ibi-global.com\/vi\/epronunciation\/#breadcrumb","itemListElement":[{"@type":"ListItem","position":1,"name":"Home","item":"https:\/\/ibi-global.com\/vi\/"},{"@type":"ListItem","position":2,"name":"ePronunciation"}]},{"@type":"WebSite","@id":"https:\/\/ibi-global.com\/vi\/#website","url":"https:\/\/ibi-global.com\/vi\/","name":"IBI Global - Vietnam","description":"H\u1ecdc Ti\u1ebfng Anh Th\u01b0\u01a1ng M\u1ea1i V\u00e0 K\u1ef9 N\u0103ng Kinh Doanh Online","publisher":{"@id":"https:\/\/ibi-global.com\/vi\/#organization"},"potentialAction":[{"@type":"SearchAction","target":{"@type":"EntryPoint","urlTemplate":"https:\/\/ibi-global.com\/vi\/?s={search_term_string}"},"query-input":"required name=search_term_string"}],"inLanguage":"vi-VN"},{"@type":"Organization","@id":"https:\/\/ibi-global.com\/vi\/#organization","name":"IBI Global","url":"https:\/\/ibi-global.com\/vi\/","logo":{"@type":"ImageObject","inLanguage":"vi-VN","@id":"https:\/\/ibi-global.com\/vi\/#\/schema\/logo\/image\/","url":"https:\/\/school.ibi-global.com\/wp-content\/uploads\/2023\/03\/ibi-school-logo-9168.png","contentUrl":"https:\/\/school.ibi-global.com\/wp-content\/uploads\/2023\/03\/ibi-school-logo-9168.png","width":500,"height":435,"caption":"IBI Global"},"image":{"@id":"https:\/\/ibi-global.com\/vi\/#\/schema\/logo\/image\/"},"sameAs":["https:\/\/www.facebook.com\/ibischool.vietnam","https:\/\/twitter.com\/flipped_ibi","https:\/\/vn.linkedin.com\/company\/ibi-school","https:\/\/www.youtube.com\/channel\/UClAXxp1l9MgKTQiwyGKT8QA"]}]}},"_links":{"self":[{"href":"https:\/\/ibi-global.com\/vi\/wp-json\/wp\/v2\/pages\/1636","targetHints":{"allow":["GET"]}}],"collection":[{"href":"https:\/\/ibi-global.com\/vi\/wp-json\/wp\/v2\/pages"}],"about":[{"href":"https:\/\/ibi-global.com\/vi\/wp-json\/wp\/v2\/types\/page"}],"author":[{"embeddable":true,"href":"https:\/\/ibi-global.com\/vi\/wp-json\/wp\/v2\/users\/2"}],"replies":[{"embeddable":true,"href":"https:\/\/ibi-global.com\/vi\/wp-json\/wp\/v2\/comments?post=1636"}],"version-history":[{"count":3,"href":"https:\/\/ibi-global.com\/vi\/wp-json\/wp\/v2\/pages\/1636\/revisions"}],"predecessor-version":[{"id":2250,"href":"https:\/\/ibi-global.com\/vi\/wp-json\/wp\/v2\/pages\/1636\/revisions\/2250"}],"wp:attachment":[{"href":"https:\/\/ibi-global.com\/vi\/wp-json\/wp\/v2\/media?parent=1636"}],"curies":[{"name":"wp","href":"https:\/\/api.w.org\/{rel}","templated":true}]}}