{"id":1634,"date":"2023-03-28T17:24:31","date_gmt":"2023-03-28T10:24:31","guid":{"rendered":"https:\/\/ibi-global.com\/?page_id=1634"},"modified":"2024-07-09T12:39:31","modified_gmt":"2024-07-09T05:39:31","slug":"ebadges","status":"publish","type":"page","link":"https:\/\/ibi-global.com\/vi\/ebadges\/","title":{"rendered":"eBadges"},"content":{"rendered":"<p style=\"text-align: justify;\"><span style=\"font-size: 100%;\">eBadges c\u00f4ng nh\u1eadn nh\u1eefng th\u00e0nh qu\u1ea3 \u0111\u1ea1t \u0111\u01b0\u1ee3c c\u1ee7a ng\u01b0\u1eddi h\u1ecdc tr\u00ean t\u1eebng k\u1ef9 n\u0103ng gi\u00fap h\u1ecd th\u1ea5y \u0111\u01b0\u1ee3c \u0111i\u1ec3m m\u1ea1nh y\u1ebfu c\u00f9a m\u00ecnh gi\u00fap t\u1ea1o \u0111\u1ed9ng l\u1ef1c ho\u00e0n thi\u1ec7n t\u1ea5t c\u1ea3 c\u00e1c k\u1ef9 n\u0103ng trong ch\u01b0\u01a1ng tr\u00ecnh h\u1ecdc c\u1ee7a m\u00ecnh.<\/span><\/p>\n","protected":false},"excerpt":{"rendered":"<p>eBadges c\u00f4ng nh\u1eadn nh\u1eefng th\u00e0nh qu\u1ea3 \u0111\u1ea1t \u0111\u01b0\u1ee3c c\u1ee7a ng\u01b0\u1eddi h\u1ecdc tr\u00ean t\u1eebng k\u1ef9 n\u0103ng gi\u00fap h\u1ecd th\u1ea5y \u0111\u01b0\u1ee3c \u0111i\u1ec3m m\u1ea1nh y\u1ebfu c\u00f9a m\u00ecnh gi\u00fap t\u1ea1o \u0111\u1ed9ng l\u1ef1c ho\u00e0n thi\u1ec7n t\u1ea5t c\u1ea3 c\u00e1c k\u1ef9 n\u0103ng trong ch\u01b0\u01a1ng tr\u00ecnh h\u1ecdc c\u1ee7a m\u00ecnh.<\/p>\n","protected":false},"author":2,"featured_media":0,"parent":0,"menu_order":0,"comment_status":"closed","ping_status":"closed","template":"","meta":{"footnotes":""},"class_list":["post-1634","page","type-page","status-publish","hentry"],"yoast_head":"<!-- This site is optimized with the Yoast SEO plugin v20.3 - https:\/\/yoast.com\/wordpress\/plugins\/seo\/ -->\n<title>eBadges - IBI Global - Vietnam<\/title>\n<meta name=\"robots\" content=\"index, follow, max-snippet:-1, max-image-preview:large, max-video-preview:-1\" \/>\n<link rel=\"canonical\" href=\"https:\/\/ibi-global.com\/vi\/ebadges\/\" \/>\n<meta property=\"og:locale\" content=\"vi_VN\" \/>\n<meta property=\"og:type\" content=\"article\" \/>\n<meta property=\"og:title\" content=\"eBadges - IBI Global - Vietnam\" \/>\n<meta property=\"og:description\" content=\"eBadges c\u00f4ng nh\u1eadn nh\u1eefng th\u00e0nh qu\u1ea3 \u0111\u1ea1t \u0111\u01b0\u1ee3c c\u1ee7a ng\u01b0\u1eddi h\u1ecdc tr\u00ean t\u1eebng k\u1ef9 n\u0103ng gi\u00fap h\u1ecd th\u1ea5y \u0111\u01b0\u1ee3c \u0111i\u1ec3m m\u1ea1nh y\u1ebfu c\u00f9a m\u00ecnh gi\u00fap t\u1ea1o \u0111\u1ed9ng l\u1ef1c ho\u00e0n thi\u1ec7n t\u1ea5t c\u1ea3 c\u00e1c k\u1ef9 n\u0103ng trong ch\u01b0\u01a1ng tr\u00ecnh h\u1ecdc c\u1ee7a m\u00ecnh.\" \/>\n<meta property=\"og:url\" content=\"https:\/\/ibi-global.com\/vi\/ebadges\/\" \/>\n<meta property=\"og:site_name\" content=\"IBI Global - Vietnam\" \/>\n<meta property=\"article:publisher\" content=\"https:\/\/www.facebook.com\/ibischool.vietnam\" \/>\n<meta property=\"article:modified_time\" content=\"2024-07-09T05:39:31+00:00\" \/>\n<meta name=\"twitter:card\" content=\"summary_large_image\" \/>\n<meta name=\"twitter:site\" content=\"@flipped_ibi\" \/>\n<meta name=\"twitter:label1\" content=\"Est. reading time\" \/>\n\t<meta name=\"twitter:data1\" content=\"1 minute\" \/>\n<script type=\"application\/ld+json\" class=\"yoast-schema-graph\">{\"@context\":\"https:\/\/schema.org\",\"@graph\":[{\"@type\":\"WebPage\",\"@id\":\"https:\/\/ibi-global.com\/vi\/ebadges\/\",\"url\":\"https:\/\/ibi-global.com\/vi\/ebadges\/\",\"name\":\"eBadges - IBI Global - Vietnam\",\"isPartOf\":{\"@id\":\"https:\/\/ibi-global.com\/vi\/#website\"},\"datePublished\":\"2023-03-28T10:24:31+00:00\",\"dateModified\":\"2024-07-09T05:39:31+00:00\",\"breadcrumb\":{\"@id\":\"https:\/\/ibi-global.com\/vi\/ebadges\/#breadcrumb\"},\"inLanguage\":\"vi-VN\",\"potentialAction\":[{\"@type\":\"ReadAction\",\"target\":[\"https:\/\/ibi-global.com\/vi\/ebadges\/\"]}]},{\"@type\":\"BreadcrumbList\",\"@id\":\"https:\/\/ibi-global.com\/vi\/ebadges\/#breadcrumb\",\"itemListElement\":[{\"@type\":\"ListItem\",\"position\":1,\"name\":\"Home\",\"item\":\"https:\/\/ibi-global.com\/vi\/\"},{\"@type\":\"ListItem\",\"position\":2,\"name\":\"eBadges\"}]},{\"@type\":\"WebSite\",\"@id\":\"https:\/\/ibi-global.com\/vi\/#website\",\"url\":\"https:\/\/ibi-global.com\/vi\/\",\"name\":\"IBI Global - Vietnam\",\"description\":\"H\u1ecdc Ti\u1ebfng Anh Th\u01b0\u01a1ng M\u1ea1i V\u00e0 K\u1ef9 N\u0103ng Kinh Doanh Online\",\"publisher\":{\"@id\":\"https:\/\/ibi-global.com\/vi\/#organization\"},\"potentialAction\":[{\"@type\":\"SearchAction\",\"target\":{\"@type\":\"EntryPoint\",\"urlTemplate\":\"https:\/\/ibi-global.com\/vi\/?s={search_term_string}\"},\"query-input\":\"required name=search_term_string\"}],\"inLanguage\":\"vi-VN\"},{\"@type\":\"Organization\",\"@id\":\"https:\/\/ibi-global.com\/vi\/#organization\",\"name\":\"IBI Global\",\"url\":\"https:\/\/ibi-global.com\/vi\/\",\"logo\":{\"@type\":\"ImageObject\",\"inLanguage\":\"vi-VN\",\"@id\":\"https:\/\/ibi-global.com\/vi\/#\/schema\/logo\/image\/\",\"url\":\"https:\/\/school.ibi-global.com\/wp-content\/uploads\/2023\/03\/ibi-school-logo-9168.png\",\"contentUrl\":\"https:\/\/school.ibi-global.com\/wp-content\/uploads\/2023\/03\/ibi-school-logo-9168.png\",\"width\":500,\"height\":435,\"caption\":\"IBI Global\"},\"image\":{\"@id\":\"https:\/\/ibi-global.com\/vi\/#\/schema\/logo\/image\/\"},\"sameAs\":[\"https:\/\/www.facebook.com\/ibischool.vietnam\",\"https:\/\/twitter.com\/flipped_ibi\",\"https:\/\/vn.linkedin.com\/company\/ibi-school\",\"https:\/\/www.youtube.com\/channel\/UClAXxp1l9MgKTQiwyGKT8QA\"]}]}<\/script>\n<!-- \/ Yoast SEO plugin. -->","yoast_head_json":{"title":"eBadges - IBI Global - Vietnam","robots":{"index":"index","follow":"follow","max-snippet":"max-snippet:-1","max-image-preview":"max-image-preview:large","max-video-preview":"max-video-preview:-1"},"canonical":"https:\/\/ibi-global.com\/vi\/ebadges\/","og_locale":"vi_VN","og_type":"article","og_title":"eBadges - IBI Global - Vietnam","og_description":"eBadges c\u00f4ng nh\u1eadn nh\u1eefng th\u00e0nh qu\u1ea3 \u0111\u1ea1t \u0111\u01b0\u1ee3c c\u1ee7a ng\u01b0\u1eddi h\u1ecdc tr\u00ean t\u1eebng k\u1ef9 n\u0103ng gi\u00fap h\u1ecd th\u1ea5y \u0111\u01b0\u1ee3c \u0111i\u1ec3m m\u1ea1nh y\u1ebfu c\u00f9a m\u00ecnh gi\u00fap t\u1ea1o \u0111\u1ed9ng l\u1ef1c ho\u00e0n thi\u1ec7n t\u1ea5t c\u1ea3 c\u00e1c k\u1ef9 n\u0103ng trong ch\u01b0\u01a1ng tr\u00ecnh h\u1ecdc c\u1ee7a m\u00ecnh.","og_url":"https:\/\/ibi-global.com\/vi\/ebadges\/","og_site_name":"IBI Global - Vietnam","article_publisher":"https:\/\/www.facebook.com\/ibischool.vietnam","article_modified_time":"2024-07-09T05:39:31+00:00","twitter_card":"summary_large_image","twitter_site":"@flipped_ibi","twitter_misc":{"Est. reading time":"1 minute"},"schema":{"@context":"https:\/\/schema.org","@graph":[{"@type":"WebPage","@id":"https:\/\/ibi-global.com\/vi\/ebadges\/","url":"https:\/\/ibi-global.com\/vi\/ebadges\/","name":"eBadges - IBI Global - Vietnam","isPartOf":{"@id":"https:\/\/ibi-global.com\/vi\/#website"},"datePublished":"2023-03-28T10:24:31+00:00","dateModified":"2024-07-09T05:39:31+00:00","breadcrumb":{"@id":"https:\/\/ibi-global.com\/vi\/ebadges\/#breadcrumb"},"inLanguage":"vi-VN","potentialAction":[{"@type":"ReadAction","target":["https:\/\/ibi-global.com\/vi\/ebadges\/"]}]},{"@type":"BreadcrumbList","@id":"https:\/\/ibi-global.com\/vi\/ebadges\/#breadcrumb","itemListElement":[{"@type":"ListItem","position":1,"name":"Home","item":"https:\/\/ibi-global.com\/vi\/"},{"@type":"ListItem","position":2,"name":"eBadges"}]},{"@type":"WebSite","@id":"https:\/\/ibi-global.com\/vi\/#website","url":"https:\/\/ibi-global.com\/vi\/","name":"IBI Global - Vietnam","description":"H\u1ecdc Ti\u1ebfng Anh Th\u01b0\u01a1ng M\u1ea1i V\u00e0 K\u1ef9 N\u0103ng Kinh Doanh Online","publisher":{"@id":"https:\/\/ibi-global.com\/vi\/#organization"},"potentialAction":[{"@type":"SearchAction","target":{"@type":"EntryPoint","urlTemplate":"https:\/\/ibi-global.com\/vi\/?s={search_term_string}"},"query-input":"required name=search_term_string"}],"inLanguage":"vi-VN"},{"@type":"Organization","@id":"https:\/\/ibi-global.com\/vi\/#organization","name":"IBI Global","url":"https:\/\/ibi-global.com\/vi\/","logo":{"@type":"ImageObject","inLanguage":"vi-VN","@id":"https:\/\/ibi-global.com\/vi\/#\/schema\/logo\/image\/","url":"https:\/\/school.ibi-global.com\/wp-content\/uploads\/2023\/03\/ibi-school-logo-9168.png","contentUrl":"https:\/\/school.ibi-global.com\/wp-content\/uploads\/2023\/03\/ibi-school-logo-9168.png","width":500,"height":435,"caption":"IBI Global"},"image":{"@id":"https:\/\/ibi-global.com\/vi\/#\/schema\/logo\/image\/"},"sameAs":["https:\/\/www.facebook.com\/ibischool.vietnam","https:\/\/twitter.com\/flipped_ibi","https:\/\/vn.linkedin.com\/company\/ibi-school","https:\/\/www.youtube.com\/channel\/UClAXxp1l9MgKTQiwyGKT8QA"]}]}},"_links":{"self":[{"href":"https:\/\/ibi-global.com\/vi\/wp-json\/wp\/v2\/pages\/1634","targetHints":{"allow":["GET"]}}],"collection":[{"href":"https:\/\/ibi-global.com\/vi\/wp-json\/wp\/v2\/pages"}],"about":[{"href":"https:\/\/ibi-global.com\/vi\/wp-json\/wp\/v2\/types\/page"}],"author":[{"embeddable":true,"href":"https:\/\/ibi-global.com\/vi\/wp-json\/wp\/v2\/users\/2"}],"replies":[{"embeddable":true,"href":"https:\/\/ibi-global.com\/vi\/wp-json\/wp\/v2\/comments?post=1634"}],"version-history":[{"count":4,"href":"https:\/\/ibi-global.com\/vi\/wp-json\/wp\/v2\/pages\/1634\/revisions"}],"predecessor-version":[{"id":2249,"href":"https:\/\/ibi-global.com\/vi\/wp-json\/wp\/v2\/pages\/1634\/revisions\/2249"}],"wp:attachment":[{"href":"https:\/\/ibi-global.com\/vi\/wp-json\/wp\/v2\/media?parent=1634"}],"curies":[{"name":"wp","href":"https:\/\/api.w.org\/{rel}","templated":true}]}}