{"id":1516,"date":"2023-03-23T14:03:51","date_gmt":"2023-03-23T07:03:51","guid":{"rendered":"https:\/\/ibi-global.com\/?page_id=1516"},"modified":"2026-02-03T10:08:56","modified_gmt":"2026-02-03T03:08:56","slug":"dich-vu-e-learning","status":"publish","type":"page","link":"https:\/\/ibi-global.com\/vi\/dich-vu-e-learning\/","title":{"rendered":"D\u1ecbch v\u1ee5 e-Learning"},"content":{"rendered":"<h2><span style=\"color: #00ccff;\"><strong>D\u1ecbch v\u1ee5 e-Learning<\/strong><\/span><\/h2>\n<p>\u00a0<\/p>\n<div class=\"wysiwyg\">\n<p><span style=\"color: #efbf04; font-size: 120%;\"><strong>1. Ph\u00e1t tri\u1ec3n n\u1ed9i dung v\u00e0 thi\u1ebft kh\u00f3a h\u1ecdc (Content development &amp; Instructional design)<\/strong><\/span><\/p>\n<p style=\"text-align: justify;\">X\u00e2y d\u1ef1ng n\u1ed9i dung v\u00e0 thi\u1ebft k\u1ebf kh\u00f3a h\u1ecdc \u0111\u00f3ng vai tr\u00f2 quy\u1ebft \u0111\u1ecbnh trong s\u1ef1 th\u00e0nh c\u00f4ng c\u1ee7a m\u1ed9t kh\u00f3a h\u1ecdc eLearning. \u0110\u00f3 l\u00e0 s\u1ef1 k\u1ebft h\u1ee3p m\u1ed9t c\u00e1ch khoa h\u1ecdc gi\u1eefa ph\u01b0\u01a1ng ph\u00e1p gi\u1ea3ng d\u1ea1y v\u00e0 s\u1ef1 th\u1ea5u hi\u1ec3u \u0111\u1ed1i v\u1edbi ng\u01b0\u1eddi h\u1ecdc; gi\u1eefa ki\u1ebfn th\u1ee9c chuy\u00ean m\u00f4n v\u00e0 ki\u1ebfn th\u1ee9c x\u00e2y d\u1ef1ng v\u00e0 ph\u00e1t tri\u1ec3n m\u1ed9t kh\u00f3a h\u1ecdc eLearning; gi\u1eefa chuy\u00ean m\u00f4n v\u1ec1 thi\u1ebft k\u1ebf \u0111a ph\u01b0\u01a1ng ti\u1ec7n nh\u01b0 h\u00ecnh \u1ea3nh, info-graphic, video&#8230; k\u1ebft h\u1ee3p v\u1edbi t\u01b0 duy ngh\u1ec7 thu\u1eadt trong vi\u1ec7c x\u00e2y d\u1ef1ng c\u1ea5u tr\u00fac kh\u00f3a h\u1ecdc; gi\u1eefa m\u00f4 t\u1ea3 s\u1ef1 vi\u1ec7c v\u00e0 k\u1ec3 chuy\u1ec7n.<\/p>\n<p style=\"text-align: justify;\">V\u1edbi \u0111\u1ed9i ng\u0169 chuy\u00ean gia qu\u1ed1c t\u1ebf gi\u00e0u kinh nghi\u1ec7m v\u00e0 s\u00e1ng t\u1ea1o. IBI Global tin t\u01b0\u1edfng t\u01b0\u1edfng s\u1ebd \u0111\u1ed3ng h\u00e0nh v\u1edbi Qu\u00fd doanh nghi\u1ec7p x\u00e2y d\u1ef1ng c\u00e1c kh\u00f3a h\u1ecdc hi\u1ec7u qu\u1ea3 v\u00e0 n\u00e2ng cao n\u0103ng l\u1ef1c c\u1ea1nh tranh c\u1ee7a doanh nghi\u1ec7p.<\/p>\n<p>\u00a0<\/p>\n<p style=\"text-align: justify;\"><span style=\"color: #efbf04; font-size: 120%;\"><strong>2. Ph\u00e1t tri\u1ec3n ph\u1ea7n m\u1ec1m kh\u00f3a h\u1ecdc<\/strong><\/span><\/p>\n<p style=\"text-align: justify;\">Nh\u01b0 trong \u00e2m nh\u1ea1c, <em><strong>n\u1ebfu vi\u1ec7c ph\u00e1t tri\u1ec3n n\u1ed9i dung v\u00e0 thi\u1ebft kh\u00f3a h\u1ecdc \u0111\u01b0\u1ee3c v\u00ed nh\u01b0 vi\u1ebft l\u1eddi v\u00e0 h\u00f2a \u00e2m th\u00ec ph\u00e1t tri\u1ec3n ph\u1ea7n m\u1ec1m kh\u00f3a h\u1ecdc l\u00e0 ph\u1ed1i kh\u00ed.<\/strong><\/em><\/p>\n<p style=\"text-align: justify;\">H\u00f2a \u00e2m l\u00e0 s\u1ef1 h\u00f2a h\u1ee3p \u00e2m thanh sao cho khi ph\u00e1t ra \u0111\u01b0\u1ee3c h\u00e0i h\u00f2a, t\u00f4n l\u00ean v\u1ebb \u0111\u1eb9p c\u1ee7a t\u00e1c ph\u1ea9m th\u00ec ph\u1ed1i kh\u00ed l\u00e0 vi\u1ebft h\u00f2a \u00e2m cho t\u1eebng lo\u1ea1i nh\u1ea1c c\u1ee5 ch\u01a1i v\u1edbi nhau trong 1 t\u00e1c ph\u1ea9m.<\/p>\n<p style=\"text-align: justify;\">L\u00e0 nh\u1eefng chuy\u00ean gia \u201cph\u1ed1i kh\u00ed\u201d cho m\u1ed9t t\u00e1c ph\u1ea9m eLearning, IBI Global s\u1ebd c\u00f9ng c\u00e1c doanh nghi\u1ec7p t\u1ea1o ra nh\u1eefng t\u00e1c ph\u1ea9m gi\u00fap ng\u01b0\u1eddi h\u1ecdc <em><strong>h\u1ecdc, y\u00eau th\u00edch, th\u1ea9m th\u1ea5u v\u00e0 \u00e1p d\u1ee5ng\u00a0<\/strong><\/em>ki\u1ebfn th\u1ee9c v\u00e0o m\u00f4i tr\u01b0\u1eddng l\u00e0m vi\u1ec7c th\u1ef1c t\u1ebf m\u1ed9t c\u00e1ch linh ho\u1ea1t v\u00e0 hi\u1ec7u qu\u1ea3 nh\u1ea5t.<\/p>\n<\/div>\n<p style=\"text-align: justify;\"><strong><br \/>Li\u00ean h\u1ec7 ngay v\u1edbi ch\u00fang t\u00f4i ngay h\u00f4m nay qua email info@ibi-global.com\u00a0<\/strong><\/p>\n<p>\u00a0<\/p>\n<div class=\"wysiwyg\">\n<p style=\"text-align: justify;\">\u00a0<\/p>\n<\/div>\n","protected":false},"excerpt":{"rendered":"<p>D\u1ecbch v\u1ee5 e-Learning \u00a0 1. Ph\u00e1t tri\u1ec3n n\u1ed9i dung v\u00e0 thi\u1ebft kh\u00f3a h\u1ecdc (Content development &amp; Instructional design) X\u00e2y d\u1ef1ng n\u1ed9i dung v\u00e0 thi\u1ebft k\u1ebf kh\u00f3a h\u1ecdc \u0111\u00f3ng vai tr\u00f2 quy\u1ebft \u0111\u1ecbnh trong s\u1ef1 th\u00e0nh c\u00f4ng c\u1ee7a m\u1ed9t kh\u00f3a h\u1ecdc eLearning. \u0110\u00f3 l\u00e0 s\u1ef1 k\u1ebft h\u1ee3p m\u1ed9t c\u00e1ch khoa h\u1ecdc gi\u1eefa ph\u01b0\u01a1ng ph\u00e1p gi\u1ea3ng d\u1ea1y.. [&#8230;]\n","protected":false},"author":1,"featured_media":0,"parent":0,"menu_order":0,"comment_status":"closed","ping_status":"closed","template":"","meta":{"footnotes":""},"class_list":["post-1516","page","type-page","status-publish","hentry"],"yoast_head":"<!-- This site is optimized with the Yoast SEO plugin v20.3 - https:\/\/yoast.com\/wordpress\/plugins\/seo\/ -->\n<title>D\u1ecbch v\u1ee5 e-Learning<\/title>\n<meta name=\"description\" content=\"X\u00e2y d\u1ef1ng n\u1ed9i dung v\u00e0 thi\u1ebft k\u1ebf kh\u00f3a h\u1ecdc \u0111\u00f3ng vai tr\u00f2 quy\u1ebft \u0111\u1ecbnh trong s\u1ef1 th\u00e0nh c\u00f4ng c\u1ee7a m\u1ed9t kh\u00f3a h\u1ecdc eLearning.\" \/>\n<meta name=\"robots\" content=\"index, follow, max-snippet:-1, max-image-preview:large, max-video-preview:-1\" \/>\n<link rel=\"canonical\" href=\"https:\/\/ibi-global.com\/vi\/dich-vu-e-learning\/\" \/>\n<meta property=\"og:locale\" content=\"vi_VN\" \/>\n<meta property=\"og:type\" content=\"article\" \/>\n<meta property=\"og:title\" content=\"D\u1ecbch v\u1ee5 e-Learning\" \/>\n<meta property=\"og:description\" content=\"X\u00e2y d\u1ef1ng n\u1ed9i dung v\u00e0 thi\u1ebft k\u1ebf kh\u00f3a h\u1ecdc \u0111\u00f3ng vai tr\u00f2 quy\u1ebft \u0111\u1ecbnh trong s\u1ef1 th\u00e0nh c\u00f4ng c\u1ee7a m\u1ed9t kh\u00f3a h\u1ecdc eLearning.\" \/>\n<meta property=\"og:url\" content=\"https:\/\/ibi-global.com\/vi\/dich-vu-e-learning\/\" \/>\n<meta property=\"og:site_name\" content=\"IBI Global - Vietnam\" \/>\n<meta property=\"article:publisher\" content=\"https:\/\/www.facebook.com\/ibischool.vietnam\" \/>\n<meta property=\"article:modified_time\" content=\"2026-02-03T03:08:56+00:00\" \/>\n<meta name=\"twitter:card\" content=\"summary_large_image\" \/>\n<meta name=\"twitter:site\" content=\"@flipped_ibi\" \/>\n<meta name=\"twitter:label1\" content=\"Est. reading time\" \/>\n\t<meta name=\"twitter:data1\" content=\"2 minutes\" \/>\n<script type=\"application\/ld+json\" class=\"yoast-schema-graph\">{\"@context\":\"https:\/\/schema.org\",\"@graph\":[{\"@type\":\"WebPage\",\"@id\":\"https:\/\/ibi-global.com\/vi\/dich-vu-e-learning\/\",\"url\":\"https:\/\/ibi-global.com\/vi\/dich-vu-e-learning\/\",\"name\":\"D\u1ecbch v\u1ee5 e-Learning\",\"isPartOf\":{\"@id\":\"https:\/\/ibi-global.com\/vi\/#website\"},\"datePublished\":\"2023-03-23T07:03:51+00:00\",\"dateModified\":\"2026-02-03T03:08:56+00:00\",\"description\":\"X\u00e2y d\u1ef1ng n\u1ed9i dung v\u00e0 thi\u1ebft k\u1ebf kh\u00f3a h\u1ecdc \u0111\u00f3ng vai tr\u00f2 quy\u1ebft \u0111\u1ecbnh trong s\u1ef1 th\u00e0nh c\u00f4ng c\u1ee7a m\u1ed9t kh\u00f3a h\u1ecdc eLearning.\",\"breadcrumb\":{\"@id\":\"https:\/\/ibi-global.com\/vi\/dich-vu-e-learning\/#breadcrumb\"},\"inLanguage\":\"vi-VN\",\"potentialAction\":[{\"@type\":\"ReadAction\",\"target\":[\"https:\/\/ibi-global.com\/vi\/dich-vu-e-learning\/\"]}]},{\"@type\":\"BreadcrumbList\",\"@id\":\"https:\/\/ibi-global.com\/vi\/dich-vu-e-learning\/#breadcrumb\",\"itemListElement\":[{\"@type\":\"ListItem\",\"position\":1,\"name\":\"Home\",\"item\":\"https:\/\/ibi-global.com\/vi\/\"},{\"@type\":\"ListItem\",\"position\":2,\"name\":\"D\u1ecbch v\u1ee5 e-Learning\"}]},{\"@type\":\"WebSite\",\"@id\":\"https:\/\/ibi-global.com\/vi\/#website\",\"url\":\"https:\/\/ibi-global.com\/vi\/\",\"name\":\"IBI Global - Vietnam\",\"description\":\"H\u1ecdc Ti\u1ebfng Anh Th\u01b0\u01a1ng M\u1ea1i V\u00e0 K\u1ef9 N\u0103ng Kinh Doanh Online\",\"publisher\":{\"@id\":\"https:\/\/ibi-global.com\/vi\/#organization\"},\"potentialAction\":[{\"@type\":\"SearchAction\",\"target\":{\"@type\":\"EntryPoint\",\"urlTemplate\":\"https:\/\/ibi-global.com\/vi\/?s={search_term_string}\"},\"query-input\":\"required name=search_term_string\"}],\"inLanguage\":\"vi-VN\"},{\"@type\":\"Organization\",\"@id\":\"https:\/\/ibi-global.com\/vi\/#organization\",\"name\":\"IBI Global\",\"url\":\"https:\/\/ibi-global.com\/vi\/\",\"logo\":{\"@type\":\"ImageObject\",\"inLanguage\":\"vi-VN\",\"@id\":\"https:\/\/ibi-global.com\/vi\/#\/schema\/logo\/image\/\",\"url\":\"https:\/\/school.ibi-global.com\/wp-content\/uploads\/2023\/03\/ibi-school-logo-9168.png\",\"contentUrl\":\"https:\/\/school.ibi-global.com\/wp-content\/uploads\/2023\/03\/ibi-school-logo-9168.png\",\"width\":500,\"height\":435,\"caption\":\"IBI Global\"},\"image\":{\"@id\":\"https:\/\/ibi-global.com\/vi\/#\/schema\/logo\/image\/\"},\"sameAs\":[\"https:\/\/www.facebook.com\/ibischool.vietnam\",\"https:\/\/twitter.com\/flipped_ibi\",\"https:\/\/vn.linkedin.com\/company\/ibi-school\",\"https:\/\/www.youtube.com\/channel\/UClAXxp1l9MgKTQiwyGKT8QA\"]}]}<\/script>\n<!-- \/ Yoast SEO plugin. -->","yoast_head_json":{"title":"D\u1ecbch v\u1ee5 e-Learning","description":"X\u00e2y d\u1ef1ng n\u1ed9i dung v\u00e0 thi\u1ebft k\u1ebf kh\u00f3a h\u1ecdc \u0111\u00f3ng vai tr\u00f2 quy\u1ebft \u0111\u1ecbnh trong s\u1ef1 th\u00e0nh c\u00f4ng c\u1ee7a m\u1ed9t kh\u00f3a h\u1ecdc eLearning.","robots":{"index":"index","follow":"follow","max-snippet":"max-snippet:-1","max-image-preview":"max-image-preview:large","max-video-preview":"max-video-preview:-1"},"canonical":"https:\/\/ibi-global.com\/vi\/dich-vu-e-learning\/","og_locale":"vi_VN","og_type":"article","og_title":"D\u1ecbch v\u1ee5 e-Learning","og_description":"X\u00e2y d\u1ef1ng n\u1ed9i dung v\u00e0 thi\u1ebft k\u1ebf kh\u00f3a h\u1ecdc \u0111\u00f3ng vai tr\u00f2 quy\u1ebft \u0111\u1ecbnh trong s\u1ef1 th\u00e0nh c\u00f4ng c\u1ee7a m\u1ed9t kh\u00f3a h\u1ecdc eLearning.","og_url":"https:\/\/ibi-global.com\/vi\/dich-vu-e-learning\/","og_site_name":"IBI Global - Vietnam","article_publisher":"https:\/\/www.facebook.com\/ibischool.vietnam","article_modified_time":"2026-02-03T03:08:56+00:00","twitter_card":"summary_large_image","twitter_site":"@flipped_ibi","twitter_misc":{"Est. reading time":"2 minutes"},"schema":{"@context":"https:\/\/schema.org","@graph":[{"@type":"WebPage","@id":"https:\/\/ibi-global.com\/vi\/dich-vu-e-learning\/","url":"https:\/\/ibi-global.com\/vi\/dich-vu-e-learning\/","name":"D\u1ecbch v\u1ee5 e-Learning","isPartOf":{"@id":"https:\/\/ibi-global.com\/vi\/#website"},"datePublished":"2023-03-23T07:03:51+00:00","dateModified":"2026-02-03T03:08:56+00:00","description":"X\u00e2y d\u1ef1ng n\u1ed9i dung v\u00e0 thi\u1ebft k\u1ebf kh\u00f3a h\u1ecdc \u0111\u00f3ng vai tr\u00f2 quy\u1ebft \u0111\u1ecbnh trong s\u1ef1 th\u00e0nh c\u00f4ng c\u1ee7a m\u1ed9t kh\u00f3a h\u1ecdc eLearning.","breadcrumb":{"@id":"https:\/\/ibi-global.com\/vi\/dich-vu-e-learning\/#breadcrumb"},"inLanguage":"vi-VN","potentialAction":[{"@type":"ReadAction","target":["https:\/\/ibi-global.com\/vi\/dich-vu-e-learning\/"]}]},{"@type":"BreadcrumbList","@id":"https:\/\/ibi-global.com\/vi\/dich-vu-e-learning\/#breadcrumb","itemListElement":[{"@type":"ListItem","position":1,"name":"Home","item":"https:\/\/ibi-global.com\/vi\/"},{"@type":"ListItem","position":2,"name":"D\u1ecbch v\u1ee5 e-Learning"}]},{"@type":"WebSite","@id":"https:\/\/ibi-global.com\/vi\/#website","url":"https:\/\/ibi-global.com\/vi\/","name":"IBI Global - Vietnam","description":"H\u1ecdc Ti\u1ebfng Anh Th\u01b0\u01a1ng M\u1ea1i V\u00e0 K\u1ef9 N\u0103ng Kinh Doanh Online","publisher":{"@id":"https:\/\/ibi-global.com\/vi\/#organization"},"potentialAction":[{"@type":"SearchAction","target":{"@type":"EntryPoint","urlTemplate":"https:\/\/ibi-global.com\/vi\/?s={search_term_string}"},"query-input":"required name=search_term_string"}],"inLanguage":"vi-VN"},{"@type":"Organization","@id":"https:\/\/ibi-global.com\/vi\/#organization","name":"IBI Global","url":"https:\/\/ibi-global.com\/vi\/","logo":{"@type":"ImageObject","inLanguage":"vi-VN","@id":"https:\/\/ibi-global.com\/vi\/#\/schema\/logo\/image\/","url":"https:\/\/school.ibi-global.com\/wp-content\/uploads\/2023\/03\/ibi-school-logo-9168.png","contentUrl":"https:\/\/school.ibi-global.com\/wp-content\/uploads\/2023\/03\/ibi-school-logo-9168.png","width":500,"height":435,"caption":"IBI Global"},"image":{"@id":"https:\/\/ibi-global.com\/vi\/#\/schema\/logo\/image\/"},"sameAs":["https:\/\/www.facebook.com\/ibischool.vietnam","https:\/\/twitter.com\/flipped_ibi","https:\/\/vn.linkedin.com\/company\/ibi-school","https:\/\/www.youtube.com\/channel\/UClAXxp1l9MgKTQiwyGKT8QA"]}]}},"_links":{"self":[{"href":"https:\/\/ibi-global.com\/vi\/wp-json\/wp\/v2\/pages\/1516","targetHints":{"allow":["GET"]}}],"collection":[{"href":"https:\/\/ibi-global.com\/vi\/wp-json\/wp\/v2\/pages"}],"about":[{"href":"https:\/\/ibi-global.com\/vi\/wp-json\/wp\/v2\/types\/page"}],"author":[{"embeddable":true,"href":"https:\/\/ibi-global.com\/vi\/wp-json\/wp\/v2\/users\/1"}],"replies":[{"embeddable":true,"href":"https:\/\/ibi-global.com\/vi\/wp-json\/wp\/v2\/comments?post=1516"}],"version-history":[{"count":12,"href":"https:\/\/ibi-global.com\/vi\/wp-json\/wp\/v2\/pages\/1516\/revisions"}],"predecessor-version":[{"id":2851,"href":"https:\/\/ibi-global.com\/vi\/wp-json\/wp\/v2\/pages\/1516\/revisions\/2851"}],"wp:attachment":[{"href":"https:\/\/ibi-global.com\/vi\/wp-json\/wp\/v2\/media?parent=1516"}],"curies":[{"name":"wp","href":"https:\/\/api.w.org\/{rel}","templated":true}]}}