{"id":1510,"date":"2023-03-23T13:37:57","date_gmt":"2023-03-23T06:37:57","guid":{"rendered":"https:\/\/ibi-global.com\/?page_id=1510"},"modified":"2024-07-05T21:30:37","modified_gmt":"2024-07-05T14:30:37","slug":"eteractive-tinh-nang-tuong-tac","status":"publish","type":"page","link":"https:\/\/ibi-global.com\/vi\/eteractive-tinh-nang-tuong-tac\/","title":{"rendered":"eTeractive"},"content":{"rendered":"<h2>eTeractive (T\u00ednh n\u0103ng t\u01b0\u01a1ng t\u00e1c)<\/h2>\n<div class=\"wysiwyg\">\n<p style=\"text-align: justify;\">\u0110\u01b0\u1ee3c ph\u00e1t tri\u1ec3n b\u1edfi c\u00e1c chuy\u00ean gia IT M\u1ef9, eTeractive l\u00e0 h\u1ec7 th\u1ed1ng k\u1ef9 thu\u1eadt t\u01b0\u01a1ng t\u00e1c tr\u00ean c\u00e1c b\u00e0i h\u1ecdc v\u00e0 b\u00e0i t\u1eadp c\u1ee7a\u00a0<strong><a href=\"https:\/\/ibi-global.com\/vi\/mo-hinh-hoc\/eclasses-tu-hoc-24-7\/\">eClasses<\/a>,\u00a0<\/strong>\u0111\u01b0\u1ee3c thi\u1ebft k\u1ebf khoa h\u1ecdc ph\u1ed1i h\u1ee3p c\u00e1c video clips v\u00e0 animation gi\u00fap h\u1ecdc vi\u00ean \u0111\u1ea1t\u00a0hi\u1ec7u qu\u1ea3 qua vi\u1ec7c\u00a0<strong>\u0111\u1ecdc &#8211; nghe &#8211; c\u1ea3m nh\u1eadn &#8211; l\u1eadp l\u1ea1i c\u00f9ng l\u00fac<\/strong>\u00a0<strong>trong m\u1ed9t giao di\u1ec7n thi\u1ebft k\u1ebf khoa h\u1ecdc ho\u00e0n to\u00e0n b\u1eb1ng ti\u1ebfng Anh gi\u00fap ng\u01b0\u1eddi h\u1ecdc kh\u00f4ng th\u1ec3 ngh\u0129 \u0111\u1ebfn ti\u1ebfng m\u1eb9 \u0111\u1ebb ho\u1eb7c c\u00f3 c\u01a1 h\u1ed9i d\u1ecbch t\u1eeb ti\u1ebfng m\u1eb9 \u0111\u1ebb sang ti\u1ebfng Anh.\u00a0<\/strong>\u0110i\u1ec1u n\u00e0y \u0111\u00f3ng vai tr\u00f2 ti\u00ean quy\u1ebft trong vi\u1ec7c h\u1ecdc ngo\u1ea1i ng\u1eef th\u00e0nh c\u00f4ng.<\/p>\n<p style=\"text-align: justify;\"><strong>C\u00e1c k\u1ef9 thu\u1eadt eTeractive bao g\u1ed3m:<\/strong><\/p>\n<ul style=\"text-align: justify;\">\n<li>H\u01a1n 20 k\u1ef9 thu\u1eadt h\u1ecdc t\u01b0\u1ee3ng t\u00e1c kh\u00e1c nhau nh\u01b0: k\u00e9o, di d\u1eddi, click ch\u1ecdn, l\u01b0\u1edbt t\u1eeb\/ c\u00e2u\/ h\u00ecnh \u1ea3nh\u2026gi\u00fap ng\u01b0\u1eddi h\u1ecdc h\u1ecdc kh\u00f4ng bi\u1ebft m\u1ec7t m\u1ecfi.<\/li>\n<li>C\u00e1c ph\u1ea7n tr\u00ecnh b\u00e0y t\u01b0\u01a1ng t\u00e1c gi\u00fap ng\u01b0\u1eddi h\u1ecdc th\u1ea9m th\u1ea5u b\u00e0i h\u1ecdc.<\/li>\n<li>C\u00e1c b\u00e0i ki\u1ec3m tra ng\u1eafn gi\u00fap ng\u01b0\u1eddi h\u1ecdc ghi nh\u1edb b\u00e0i h\u1ecdc l\u00e2u h\u01a1n.<\/li>\n<li>M\u1ef9 thu\u1eadt \u0111a ph\u01b0\u01a1ng ti\u1ec7n gi\u00fap\u00a0vi\u1ec7c h\u1ecdc t\u1eadp tr\u1edf n\u00ean nh\u1eb9 nh\u00e0ng.<\/li>\n<li>C\u00e1c ho\u1ea1t \u0111\u1ed9ng h\u1ecdc t\u1eadp \u0111\u01b0\u1ee3c thi\u1ebft k\u1ebf khoa h\u1ecdc gi\u00fap ng\u01b0\u1eddi h\u1ecdc vui h\u1ecdc v\u00e0 th\u1ea9m th\u1ea5u c\u00e1c b\u00e0i h\u1ecdc m\u1ed9t c\u00e1ch t\u1ef1 nhi\u00ean<\/li>\n<\/ul>\n<p style=\"text-align: justify;\">\u00a0<\/p>\n<p style=\"text-align: justify;\">\u00a0<\/p>\n<\/div>\n","protected":false},"excerpt":{"rendered":"<p>eTeractive (T\u00ednh n\u0103ng t\u01b0\u01a1ng t\u00e1c) \u0110\u01b0\u1ee3c ph\u00e1t tri\u1ec3n b\u1edfi c\u00e1c chuy\u00ean gia IT M\u1ef9, eTeractive l\u00e0 h\u1ec7 th\u1ed1ng k\u1ef9 thu\u1eadt t\u01b0\u01a1ng t\u00e1c tr\u00ean c\u00e1c b\u00e0i h\u1ecdc v\u00e0 b\u00e0i t\u1eadp c\u1ee7a\u00a0eClasses,\u00a0\u0111\u01b0\u1ee3c thi\u1ebft k\u1ebf khoa h\u1ecdc ph\u1ed1i h\u1ee3p c\u00e1c video clips v\u00e0 animation gi\u00fap h\u1ecdc vi\u00ean \u0111\u1ea1t\u00a0hi\u1ec7u qu\u1ea3 qua vi\u1ec7c\u00a0\u0111\u1ecdc &#8211; nghe &#8211; c\u1ea3m nh\u1eadn &#8211; l\u1eadp.. [&#8230;]\n","protected":false},"author":1,"featured_media":0,"parent":0,"menu_order":0,"comment_status":"closed","ping_status":"closed","template":"","meta":{"footnotes":""},"class_list":["post-1510","page","type-page","status-publish","hentry"],"yoast_head":"<!-- This site is optimized with the Yoast SEO plugin v20.3 - https:\/\/yoast.com\/wordpress\/plugins\/seo\/ -->\n<title>eTeractive - IBI Global - Vietnam<\/title>\n<meta name=\"robots\" content=\"index, follow, max-snippet:-1, max-image-preview:large, max-video-preview:-1\" \/>\n<link rel=\"canonical\" href=\"https:\/\/ibi-global.com\/vi\/eteractive-tinh-nang-tuong-tac\/\" \/>\n<meta property=\"og:locale\" content=\"vi_VN\" \/>\n<meta property=\"og:type\" content=\"article\" \/>\n<meta property=\"og:title\" content=\"eTeractive - IBI Global - Vietnam\" \/>\n<meta property=\"og:description\" content=\"eTeractive (T\u00ednh n\u0103ng t\u01b0\u01a1ng t\u00e1c) \u0110\u01b0\u1ee3c ph\u00e1t tri\u1ec3n b\u1edfi c\u00e1c chuy\u00ean gia IT M\u1ef9, eTeractive l\u00e0 h\u1ec7 th\u1ed1ng k\u1ef9 thu\u1eadt t\u01b0\u01a1ng t\u00e1c tr\u00ean c\u00e1c b\u00e0i h\u1ecdc v\u00e0 b\u00e0i t\u1eadp c\u1ee7a\u00a0eClasses,\u00a0\u0111\u01b0\u1ee3c thi\u1ebft k\u1ebf khoa h\u1ecdc ph\u1ed1i h\u1ee3p c\u00e1c video clips v\u00e0 animation gi\u00fap h\u1ecdc vi\u00ean \u0111\u1ea1t\u00a0hi\u1ec7u qu\u1ea3 qua vi\u1ec7c\u00a0\u0111\u1ecdc &#8211; nghe &#8211; c\u1ea3m nh\u1eadn &#8211; l\u1eadp.. [...]\" \/>\n<meta property=\"og:url\" content=\"https:\/\/ibi-global.com\/vi\/eteractive-tinh-nang-tuong-tac\/\" \/>\n<meta property=\"og:site_name\" content=\"IBI Global - Vietnam\" \/>\n<meta property=\"article:publisher\" content=\"https:\/\/www.facebook.com\/ibischool.vietnam\" \/>\n<meta property=\"article:modified_time\" content=\"2024-07-05T14:30:37+00:00\" \/>\n<meta name=\"twitter:card\" content=\"summary_large_image\" \/>\n<meta name=\"twitter:site\" content=\"@flipped_ibi\" \/>\n<meta name=\"twitter:label1\" content=\"Est. reading time\" \/>\n\t<meta name=\"twitter:data1\" content=\"1 minute\" \/>\n<script type=\"application\/ld+json\" class=\"yoast-schema-graph\">{\"@context\":\"https:\/\/schema.org\",\"@graph\":[{\"@type\":\"WebPage\",\"@id\":\"https:\/\/ibi-global.com\/vi\/eteractive-tinh-nang-tuong-tac\/\",\"url\":\"https:\/\/ibi-global.com\/vi\/eteractive-tinh-nang-tuong-tac\/\",\"name\":\"eTeractive - IBI Global - Vietnam\",\"isPartOf\":{\"@id\":\"https:\/\/ibi-global.com\/vi\/#website\"},\"datePublished\":\"2023-03-23T06:37:57+00:00\",\"dateModified\":\"2024-07-05T14:30:37+00:00\",\"breadcrumb\":{\"@id\":\"https:\/\/ibi-global.com\/vi\/eteractive-tinh-nang-tuong-tac\/#breadcrumb\"},\"inLanguage\":\"vi-VN\",\"potentialAction\":[{\"@type\":\"ReadAction\",\"target\":[\"https:\/\/ibi-global.com\/vi\/eteractive-tinh-nang-tuong-tac\/\"]}]},{\"@type\":\"BreadcrumbList\",\"@id\":\"https:\/\/ibi-global.com\/vi\/eteractive-tinh-nang-tuong-tac\/#breadcrumb\",\"itemListElement\":[{\"@type\":\"ListItem\",\"position\":1,\"name\":\"Home\",\"item\":\"https:\/\/ibi-global.com\/vi\/\"},{\"@type\":\"ListItem\",\"position\":2,\"name\":\"eTeractive\"}]},{\"@type\":\"WebSite\",\"@id\":\"https:\/\/ibi-global.com\/vi\/#website\",\"url\":\"https:\/\/ibi-global.com\/vi\/\",\"name\":\"IBI Global - Vietnam\",\"description\":\"H\u1ecdc Ti\u1ebfng Anh Th\u01b0\u01a1ng M\u1ea1i V\u00e0 K\u1ef9 N\u0103ng Kinh Doanh Online\",\"publisher\":{\"@id\":\"https:\/\/ibi-global.com\/vi\/#organization\"},\"potentialAction\":[{\"@type\":\"SearchAction\",\"target\":{\"@type\":\"EntryPoint\",\"urlTemplate\":\"https:\/\/ibi-global.com\/vi\/?s={search_term_string}\"},\"query-input\":\"required name=search_term_string\"}],\"inLanguage\":\"vi-VN\"},{\"@type\":\"Organization\",\"@id\":\"https:\/\/ibi-global.com\/vi\/#organization\",\"name\":\"IBI Global\",\"url\":\"https:\/\/ibi-global.com\/vi\/\",\"logo\":{\"@type\":\"ImageObject\",\"inLanguage\":\"vi-VN\",\"@id\":\"https:\/\/ibi-global.com\/vi\/#\/schema\/logo\/image\/\",\"url\":\"https:\/\/school.ibi-global.com\/wp-content\/uploads\/2023\/03\/ibi-school-logo-9168.png\",\"contentUrl\":\"https:\/\/school.ibi-global.com\/wp-content\/uploads\/2023\/03\/ibi-school-logo-9168.png\",\"width\":500,\"height\":435,\"caption\":\"IBI Global\"},\"image\":{\"@id\":\"https:\/\/ibi-global.com\/vi\/#\/schema\/logo\/image\/\"},\"sameAs\":[\"https:\/\/www.facebook.com\/ibischool.vietnam\",\"https:\/\/twitter.com\/flipped_ibi\",\"https:\/\/vn.linkedin.com\/company\/ibi-school\",\"https:\/\/www.youtube.com\/channel\/UClAXxp1l9MgKTQiwyGKT8QA\"]}]}<\/script>\n<!-- \/ Yoast SEO plugin. -->","yoast_head_json":{"title":"eTeractive - IBI Global - Vietnam","robots":{"index":"index","follow":"follow","max-snippet":"max-snippet:-1","max-image-preview":"max-image-preview:large","max-video-preview":"max-video-preview:-1"},"canonical":"https:\/\/ibi-global.com\/vi\/eteractive-tinh-nang-tuong-tac\/","og_locale":"vi_VN","og_type":"article","og_title":"eTeractive - IBI Global - Vietnam","og_description":"eTeractive (T\u00ednh n\u0103ng t\u01b0\u01a1ng t\u00e1c) \u0110\u01b0\u1ee3c ph\u00e1t tri\u1ec3n b\u1edfi c\u00e1c chuy\u00ean gia IT M\u1ef9, eTeractive l\u00e0 h\u1ec7 th\u1ed1ng k\u1ef9 thu\u1eadt t\u01b0\u01a1ng t\u00e1c tr\u00ean c\u00e1c b\u00e0i h\u1ecdc v\u00e0 b\u00e0i t\u1eadp c\u1ee7a\u00a0eClasses,\u00a0\u0111\u01b0\u1ee3c thi\u1ebft k\u1ebf khoa h\u1ecdc ph\u1ed1i h\u1ee3p c\u00e1c video clips v\u00e0 animation gi\u00fap h\u1ecdc vi\u00ean \u0111\u1ea1t\u00a0hi\u1ec7u qu\u1ea3 qua vi\u1ec7c\u00a0\u0111\u1ecdc &#8211; nghe &#8211; c\u1ea3m nh\u1eadn &#8211; l\u1eadp.. [...]","og_url":"https:\/\/ibi-global.com\/vi\/eteractive-tinh-nang-tuong-tac\/","og_site_name":"IBI Global - Vietnam","article_publisher":"https:\/\/www.facebook.com\/ibischool.vietnam","article_modified_time":"2024-07-05T14:30:37+00:00","twitter_card":"summary_large_image","twitter_site":"@flipped_ibi","twitter_misc":{"Est. reading time":"1 minute"},"schema":{"@context":"https:\/\/schema.org","@graph":[{"@type":"WebPage","@id":"https:\/\/ibi-global.com\/vi\/eteractive-tinh-nang-tuong-tac\/","url":"https:\/\/ibi-global.com\/vi\/eteractive-tinh-nang-tuong-tac\/","name":"eTeractive - IBI Global - Vietnam","isPartOf":{"@id":"https:\/\/ibi-global.com\/vi\/#website"},"datePublished":"2023-03-23T06:37:57+00:00","dateModified":"2024-07-05T14:30:37+00:00","breadcrumb":{"@id":"https:\/\/ibi-global.com\/vi\/eteractive-tinh-nang-tuong-tac\/#breadcrumb"},"inLanguage":"vi-VN","potentialAction":[{"@type":"ReadAction","target":["https:\/\/ibi-global.com\/vi\/eteractive-tinh-nang-tuong-tac\/"]}]},{"@type":"BreadcrumbList","@id":"https:\/\/ibi-global.com\/vi\/eteractive-tinh-nang-tuong-tac\/#breadcrumb","itemListElement":[{"@type":"ListItem","position":1,"name":"Home","item":"https:\/\/ibi-global.com\/vi\/"},{"@type":"ListItem","position":2,"name":"eTeractive"}]},{"@type":"WebSite","@id":"https:\/\/ibi-global.com\/vi\/#website","url":"https:\/\/ibi-global.com\/vi\/","name":"IBI Global - Vietnam","description":"H\u1ecdc Ti\u1ebfng Anh Th\u01b0\u01a1ng M\u1ea1i V\u00e0 K\u1ef9 N\u0103ng Kinh Doanh Online","publisher":{"@id":"https:\/\/ibi-global.com\/vi\/#organization"},"potentialAction":[{"@type":"SearchAction","target":{"@type":"EntryPoint","urlTemplate":"https:\/\/ibi-global.com\/vi\/?s={search_term_string}"},"query-input":"required name=search_term_string"}],"inLanguage":"vi-VN"},{"@type":"Organization","@id":"https:\/\/ibi-global.com\/vi\/#organization","name":"IBI Global","url":"https:\/\/ibi-global.com\/vi\/","logo":{"@type":"ImageObject","inLanguage":"vi-VN","@id":"https:\/\/ibi-global.com\/vi\/#\/schema\/logo\/image\/","url":"https:\/\/school.ibi-global.com\/wp-content\/uploads\/2023\/03\/ibi-school-logo-9168.png","contentUrl":"https:\/\/school.ibi-global.com\/wp-content\/uploads\/2023\/03\/ibi-school-logo-9168.png","width":500,"height":435,"caption":"IBI Global"},"image":{"@id":"https:\/\/ibi-global.com\/vi\/#\/schema\/logo\/image\/"},"sameAs":["https:\/\/www.facebook.com\/ibischool.vietnam","https:\/\/twitter.com\/flipped_ibi","https:\/\/vn.linkedin.com\/company\/ibi-school","https:\/\/www.youtube.com\/channel\/UClAXxp1l9MgKTQiwyGKT8QA"]}]}},"_links":{"self":[{"href":"https:\/\/ibi-global.com\/vi\/wp-json\/wp\/v2\/pages\/1510","targetHints":{"allow":["GET"]}}],"collection":[{"href":"https:\/\/ibi-global.com\/vi\/wp-json\/wp\/v2\/pages"}],"about":[{"href":"https:\/\/ibi-global.com\/vi\/wp-json\/wp\/v2\/types\/page"}],"author":[{"embeddable":true,"href":"https:\/\/ibi-global.com\/vi\/wp-json\/wp\/v2\/users\/1"}],"replies":[{"embeddable":true,"href":"https:\/\/ibi-global.com\/vi\/wp-json\/wp\/v2\/comments?post=1510"}],"version-history":[{"count":7,"href":"https:\/\/ibi-global.com\/vi\/wp-json\/wp\/v2\/pages\/1510\/revisions"}],"predecessor-version":[{"id":2131,"href":"https:\/\/ibi-global.com\/vi\/wp-json\/wp\/v2\/pages\/1510\/revisions\/2131"}],"wp:attachment":[{"href":"https:\/\/ibi-global.com\/vi\/wp-json\/wp\/v2\/media?parent=1510"}],"curies":[{"name":"wp","href":"https:\/\/api.w.org\/{rel}","templated":true}]}}