{"id":1508,"date":"2023-03-23T13:37:13","date_gmt":"2023-03-23T06:37:13","guid":{"rendered":"https:\/\/ibi-global.com\/?page_id=1508"},"modified":"2024-07-09T12:38:04","modified_gmt":"2024-07-09T05:38:04","slug":"ereport-ht-bao-cao","status":"publish","type":"page","link":"https:\/\/ibi-global.com\/vi\/ereport-ht-bao-cao\/","title":{"rendered":"eReport"},"content":{"rendered":"<h2 style=\"text-align: justify;\">eReport (HT b\u00e1o c\u00e1o)<\/h2>\n<div class=\"wysiwyg\">\n<p style=\"text-align: justify;\">H\u1ec7 th\u1ed1ng b\u00e1o c\u00e1o t\u1ef1 \u0111\u1ed9ng eReport IBI s\u1ebd xu\u1ea5t c\u00e1c b\u00e1o c\u00e1o chi ti\u1ebft ph\u00e2n t\u00edch t\u1eebng k\u1ef9 n\u0103ng c\u1ee7a h\u1ecdc vi\u00ean. eReport l\u00e0 h\u1ec7 th\u1ed1ng ph\u00e2n t\u00edch khoa h\u1ecdc v\u00e0 hi\u1ec7n \u0111\u1ea1i \u0111\u01b0\u1ee3c t\u00edch h\u1ee3p nh\u1eb1m ph\u00e2n t\u00edch c\u00e1c k\u1ef9 n\u0103ng c\u1ee7a ng\u01b0\u1eddi h\u1ecdc gi\u00fap h\u1ecd th\u1ea5y \u0111\u01b0\u1ee3c \u0111i\u1ec3m m\u1ea1nh y\u1ebfu c\u1ee7a m\u00ecnh t\u1eeb \u0111\u00f3 \u0111i\u1ec1u ch\u1ec9nh \u0111\u1ec3 \u0111\u1ea1t \u0111\u01b0\u1ee3c hi\u1ec7u qu\u1ea3 t\u1ed1i \u01b0u. \u0110\u1eb7c bi\u1ec7t, h\u1ec7 th\u1ed1ng c\u00f3 ph\u00e2n quy\u1ec1n cho b\u1ed9 ph\u1eadn nh\u00e2n s\u1ef1 c\u1ee7a Qu\u00fd c\u00f4ng ty t\u1ef1 theo d\u00f5i v\u00e0 xu\u1ea5t b\u00e1o c\u00e1o c\u00e1c k\u1ef9 n\u0103ng c\u1ee7a nh\u00e2n vi\u00ean c\u00f4ng ty m\u00ecnh.<img decoding=\"async\" src=\"http:\/\/ibi-global.com\/userfiles\/kcfinder\/images\/Learning%20portal%20pics\/ereport.png\" alt=\"\" \/><\/p>\n<p style=\"text-align: justify;\">B\u1ed9 ph\u1eadn nh\u00e2n s\u1ef1 Qu\u00fd c\u00f4ng ty s\u1ebd \u0111\u01b0\u1ee3c ph\u00e2n quy\u1ec1n \u0111\u1ec3 xem b\u00e1o c\u00e1o t\u1ed5ng th\u1ec3 v\u00e0 b\u00e1o c\u00e1o tr\u00ean t\u1eebng h\u1ecdc vi\u00ean.<\/p>\n<p style=\"text-align: justify;\">\u00a0<\/p>\n<\/div>\n","protected":false},"excerpt":{"rendered":"<p>eReport (HT b\u00e1o c\u00e1o) H\u1ec7 th\u1ed1ng b\u00e1o c\u00e1o t\u1ef1 \u0111\u1ed9ng eReport IBI s\u1ebd xu\u1ea5t c\u00e1c b\u00e1o c\u00e1o chi ti\u1ebft ph\u00e2n t\u00edch t\u1eebng k\u1ef9 n\u0103ng c\u1ee7a h\u1ecdc vi\u00ean. eReport l\u00e0 h\u1ec7 th\u1ed1ng ph\u00e2n t\u00edch khoa h\u1ecdc v\u00e0 hi\u1ec7n \u0111\u1ea1i \u0111\u01b0\u1ee3c t\u00edch h\u1ee3p nh\u1eb1m ph\u00e2n t\u00edch c\u00e1c k\u1ef9 n\u0103ng c\u1ee7a ng\u01b0\u1eddi h\u1ecdc gi\u00fap h\u1ecd th\u1ea5y \u0111\u01b0\u1ee3c \u0111i\u1ec3m.. [&#8230;]\n","protected":false},"author":1,"featured_media":0,"parent":0,"menu_order":0,"comment_status":"closed","ping_status":"closed","template":"","meta":{"footnotes":""},"class_list":["post-1508","page","type-page","status-publish","hentry"],"yoast_head":"<!-- This site is optimized with the Yoast SEO plugin v20.3 - https:\/\/yoast.com\/wordpress\/plugins\/seo\/ -->\n<title>eReport - IBI Global - Vietnam<\/title>\n<meta name=\"robots\" content=\"index, follow, max-snippet:-1, max-image-preview:large, max-video-preview:-1\" \/>\n<link rel=\"canonical\" href=\"https:\/\/ibi-global.com\/vi\/ereport-ht-bao-cao\/\" \/>\n<meta property=\"og:locale\" content=\"vi_VN\" \/>\n<meta property=\"og:type\" content=\"article\" \/>\n<meta property=\"og:title\" content=\"eReport - IBI Global - Vietnam\" \/>\n<meta property=\"og:description\" content=\"eReport (HT b\u00e1o c\u00e1o) H\u1ec7 th\u1ed1ng b\u00e1o c\u00e1o t\u1ef1 \u0111\u1ed9ng eReport IBI s\u1ebd xu\u1ea5t c\u00e1c b\u00e1o c\u00e1o chi ti\u1ebft ph\u00e2n t\u00edch t\u1eebng k\u1ef9 n\u0103ng c\u1ee7a h\u1ecdc vi\u00ean. eReport l\u00e0 h\u1ec7 th\u1ed1ng ph\u00e2n t\u00edch khoa h\u1ecdc v\u00e0 hi\u1ec7n \u0111\u1ea1i \u0111\u01b0\u1ee3c t\u00edch h\u1ee3p nh\u1eb1m ph\u00e2n t\u00edch c\u00e1c k\u1ef9 n\u0103ng c\u1ee7a ng\u01b0\u1eddi h\u1ecdc gi\u00fap h\u1ecd th\u1ea5y \u0111\u01b0\u1ee3c \u0111i\u1ec3m.. [...]\" \/>\n<meta property=\"og:url\" content=\"https:\/\/ibi-global.com\/vi\/ereport-ht-bao-cao\/\" \/>\n<meta property=\"og:site_name\" content=\"IBI Global - Vietnam\" \/>\n<meta property=\"article:publisher\" content=\"https:\/\/www.facebook.com\/ibischool.vietnam\" \/>\n<meta property=\"article:modified_time\" content=\"2024-07-09T05:38:04+00:00\" \/>\n<meta property=\"og:image\" content=\"http:\/\/ibi-global.com\/userfiles\/kcfinder\/images\/Learning%20portal%20pics\/ereport.png\" \/>\n<meta name=\"twitter:card\" content=\"summary_large_image\" \/>\n<meta name=\"twitter:site\" content=\"@flipped_ibi\" \/>\n<meta name=\"twitter:label1\" content=\"Est. reading time\" \/>\n\t<meta name=\"twitter:data1\" content=\"1 minute\" \/>\n<script type=\"application\/ld+json\" class=\"yoast-schema-graph\">{\"@context\":\"https:\/\/schema.org\",\"@graph\":[{\"@type\":\"WebPage\",\"@id\":\"https:\/\/ibi-global.com\/vi\/ereport-ht-bao-cao\/\",\"url\":\"https:\/\/ibi-global.com\/vi\/ereport-ht-bao-cao\/\",\"name\":\"eReport - IBI Global - Vietnam\",\"isPartOf\":{\"@id\":\"https:\/\/ibi-global.com\/vi\/#website\"},\"datePublished\":\"2023-03-23T06:37:13+00:00\",\"dateModified\":\"2024-07-09T05:38:04+00:00\",\"breadcrumb\":{\"@id\":\"https:\/\/ibi-global.com\/vi\/ereport-ht-bao-cao\/#breadcrumb\"},\"inLanguage\":\"vi-VN\",\"potentialAction\":[{\"@type\":\"ReadAction\",\"target\":[\"https:\/\/ibi-global.com\/vi\/ereport-ht-bao-cao\/\"]}]},{\"@type\":\"BreadcrumbList\",\"@id\":\"https:\/\/ibi-global.com\/vi\/ereport-ht-bao-cao\/#breadcrumb\",\"itemListElement\":[{\"@type\":\"ListItem\",\"position\":1,\"name\":\"Home\",\"item\":\"https:\/\/ibi-global.com\/vi\/\"},{\"@type\":\"ListItem\",\"position\":2,\"name\":\"eReport\"}]},{\"@type\":\"WebSite\",\"@id\":\"https:\/\/ibi-global.com\/vi\/#website\",\"url\":\"https:\/\/ibi-global.com\/vi\/\",\"name\":\"IBI Global - Vietnam\",\"description\":\"H\u1ecdc Ti\u1ebfng Anh Th\u01b0\u01a1ng M\u1ea1i V\u00e0 K\u1ef9 N\u0103ng Kinh Doanh Online\",\"publisher\":{\"@id\":\"https:\/\/ibi-global.com\/vi\/#organization\"},\"potentialAction\":[{\"@type\":\"SearchAction\",\"target\":{\"@type\":\"EntryPoint\",\"urlTemplate\":\"https:\/\/ibi-global.com\/vi\/?s={search_term_string}\"},\"query-input\":\"required name=search_term_string\"}],\"inLanguage\":\"vi-VN\"},{\"@type\":\"Organization\",\"@id\":\"https:\/\/ibi-global.com\/vi\/#organization\",\"name\":\"IBI Global\",\"url\":\"https:\/\/ibi-global.com\/vi\/\",\"logo\":{\"@type\":\"ImageObject\",\"inLanguage\":\"vi-VN\",\"@id\":\"https:\/\/ibi-global.com\/vi\/#\/schema\/logo\/image\/\",\"url\":\"https:\/\/school.ibi-global.com\/wp-content\/uploads\/2023\/03\/ibi-school-logo-9168.png\",\"contentUrl\":\"https:\/\/school.ibi-global.com\/wp-content\/uploads\/2023\/03\/ibi-school-logo-9168.png\",\"width\":500,\"height\":435,\"caption\":\"IBI Global\"},\"image\":{\"@id\":\"https:\/\/ibi-global.com\/vi\/#\/schema\/logo\/image\/\"},\"sameAs\":[\"https:\/\/www.facebook.com\/ibischool.vietnam\",\"https:\/\/twitter.com\/flipped_ibi\",\"https:\/\/vn.linkedin.com\/company\/ibi-school\",\"https:\/\/www.youtube.com\/channel\/UClAXxp1l9MgKTQiwyGKT8QA\"]}]}<\/script>\n<!-- \/ Yoast SEO plugin. -->","yoast_head_json":{"title":"eReport - IBI Global - Vietnam","robots":{"index":"index","follow":"follow","max-snippet":"max-snippet:-1","max-image-preview":"max-image-preview:large","max-video-preview":"max-video-preview:-1"},"canonical":"https:\/\/ibi-global.com\/vi\/ereport-ht-bao-cao\/","og_locale":"vi_VN","og_type":"article","og_title":"eReport - IBI Global - Vietnam","og_description":"eReport (HT b\u00e1o c\u00e1o) H\u1ec7 th\u1ed1ng b\u00e1o c\u00e1o t\u1ef1 \u0111\u1ed9ng eReport IBI s\u1ebd xu\u1ea5t c\u00e1c b\u00e1o c\u00e1o chi ti\u1ebft ph\u00e2n t\u00edch t\u1eebng k\u1ef9 n\u0103ng c\u1ee7a h\u1ecdc vi\u00ean. eReport l\u00e0 h\u1ec7 th\u1ed1ng ph\u00e2n t\u00edch khoa h\u1ecdc v\u00e0 hi\u1ec7n \u0111\u1ea1i \u0111\u01b0\u1ee3c t\u00edch h\u1ee3p nh\u1eb1m ph\u00e2n t\u00edch c\u00e1c k\u1ef9 n\u0103ng c\u1ee7a ng\u01b0\u1eddi h\u1ecdc gi\u00fap h\u1ecd th\u1ea5y \u0111\u01b0\u1ee3c \u0111i\u1ec3m.. [...]","og_url":"https:\/\/ibi-global.com\/vi\/ereport-ht-bao-cao\/","og_site_name":"IBI Global - Vietnam","article_publisher":"https:\/\/www.facebook.com\/ibischool.vietnam","article_modified_time":"2024-07-09T05:38:04+00:00","og_image":[{"url":"http:\/\/ibi-global.com\/userfiles\/kcfinder\/images\/Learning%20portal%20pics\/ereport.png"}],"twitter_card":"summary_large_image","twitter_site":"@flipped_ibi","twitter_misc":{"Est. reading time":"1 minute"},"schema":{"@context":"https:\/\/schema.org","@graph":[{"@type":"WebPage","@id":"https:\/\/ibi-global.com\/vi\/ereport-ht-bao-cao\/","url":"https:\/\/ibi-global.com\/vi\/ereport-ht-bao-cao\/","name":"eReport - IBI Global - Vietnam","isPartOf":{"@id":"https:\/\/ibi-global.com\/vi\/#website"},"datePublished":"2023-03-23T06:37:13+00:00","dateModified":"2024-07-09T05:38:04+00:00","breadcrumb":{"@id":"https:\/\/ibi-global.com\/vi\/ereport-ht-bao-cao\/#breadcrumb"},"inLanguage":"vi-VN","potentialAction":[{"@type":"ReadAction","target":["https:\/\/ibi-global.com\/vi\/ereport-ht-bao-cao\/"]}]},{"@type":"BreadcrumbList","@id":"https:\/\/ibi-global.com\/vi\/ereport-ht-bao-cao\/#breadcrumb","itemListElement":[{"@type":"ListItem","position":1,"name":"Home","item":"https:\/\/ibi-global.com\/vi\/"},{"@type":"ListItem","position":2,"name":"eReport"}]},{"@type":"WebSite","@id":"https:\/\/ibi-global.com\/vi\/#website","url":"https:\/\/ibi-global.com\/vi\/","name":"IBI Global - Vietnam","description":"H\u1ecdc Ti\u1ebfng Anh Th\u01b0\u01a1ng M\u1ea1i V\u00e0 K\u1ef9 N\u0103ng Kinh Doanh Online","publisher":{"@id":"https:\/\/ibi-global.com\/vi\/#organization"},"potentialAction":[{"@type":"SearchAction","target":{"@type":"EntryPoint","urlTemplate":"https:\/\/ibi-global.com\/vi\/?s={search_term_string}"},"query-input":"required name=search_term_string"}],"inLanguage":"vi-VN"},{"@type":"Organization","@id":"https:\/\/ibi-global.com\/vi\/#organization","name":"IBI Global","url":"https:\/\/ibi-global.com\/vi\/","logo":{"@type":"ImageObject","inLanguage":"vi-VN","@id":"https:\/\/ibi-global.com\/vi\/#\/schema\/logo\/image\/","url":"https:\/\/school.ibi-global.com\/wp-content\/uploads\/2023\/03\/ibi-school-logo-9168.png","contentUrl":"https:\/\/school.ibi-global.com\/wp-content\/uploads\/2023\/03\/ibi-school-logo-9168.png","width":500,"height":435,"caption":"IBI Global"},"image":{"@id":"https:\/\/ibi-global.com\/vi\/#\/schema\/logo\/image\/"},"sameAs":["https:\/\/www.facebook.com\/ibischool.vietnam","https:\/\/twitter.com\/flipped_ibi","https:\/\/vn.linkedin.com\/company\/ibi-school","https:\/\/www.youtube.com\/channel\/UClAXxp1l9MgKTQiwyGKT8QA"]}]}},"_links":{"self":[{"href":"https:\/\/ibi-global.com\/vi\/wp-json\/wp\/v2\/pages\/1508","targetHints":{"allow":["GET"]}}],"collection":[{"href":"https:\/\/ibi-global.com\/vi\/wp-json\/wp\/v2\/pages"}],"about":[{"href":"https:\/\/ibi-global.com\/vi\/wp-json\/wp\/v2\/types\/page"}],"author":[{"embeddable":true,"href":"https:\/\/ibi-global.com\/vi\/wp-json\/wp\/v2\/users\/1"}],"replies":[{"embeddable":true,"href":"https:\/\/ibi-global.com\/vi\/wp-json\/wp\/v2\/comments?post=1508"}],"version-history":[{"count":5,"href":"https:\/\/ibi-global.com\/vi\/wp-json\/wp\/v2\/pages\/1508\/revisions"}],"predecessor-version":[{"id":2248,"href":"https:\/\/ibi-global.com\/vi\/wp-json\/wp\/v2\/pages\/1508\/revisions\/2248"}],"wp:attachment":[{"href":"https:\/\/ibi-global.com\/vi\/wp-json\/wp\/v2\/media?parent=1508"}],"curies":[{"name":"wp","href":"https:\/\/api.w.org\/{rel}","templated":true}]}}